{"id":17331,"date":"2026-03-29T14:34:14","date_gmt":"2026-03-29T13:34:14","guid":{"rendered":"https:\/\/bigbuy.tupique.com\/produto\/superautomatic-coffee-maker-delonghi-magnifica-s\/"},"modified":"2026-04-16T17:21:19","modified_gmt":"2026-04-16T16:21:19","slug":"superautomatic-coffee-maker-delonghi-magnifica-s","status":"publish","type":"product","link":"https:\/\/bigbuy.tupique.com\/es\/produto\/superautomatic-coffee-maker-delonghi-magnifica-s\/","title":{"rendered":"Cafeti\u00e8re superautomatique DeLonghi MAGNIFICA S"},"content":{"rendered":"<p>Si vous recherchez des \u00e9lectrom\u00e9nagers pour votre maison aux meilleurs prix, ne manquez pas <b>Cafeti\u00e8re superautomatique DeLonghi MAGNIFICA S<\/b> et une large s\u00e9lection de petits \u00e9lectrom\u00e9nagers de qualit\u00e9 !<\/p>\n<p>La <b>cafeti\u00e8re super-automatique<\/b> <b>DeLonghi ECAM 250.23.SB<\/b> repr\u00e9sente un \u00e9quilibre parfait entre design, fonctionnalit\u00e9 avanc\u00e9e et facilit\u00e9 d\u2019utilisation, id\u00e9ale pour ceux qui souhaitent savourer un espresso professionnel \u00e0 la maison sans effort. Fabriqu\u00e9e en <b>acier inoxydable<\/b> et <b>plastique<\/b> de haute qualit\u00e9, cette machine se distingue par sa finition \u00e9l\u00e9gante en <b>noir<\/b> et argent\u00e9, s\u2019int\u00e9grant parfaitement dans toute cuisine moderne. Elle dispose d\u2019un &lt;b;moulin int\u00e9gr\u00e9<\/b> qui permet de moudre les grains de caf\u00e9 \u00e0 la demande pour extraire un maximum d\u2019ar\u00f4me et de fra\u00eecheur \u00e0 chaque tasse, tout en offrant la possibilit\u00e9 d\u2019utiliser du caf\u00e9 moulu pour s\u2019adapter \u00e0 diff\u00e9rentes pr\u00e9f\u00e9rences. Son fonctionnement super-automatique simplifie la pr\u00e9paration, g\u00e9rant avec pr\u00e9cision la mouture, le tassage et l\u2019infusion pour des r\u00e9sultats constants et personnalis\u00e9s. Elle inclut un <b>bac d\u2019\u00e9gouttage amovible<\/b> facilitant le nettoyage et l\u2019entretien quotidien, ainsi qu\u2019un syst\u00e8me <b>d\u2019arr\u00eat automatique<\/b> qui contribue \u00e0 l\u2019efficacit\u00e9 \u00e9nerg\u00e9tique et \u00e0 la s\u00e9curit\u00e9 domestique. La polyvalence de la DeLonghi ECAM 250.23.SB permet de pr\u00e9parer un espresso intense ou d\u2019autres sp\u00e9cialit\u00e9s caf\u00e9 en appuyant simplement sur un bouton, r\u00e9pondant aux besoins des utilisateurs qui appr\u00e9cient la qualit\u00e9 en tasse et la commodit\u00e9 d\u2019un contr\u00f4le intuitif. Cette cafeti\u00e8re se positionne comme une option pratique et durable pour ceux qui d\u00e9sirent d\u00e9guster un caf\u00e9 fra\u00eechement moulu et des boissons personnalisables sans complication.<\/p>\n<ul>\n<li>Type: Cafeti\u00e8re superautomatique<\/li>\n<li>Produit \u00e0 brancher: Oui<\/li>\n<li>Bloc d\u2019Alimentation: r\u00e9seau \u00e9lectrique<\/li>\n<li>Couleur:\n<ul>\n<li>Noir<\/li>\n<li>Gris<\/li>\n<\/ul>\n<\/li>\n<li>Largeur:\n<ul>\n<li>24 cm<\/li>\n<li>29 cm<\/li>\n<\/ul>\n<\/li>\n<li>puissance: 1450 W<\/li>\n<li>\u00c9lev\u00e9: 36 cm<\/li>\n<li>Long: 44 cm<\/li>\n<li>Pression: 15 bar<\/li>\n<li>Capacit\u00e9:\n<ul>\n<li>250 g<\/li>\n<li>1,8 L<\/li>\n<\/ul>\n<\/li>\n<li>Mati\u00e8re: Plastique<\/li>\n<li>Niveau sonore: 44 dB<\/li>\n<\/ul>","protected":false},"excerpt":{"rendered":"<p>Si vous recherchez des \u00e9lectrom\u00e9nagers pour votre maison aux meilleurs prix, ne manquez pas Cafeti\u00e8re superautomatique DeLonghi MAGNIFICA S et une large s\u00e9lection de petits \u00e9lectrom\u00e9nagers de qualit\u00e9 ! La cafeti\u00e8re super-automatique DeLonghi ECAM 250.23.SB repr\u00e9sente un \u00e9quilibre parfait entre design, fonctionnalit\u00e9 avanc\u00e9e et facilit\u00e9 d\u2019utilisation, id\u00e9ale pour ceux qui souhaitent savourer un espresso professionnel [&hellip;]<\/p>\n","protected":false},"featured_media":17326,"comment_status":"open","ping_status":"closed","template":"","meta":[],"product_brand":[299],"product_cat":[725,60,77],"product_tag":[59,56],"class_list":{"0":"post-17331","1":"product","2":"type-product","3":"status-publish","4":"has-post-thumbnail","6":"product_brand-brandp_5487","7":"product_cat-cafetieres","8":"product_cat-cuisine-gourmet","9":"product_cat-petit-electromenager","10":"product_tag-tag_1304","11":"product_tag-tag_930","13":"first","14":"instock","15":"taxable","16":"shipping-taxable","17":"purchasable","18":"product-type-simple"},"_links":{"self":[{"href":"https:\/\/bigbuy.tupique.com\/es\/wp-json\/wp\/v2\/product\/17331","targetHints":{"allow":["GET"]}}],"collection":[{"href":"https:\/\/bigbuy.tupique.com\/es\/wp-json\/wp\/v2\/product"}],"about":[{"href":"https:\/\/bigbuy.tupique.com\/es\/wp-json\/wp\/v2\/types\/product"}],"replies":[{"embeddable":true,"href":"https:\/\/bigbuy.tupique.com\/es\/wp-json\/wp\/v2\/comments?post=17331"}],"wp:featuredmedia":[{"embeddable":true,"href":"https:\/\/bigbuy.tupique.com\/es\/wp-json\/wp\/v2\/media\/17326"}],"wp:attachment":[{"href":"https:\/\/bigbuy.tupique.com\/es\/wp-json\/wp\/v2\/media?parent=17331"}],"wp:term":[{"taxonomy":"product_brand","embeddable":true,"href":"https:\/\/bigbuy.tupique.com\/es\/wp-json\/wp\/v2\/product_brand?post=17331"},{"taxonomy":"product_cat","embeddable":true,"href":"https:\/\/bigbuy.tupique.com\/es\/wp-json\/wp\/v2\/product_cat?post=17331"},{"taxonomy":"product_tag","embeddable":true,"href":"https:\/\/bigbuy.tupique.com\/es\/wp-json\/wp\/v2\/product_tag?post=17331"}],"curies":[{"name":"wp","href":"https:\/\/api.w.org\/{rel}","templated":true}]}}