{"id":17288,"date":"2026-03-29T14:33:17","date_gmt":"2026-03-29T13:33:17","guid":{"rendered":"https:\/\/bigbuy.tupique.com\/produto\/electric-screwdriver-bosch-gdx-18v-210-c-professional-210-nm\/"},"modified":"2026-04-16T16:41:23","modified_gmt":"2026-04-16T15:41:23","slug":"electric-screwdriver-bosch-gdx-18v-210-c-professional-210-nm","status":"publish","type":"product","link":"https:\/\/bigbuy.tupique.com\/es\/produto\/electric-screwdriver-bosch-gdx-18v-210-c-professional-210-nm\/","title":{"rendered":"Tournevis \u00e9lectrique BOSCH GDX 18V-210 C Professional 210 Nm"},"content":{"rendered":"<p>Si vous aimez prendre soin de chaque d\u00e9tail de votre maison et d&#8217;\u00eatre \u00e0 la derni\u00e8re mode en mati\u00e8re de produits qui vous rendront la vie plus facile, achetez <b>Tournevis \u00e9lectrique BOSCH GDX 18V-210 C Professional 210 Nm<\/b> au meilleur prix.<\/p>\n<p>Le <b>GDX 18V-210 C Professional<\/b> de <b>BOSCH<\/b> est un <b>visseuse \u00e9lectrique<\/b> con\u00e7ue pour offrir haute performance et polyvalence dans les travaux professionnels. Il fonctionne avec une <b>alimentation sur batterie 18 V<\/b>, garantissant mobilit\u00e9 et autonomie sans c\u00e2ble, id\u00e9al pour les chantiers ou ateliers o\u00f9 la libert\u00e9 de mouvement est essentielle. Ce mod\u00e8le dispose d\u2019une <b>vitesse maximale de 3400 tr\/min<\/b>, permettant une insertion et extraction rapides des vis avec pr\u00e9cision et efficacit\u00e9. Sa construction allie un design robuste \u00e0 des finitions en <b>bleu et noir<\/b>, couleurs embl\u00e9matiques de la gamme professionnelle BOSCH, apportant r\u00e9sistance et durabilit\u00e9. Il est \u00e9galement \u00e9quip\u00e9 d\u2019un <b>clip ceinture<\/b> pratique facilitant son transport et son acc\u00e8s durant la journ\u00e9e de travail. Le GDX 18V-210 C Professional se distingue par son design compact et son ergonomie, assurant une prise en main confortable lors d\u2019utilisations prolong\u00e9es et dans les espaces restreints. Ce mod\u00e8le est livr\u00e9 complet avec des batteries haute capacit\u00e9 de 4 Ah et un chargeur, garantissant de longues dur\u00e9es d\u2019utilisation et une recharge rapide pour minimiser les temps d\u2019arr\u00eat. Gr\u00e2ce \u00e0 sa puissance et sa vitesse, il convient aussi bien pour le vissage que pour des travaux d\u2019impact l\u00e9gers, ce qui en fait un outil tr\u00e8s polyvalent dans la cat\u00e9gorie des visseuses professionnelles. En r\u00e9sum\u00e9, ce mod\u00e8le BOSCH offre un \u00e9quilibre optimal entre puissance, autonomie et design, pens\u00e9 pour les professionnels exigeant fiabilit\u00e9 et efficacit\u00e9 dans leurs outils \u00e9lectriques.<\/p>\n<ul>\n<li>Produit \u00e0 brancher: Oui<\/li>\n<li>Type de prise: Prise EU<\/li>\n<li>Inclut:\n<ul>\n<li>Porte documents<\/li>\n<li>Chargeur de batterie<\/li>\n<li>Batterie au lithium rechargeable x 4<\/li>\n<li>Batterie au lithium rechargeable<\/li>\n<\/ul>\n<\/li>\n<li>Type:\n<ul>\n<li>Tournevis<\/li>\n<li>Tournevis \u00e9lectrique<\/li>\n<\/ul>\n<\/li>\n<li>Caract\u00e9ristiques: Clip de ceinture<\/li>\n<li>Couleur:\n<ul>\n<li>Noir<\/li>\n<li>Bleu<\/li>\n<\/ul>\n<\/li>\n<li>Bloc d\u2019Alimentation:\n<ul>\n<li>r\u00e9seau \u00e9lectrique<\/li>\n<li>Batterie<\/li>\n<li>Batterie rechargeable<\/li>\n<\/ul>\n<\/li>\n<li>Tension: 18 V<\/li>\n<li>Piles incluses: Oui<\/li>\n<li>Type de batterie: Litio Ion<\/li>\n<li>Couple de serrage: 210 Nm<\/li>\n<li>vitesse: 3400 rpm<\/li>\n<\/ul>","protected":false},"excerpt":{"rendered":"<p>Si vous aimez prendre soin de chaque d\u00e9tail de votre maison et d&#8217;\u00eatre \u00e0 la derni\u00e8re mode en mati\u00e8re de produits qui vous rendront la vie plus facile, achetez Tournevis \u00e9lectrique BOSCH GDX 18V-210 C Professional 210 Nm au meilleur prix. Le GDX 18V-210 C Professional de BOSCH est un visseuse \u00e9lectrique con\u00e7ue pour offrir [&hellip;]<\/p>\n","protected":false},"featured_media":17274,"comment_status":"open","ping_status":"closed","template":"","meta":[],"product_brand":[162],"product_cat":[613,239],"product_tag":[59,210],"class_list":{"0":"post-17288","1":"product","2":"type-product","3":"status-publish","4":"has-post-thumbnail","6":"product_brand-brandp_959","7":"product_cat-bricolage-et-materiel","8":"product_cat-maison-jardin","9":"product_tag-tag_1304","10":"product_tag-tag_25","12":"first","13":"instock","14":"taxable","15":"shipping-taxable","16":"purchasable","17":"product-type-simple"},"_links":{"self":[{"href":"https:\/\/bigbuy.tupique.com\/es\/wp-json\/wp\/v2\/product\/17288","targetHints":{"allow":["GET"]}}],"collection":[{"href":"https:\/\/bigbuy.tupique.com\/es\/wp-json\/wp\/v2\/product"}],"about":[{"href":"https:\/\/bigbuy.tupique.com\/es\/wp-json\/wp\/v2\/types\/product"}],"replies":[{"embeddable":true,"href":"https:\/\/bigbuy.tupique.com\/es\/wp-json\/wp\/v2\/comments?post=17288"}],"wp:featuredmedia":[{"embeddable":true,"href":"https:\/\/bigbuy.tupique.com\/es\/wp-json\/wp\/v2\/media\/17274"}],"wp:attachment":[{"href":"https:\/\/bigbuy.tupique.com\/es\/wp-json\/wp\/v2\/media?parent=17288"}],"wp:term":[{"taxonomy":"product_brand","embeddable":true,"href":"https:\/\/bigbuy.tupique.com\/es\/wp-json\/wp\/v2\/product_brand?post=17288"},{"taxonomy":"product_cat","embeddable":true,"href":"https:\/\/bigbuy.tupique.com\/es\/wp-json\/wp\/v2\/product_cat?post=17288"},{"taxonomy":"product_tag","embeddable":true,"href":"https:\/\/bigbuy.tupique.com\/es\/wp-json\/wp\/v2\/product_tag?post=17288"}],"curies":[{"name":"wp","href":"https:\/\/api.w.org\/{rel}","templated":true}]}}