{"id":17256,"date":"2026-03-29T14:32:26","date_gmt":"2026-03-29T13:32:26","guid":{"rendered":"https:\/\/bigbuy.tupique.com\/produto\/saw-fartools-pack-large\/"},"modified":"2026-04-16T17:51:56","modified_gmt":"2026-04-16T16:51:56","slug":"saw-fartools-pack-large","status":"publish","type":"product","link":"https:\/\/bigbuy.tupique.com\/es\/produto\/saw-fartools-pack-large\/","title":{"rendered":"Ponceuse Fartools PACK LARGE"},"content":{"rendered":"<p>Si vous aimez prendre soin de chaque d\u00e9tail de votre maison et d&#8217;\u00eatre \u00e0 la derni\u00e8re mode en mati\u00e8re de produits qui vous rendront la vie plus facile, achetez <b>Ponceuse Fartools PACK LARGE<\/b> au meilleur prix.<\/p>\n<p>Le <b>PACK LARGE<\/b> de la marque <b>Fartools<\/b> est une <b>ponceuse<\/b> professionnelle con\u00e7ue pour la r\u00e9novation compl\u00e8te des surfaces de sol, particuli\u00e8rement adapt\u00e9e au travail debout sur de grandes surfaces. Ce pack complet comprend un robuste r\u00e9formateur de sol \u00e0 pied, \u00e9quip\u00e9 de s\u00e9rie de deux brosses abrasives en nylon, ainsi que de deux brosses en fil de laiton et deux brosses abrasives suppl\u00e9mentaires, permettant d\u2019adapter l\u2019outil selon le type et l\u2019\u00e9tat de la surface \u00e0 traiter. Gr\u00e2ce \u00e0 sa <b>couleur noire<\/b> et son syst\u00e8me de <b>prise EU<\/b>, il est conforme aux normes d\u2019utilisation en Europe. La machine est con\u00e7ue pour effectuer plusieurs fonctions telles que l\u2019\u00e9limination des couches superficielles, le d\u00e9graissage, le nettoyage et le pon\u00e7age sans besoin d\u2019eau ni de produits chimiques, facilitant ainsi la r\u00e9novation des terrasses en bois, dalles et parquets tout en pr\u00e9servant l\u2019int\u00e9grit\u00e9 du mat\u00e9riau. De plus, elle int\u00e8gre un <b>variateur de vitesse<\/b> qui ajuste la performance des brosses pour traiter avec pr\u00e9cision diff\u00e9rents types de sols, des plus d\u00e9licats aux plus r\u00e9sistants. L\u2019utilisation en position debout offre confort et efficacit\u00e9 pour les travaux de longue dur\u00e9e, et son niveau sonore de <b>93 dB<\/b> reste dans les normes habituelles pour ce type d\u2019\u00e9quipement professionnel. Par ses caract\u00e9ristiques techniques et sa polyvalence, ce pack est id\u00e9al pour les professionnels et les amateurs de bricolage recherchant un outil multifonction capable de r\u00e9nover de grandes surfaces avec des r\u00e9sultats professionnels sans compromettre la qualit\u00e9 de la finition. En r\u00e9sum\u00e9, le <b>PACK LARGE Fartools<\/b> se pr\u00e9sente comme une solution pratique et compl\u00e8te pour la pr\u00e9paration et la restauration de grandes surfaces de sol, alliant puissance, adaptabilit\u00e9 et facilit\u00e9 d\u2019utilisation.<\/p>\n<ul>\n<li>Produit \u00e0 brancher: Oui<\/li>\n<li>Type de prise: Prise EU<\/li>\n<li>Bloc d\u2019Alimentation: r\u00e9seau \u00e9lectrique<\/li>\n<li>Couleur: Noir<\/li>\n<\/ul>","protected":false},"excerpt":{"rendered":"<p>Si vous aimez prendre soin de chaque d\u00e9tail de votre maison et d&#8217;\u00eatre \u00e0 la derni\u00e8re mode en mati\u00e8re de produits qui vous rendront la vie plus facile, achetez Ponceuse Fartools PACK LARGE au meilleur prix. Le PACK LARGE de la marque Fartools est une ponceuse professionnelle con\u00e7ue pour la r\u00e9novation compl\u00e8te des surfaces de [&hellip;]<\/p>\n","protected":false},"featured_media":17250,"comment_status":"open","ping_status":"closed","template":"","meta":[],"product_brand":[414],"product_cat":[613,239],"product_tag":[59,210],"class_list":{"0":"post-17256","1":"product","2":"type-product","3":"status-publish","4":"has-post-thumbnail","6":"product_brand-brandp_6032","7":"product_cat-bricolage-et-materiel","8":"product_cat-maison-jardin","9":"product_tag-tag_1304","10":"product_tag-tag_25","12":"first","13":"instock","14":"taxable","15":"shipping-taxable","16":"purchasable","17":"product-type-simple"},"_links":{"self":[{"href":"https:\/\/bigbuy.tupique.com\/es\/wp-json\/wp\/v2\/product\/17256","targetHints":{"allow":["GET"]}}],"collection":[{"href":"https:\/\/bigbuy.tupique.com\/es\/wp-json\/wp\/v2\/product"}],"about":[{"href":"https:\/\/bigbuy.tupique.com\/es\/wp-json\/wp\/v2\/types\/product"}],"replies":[{"embeddable":true,"href":"https:\/\/bigbuy.tupique.com\/es\/wp-json\/wp\/v2\/comments?post=17256"}],"wp:featuredmedia":[{"embeddable":true,"href":"https:\/\/bigbuy.tupique.com\/es\/wp-json\/wp\/v2\/media\/17250"}],"wp:attachment":[{"href":"https:\/\/bigbuy.tupique.com\/es\/wp-json\/wp\/v2\/media?parent=17256"}],"wp:term":[{"taxonomy":"product_brand","embeddable":true,"href":"https:\/\/bigbuy.tupique.com\/es\/wp-json\/wp\/v2\/product_brand?post=17256"},{"taxonomy":"product_cat","embeddable":true,"href":"https:\/\/bigbuy.tupique.com\/es\/wp-json\/wp\/v2\/product_cat?post=17256"},{"taxonomy":"product_tag","embeddable":true,"href":"https:\/\/bigbuy.tupique.com\/es\/wp-json\/wp\/v2\/product_tag?post=17256"}],"curies":[{"name":"wp","href":"https:\/\/api.w.org\/{rel}","templated":true}]}}