{"id":171843,"date":"2026-04-11T07:45:30","date_gmt":"2026-04-11T06:45:30","guid":{"rendered":"https:\/\/bigbuy.tupique.com\/produto\/projector-epson-eb-x49-lcd-xga-3600-lm-2400-lm-1080-px-1024-x-768-px-white\/"},"modified":"2026-05-11T19:56:48","modified_gmt":"2026-05-11T17:56:48","slug":"projector-epson-eb-x49-lcd-xga-3600-lm-2400-lm-1080-px-1024-x-768-px-white","status":"publish","type":"product","link":"https:\/\/bigbuy.tupique.com\/es\/produto\/projector-epson-eb-x49-lcd-xga-3600-lm-2400-lm-1080-px-1024-x-768-px-white\/","title":{"rendered":"Projecteur Epson EB-X49 LCD XGA 3600 lm 2400 Lm 1080 px 1024 x 768 px Blanc"},"content":{"rendered":"<p>Si vous \u00eates passionn\u00e9 d&#8217;<b>informatique et d&#8217;\u00e9lectronique<\/b>, si vous \u00eates \u00e0 la pointe de la technologie et qu&#8217;aucun d\u00e9tail ne vous \u00e9chappe, achetez <b>Projecteur Epson EB-X49 LCD XGA 3600 lm 2400 Lm 1080 px 1024 x 768 px Blanc<\/b> au meilleur prix.<\/p>\n<ul>\n<li>Technologie: LCD<\/li>\n<li>Flux lumineux:\n<ul>\n<li>3600 lm<\/li>\n<li>2400 Lm<\/li>\n<\/ul>\n<\/li>\n<li>Caract\u00e9ristiques:\n<ul>\n<li>\u00c9cran LCD<\/li>\n<li>Zoom<\/li>\n<li>Piles incluses<\/li>\n<li>Haut-parleur int\u00e9gr\u00e9<\/li>\n<li>Un seul haut-parleur<\/li>\n<li>Haut-parleurs int\u00e9gr\u00e9s<\/li>\n<\/ul>\n<\/li>\n<li>Connexions:\n<ul>\n<li>USB 2.0<\/li>\n<li>Jack 3.5 mm<\/li>\n<li>USB B x 1<\/li>\n<li>VGA x 2<\/li>\n<li>RS-232C x 1<\/li>\n<li>RS-232<\/li>\n<li>HDMI<\/li>\n<li>Ethernet LAN<\/li>\n<li>RJ45<\/li>\n<li>USB B 2.0 x 1<\/li>\n<li>PC Audio-in x 1<\/li>\n<\/ul>\n<\/li>\n<li>Rapport d&#8217;aspect: 4:3<\/li>\n<li>Bloc d\u2019Alimentation:\n<ul>\n<li>r\u00e9seau \u00e9lectrique<\/li>\n<li>Courant alternatif<\/li>\n<\/ul>\n<\/li>\n<li>Fr\u00e9quence:\n<ul>\n<li>100 Hz &#8211; 120 Hz<\/li>\n<li>50-60 Hz<\/li>\n<\/ul>\n<\/li>\n<li>Brille:\n<ul>\n<li>3600 lm<\/li>\n<li>3600 ANSI lm<\/li>\n<\/ul>\n<\/li>\n<li>R\u00e9solution:\n<ul>\n<li>XGA<\/li>\n<li>Full HD<\/li>\n<li>LCD<\/li>\n<\/ul>\n<\/li>\n<li>Tension d&#8217;entr\u00e9e AC:\n<ul>\n<li>100-240V \/50-60Hz<\/li>\n<li>100-240 V<\/li>\n<\/ul>\n<\/li>\n<li>Dimensions approx.: 30,2 x 24,9 x 8,7 cm<\/li>\n<li>Type:\n<ul>\n<li>Projecteur<\/li>\n<li>Portable<\/li>\n<li>Lampe<\/li>\n<li>Murale<\/li>\n<li>Projecteur \u00e0 poser sur table<\/li>\n<\/ul>\n<\/li>\n<li>Couleur:\n<ul>\n<li>Blanc<\/li>\n<li>Incolore<\/li>\n<\/ul>\n<\/li>\n<li>Type de prise: Prise EU<\/li>\n<li>Produit \u00e0 brancher: Oui<\/li>\n<li>R\u00e9solution (px):\n<ul>\n<li>1024 x 768 px<\/li>\n<li>1080 px<\/li>\n<\/ul>\n<\/li>\n<li>Type de mise au point: Manuel<\/li>\n<li>Zoom: Manuel<\/li>\n<li>Haut-parleur int\u00e9gr\u00e9: 1<\/li>\n<li>C\u00e2ble: Courant alternatif<\/li>\n<li>Lumens: 3600<\/li>\n<li>Largeur: 302 mm<\/li>\n<li>Inclut:\n<ul>\n<li>USB<\/li>\n<li>VGA<\/li>\n<li>T\u00e9l\u00e9commande<\/li>\n<\/ul>\n<\/li>\n<li>Poids approx.: 2,7 Kg<\/li>\n<li>Ports: 3<\/li>\n<li>puissance:\n<ul>\n<li>5 W<\/li>\n<li>210 W<\/li>\n<\/ul>\n<\/li>\n<li>Format: 4:3<\/li>\n<li>Piles incluses: Oui<\/li>\n<li>TV intelligente: Non<\/li>\n<li>Tension: 100 &#8211; 240 V<\/li>\n<li>Niveau sonore:\n<ul>\n<li>37 dB<\/li>\n<li>28 dB<\/li>\n<\/ul>\n<\/li>\n<li>Fr\u00e9quence d&#8217;entr\u00e9e AC: 50-60 Hz<\/li>\n<li>Pr\u00e9cision (humidit\u00e9 relative): 20 % &#8211; 80 %<\/li>\n<li>Connecteurs: Kensington<\/li>\n<li>Compatible: Fixation au plafond<\/li>\n<li>\u00c9cran integr\u00e9: Non<\/li>\n<li>Rapport de contraste: 16000:1<\/li>\n<li>Full HD: Non<\/li>\n<li>Ann\u00e9e: 2021<\/li>\n<li>Echelle: 1.2:1<\/li>\n<li>Ecran: 12&#8243;-118&#8243;<\/li>\n<\/ul>\n<p><\/p>\n<p>R\u00e9alisez avec aisance vos pr\u00e9sentations gr\u00e2ce \u00e0 l\u2019\u00e9l\u00e9gant mod\u00e8le EB-X49, qui vous offre des performances exceptionnelles dans un tout remarquablement polyvalent. La long\u00e9vit\u00e9 de sa lampe et la grande fiabilit\u00e9 des produits Epson sont synonymes de s\u00e9r\u00e9nit\u00e9 et de maintenance r\u00e9duite.<\/p>\n<p><b>Un contenu lumineux et \u00e9clatant en grand format \u00e9volutif<\/b><br \/>\nProfitez de pr\u00e9sentations \u00e0 grande \u00e9chelle avec des textes nets et pr\u00e9cis, ainsi qu\u2019un contenu vid\u00e9o et des images fascinantes pouvant atteindre 300 pouces. Son incroyable luminosit\u00e9 de 3 600 lumens alli\u00e9e \u00e0 son taux de contraste \u00e9lev\u00e9 de 16 000:1 offre des performances visuelles exceptionnelles, m\u00eame dans les salles bien \u00e9clair\u00e9es.<\/p>\n<p><b>Des ann\u00e9es de r\u00e9unions sans interruption<\/b><br \/>\nSa lampe poss\u00e8de une dur\u00e9e de vie allant jusqu\u2019\u00e0 12 000 heures en mode \u00c9co.<\/p>\n<p><b>Flexibilit\u00e9 du r\u00e9glage et de l\u2019installation<\/b><br \/>\nLa correction verticale automatique et horizontale manuelle du trap\u00e8ze offre une plus grande libert\u00e9 de positionnement du projecteur dans la salle pour des images sans distorsion. Son large zoom optique conf\u00e8re \u00e9galement davantage de flexibilit\u00e9.<\/p>\n<p><b>R\u00e9seau et Wi-Fi (en option)<\/b><br \/>\nGr\u00e2ce \u00e0 sa capacit\u00e9 r\u00e9seau (via RJ45) et \u00e0 sa connectivit\u00e9 Wi-Fi en option, le mod\u00e8le EB-X49 peut \u00eatre int\u00e9gr\u00e9 \u00e0 un r\u00e9seau d\u2019entreprise ou connect\u00e9 \u00e0 un appareil sans fil ult\u00e9rieurement.<\/p>\n<p><b>Son de haute qualit\u00e9<\/b><br \/>\nCe projecteur dispose d\u2019un haut-parleur 5 W int\u00e9gr\u00e9 permettant d\u2019entendre clairement le contenu audio, sans avoir \u00e0 utiliser d\u2019enceintes externes suppl\u00e9mentaires.<\/p>\n<p><\/p>\n<ul>\n<li>Luminosit\u00e9 du projecteur: 3600 ANSI lumens<\/li>\n<li>Technologie de projection: 3LCD<\/li>\n<li>R\u00e9solution native du projecteur: XGA (1024&#215;768)<\/li>\n<li>Taux de contraste: 16000:1<\/li>\n<li>Format d&#8217;image: 4:3<\/li>\n<li>Taille d&#8217;\u00e9cran compatible: 762 &#8211; 7620 mm (30 &#8211; 300&#8243;)<\/li>\n<li>Rapports d&#8217;aspect pris en charge: 4:3<\/li>\n<li>Nombre de couleurs: 1,073 milliards de couleurs<\/li>\n<li>Luminosit\u00e9 du projecteur (mode \u00e9conomique): 2400 ANSI lumens<\/li>\n<li>Fr\u00e9quence de balayage vertical: 100 &#8211; 120 Hz<\/li>\n<li>Correction du trap\u00e8ze, horizontale: -30 &#8211; 30\u00b0<\/li>\n<li>Correction du trap\u00e8ze, verticale: -30 &#8211; 30\u00b0<\/li>\n<li>Taille de matrice: 1,4 cm (0.55&#8243;)<\/li>\n<li>Type de source lumineuse: Lampe<\/li>\n<li>Dur\u00e9e de vie de la source lumineuse: 6000 h<\/li>\n<li>Dur\u00e9e de vie de la source lumineuse (mode \u00e9conomique): 12000 h<\/li>\n<li>Type de lampe: UHE<\/li>\n<li>Puissance de la lampe: 210 W<\/li>\n<li>Mise au point: Manuel<\/li>\n<li>Longueur focale: 16.9 &#8211; 20.28 mm<\/li>\n<li>Amplitude d&#8217;ouverture: 1,49 &#8211; 1,72<\/li>\n<li>Capacit\u00e9 du zoom: Oui<\/li>\n<li>Type de zoom: Manuel<\/li>\n<li>Ratio de zoom: 1,2:1<\/li>\n<li>Ratio de projection: 1.48 &#8211; 1.77:1<\/li>\n<li>Full HD: Non<\/li>\n<li>Compatibilit\u00e9 3D: Non<\/li>\n<li>Nombre de ports VGA (D-Sub): 3<\/li>\n<li>Quantit\u00e9 de ports HDMI: 1<\/li>\n<li>Entr\u00e9e vid\u00e9o composite: 1<\/li>\n<li>Port DVI: Non<\/li>\n<li>Type d&#8217;interface s\u00e9rie: RS-232C<\/li>\n<li>Type de connecteur HDMI: Pleine taille<\/li>\n<li>Quantit\u00e9 de ports B de type USB 2.0: 1<\/li>\n<li>Entr\u00e9e audio PC: Oui<\/li>\n<li>Sortie Audio PC: Oui<\/li>\n<li>Connecteur PC int\u00e9gr\u00e9 (D-Sub): Oui<\/li>\n<li>Secteur d&#8217;entr\u00e9e d&#8217;alimentation: Oui<\/li>\n<li>Smart TV: Non<\/li>\n<li>Ethernet\/LAN: Oui<\/li>\n<li>Nombre de port ethernet LAN (RJ-45): 1<\/li>\n<li>Lecteur de cartes m\u00e9moires int\u00e9gr\u00e9: Non<\/li>\n<li>Niveau sonore: 37 dB<\/li>\n<li>Niveau sonnore (mode \u00e9conomique): 28 dB<\/li>\n<li>Modes pr\u00e9d\u00e9finis: Tableau noir, Dynamique, Pr\u00e9sentation, Th\u00e9atre, sRGB<\/li>\n<li>Affichage \u00e0 l&#8217;\u00e9cran (OSD): Oui<\/li>\n<li>Haut-parleurs int\u00e9gr\u00e9s: Oui<\/li>\n<li>Puissance \u00e9valu\u00e9e de RMS: 5 W<\/li>\n<li>Nombre de haut-parleurs int\u00e9gr\u00e9s: 1<\/li>\n<li>Type de produit: Projecteur de bureau<\/li>\n<li>position de march\u00e9: Portable<\/li>\n<li>Couleur du produit: Blanc<\/li>\n<li>Compatible avec un montage au plafond: Oui<\/li>\n<li>Port de c\u00e2ble antivol: Oui<\/li>\n<li>Type d&#8217;emplacement de verrouillage de c\u00e2ble: Kensington<\/li>\n<li>\u00c9cran integr\u00e9: Non<\/li>\n<li>Source d&#8217;alimentation: Secteur<\/li>\n<li>Consommation \u00e9lectrique typique: 327 W<\/li>\n<li>Consommation (mode \u00e9conomique): 225 W<\/li>\n<li>Tension d&#8217;entr\u00e9e AC: 100 &#8211; 240 V<\/li>\n<li>Fr\u00e9quence d&#8217;entr\u00e9e AC: 50\/60 Hz<\/li>\n<li>Temp\u00e9rature d&#8217;op\u00e9ration: 5 &#8211; 35 \u00b0C<\/li>\n<li>Temp\u00e9rature hors fonctionnement: -10 &#8211; 60 \u00b0C<\/li>\n<li>Taux d&#8217;humidit\u00e9 de fonctionnement: 20 &#8211; 80%<\/li>\n<li>Taux d&#8217;humidit\u00e9 relative (stockage): 10 &#8211; 90%<\/li>\n<li>Poids: 2,7 kg<\/li>\n<li>Largeur: 302 mm<\/li>\n<li>Profondeur: 249 mm<\/li>\n<li>Hauteur: 87 mm<\/li>\n<li>T\u00e9l\u00e9commande incluse: Oui<\/li>\n<li>Piles fournies: Oui<\/li>\n<li>C\u00e2bles inclus: Secteur, VGA<\/li>\n<\/ul>","protected":false},"excerpt":{"rendered":"<p>Si vous \u00eates passionn\u00e9 d&#8217;informatique et d&#8217;\u00e9lectronique, si vous \u00eates \u00e0 la pointe de la technologie et qu&#8217;aucun d\u00e9tail ne vous \u00e9chappe, achetez Projecteur Epson EB-X49 LCD XGA 3600 lm 2400 Lm 1080 px 1024 x 768 px Blanc au meilleur prix. Technologie: LCD Flux lumineux: 3600 lm 2400 Lm Caract\u00e9ristiques: \u00c9cran LCD Zoom Piles [&hellip;]<\/p>\n","protected":false},"featured_media":171840,"comment_status":"open","ping_status":"closed","template":"","meta":[],"product_brand":[632],"product_cat":[65,581,583],"product_tag":[],"class_list":{"0":"post-171843","1":"product","2":"type-product","3":"status-publish","4":"has-post-thumbnail","6":"product_brand-brandp_547","7":"product_cat-informatique-electronique","8":"product_cat-informatique-peripheriques-et-consommables","9":"product_cat-projecteurs","11":"first","12":"instock","13":"taxable","14":"shipping-taxable","15":"purchasable","16":"product-type-simple"},"_links":{"self":[{"href":"https:\/\/bigbuy.tupique.com\/es\/wp-json\/wp\/v2\/product\/171843","targetHints":{"allow":["GET"]}}],"collection":[{"href":"https:\/\/bigbuy.tupique.com\/es\/wp-json\/wp\/v2\/product"}],"about":[{"href":"https:\/\/bigbuy.tupique.com\/es\/wp-json\/wp\/v2\/types\/product"}],"replies":[{"embeddable":true,"href":"https:\/\/bigbuy.tupique.com\/es\/wp-json\/wp\/v2\/comments?post=171843"}],"wp:featuredmedia":[{"embeddable":true,"href":"https:\/\/bigbuy.tupique.com\/es\/wp-json\/wp\/v2\/media\/171840"}],"wp:attachment":[{"href":"https:\/\/bigbuy.tupique.com\/es\/wp-json\/wp\/v2\/media?parent=171843"}],"wp:term":[{"taxonomy":"product_brand","embeddable":true,"href":"https:\/\/bigbuy.tupique.com\/es\/wp-json\/wp\/v2\/product_brand?post=171843"},{"taxonomy":"product_cat","embeddable":true,"href":"https:\/\/bigbuy.tupique.com\/es\/wp-json\/wp\/v2\/product_cat?post=171843"},{"taxonomy":"product_tag","embeddable":true,"href":"https:\/\/bigbuy.tupique.com\/es\/wp-json\/wp\/v2\/product_tag?post=171843"}],"curies":[{"name":"wp","href":"https:\/\/api.w.org\/{rel}","templated":true}]}}