{"id":17183,"date":"2026-03-29T14:19:04","date_gmt":"2026-03-29T13:19:04","guid":{"rendered":"https:\/\/bigbuy.tupique.com\/produto\/circular-saw-bosch-06016a2106-18-v\/"},"modified":"2026-04-16T16:20:07","modified_gmt":"2026-04-16T15:20:07","slug":"circular-saw-bosch-06016a2106-18-v","status":"publish","type":"product","link":"https:\/\/bigbuy.tupique.com\/es\/produto\/circular-saw-bosch-06016a2106-18-v\/","title":{"rendered":"Scie circulaire BOSCH 06016A2106 18 V"},"content":{"rendered":"<p>Si vous aimez prendre soin de chaque d\u00e9tail de votre maison et d&#8217;\u00eatre \u00e0 la derni\u00e8re mode en mati\u00e8re de produits qui vous rendront la vie plus facile, achetez <b>Scie circulaire BOSCH 06016A2106 18 V<\/b> au meilleur prix.<\/p>\n<ul>\n<li>Couleur:\n<ul>\n<li>Noir<\/li>\n<li>Bleu<\/li>\n<\/ul>\n<\/li>\n<li>Caract\u00e9ristiques: Lumi\u00e8re LED<\/li>\n<li>Tension: 18 V<\/li>\n<li>Bloc d\u2019Alimentation: Batterie<\/li>\n<li>Fonctionne \u00e0 piles: Oui<\/li>\n<li>Inclut:\n<ul>\n<li>Batterie<\/li>\n<li>Batterie au lithium rechargeable<\/li>\n<li>Chargeur de batterie<\/li>\n<li>Housse de transport<\/li>\n<li>Lame dentel\u00e9e<\/li>\n<\/ul>\n<\/li>\n<li>Piles incluses: Oui<\/li>\n<li>Longueur de la lame du couteau: 16 cm<\/li>\n<li>Type de batterie: Litio Ion<\/li>\n<li>vitesse: 3400 rpm<\/li>\n<li>diam\u00e8tre approx.: 165 mm<\/li>\n<\/ul>","protected":false},"excerpt":{"rendered":"<p>Si vous aimez prendre soin de chaque d\u00e9tail de votre maison et d&#8217;\u00eatre \u00e0 la derni\u00e8re mode en mati\u00e8re de produits qui vous rendront la vie plus facile, achetez Scie circulaire BOSCH 06016A2106 18 V au meilleur prix. Couleur: Noir Bleu Caract\u00e9ristiques: Lumi\u00e8re LED Tension: 18 V Bloc d\u2019Alimentation: Batterie Fonctionne \u00e0 piles: Oui Inclut: [&hellip;]<\/p>\n","protected":false},"featured_media":17182,"comment_status":"open","ping_status":"closed","template":"","meta":[],"product_brand":[162],"product_cat":[613,239],"product_tag":[59,210],"class_list":{"0":"post-17183","1":"product","2":"type-product","3":"status-publish","4":"has-post-thumbnail","6":"product_brand-brandp_959","7":"product_cat-bricolage-et-materiel","8":"product_cat-maison-jardin","9":"product_tag-tag_1304","10":"product_tag-tag_25","12":"first","13":"instock","14":"taxable","15":"shipping-taxable","16":"purchasable","17":"product-type-simple"},"_links":{"self":[{"href":"https:\/\/bigbuy.tupique.com\/es\/wp-json\/wp\/v2\/product\/17183","targetHints":{"allow":["GET"]}}],"collection":[{"href":"https:\/\/bigbuy.tupique.com\/es\/wp-json\/wp\/v2\/product"}],"about":[{"href":"https:\/\/bigbuy.tupique.com\/es\/wp-json\/wp\/v2\/types\/product"}],"replies":[{"embeddable":true,"href":"https:\/\/bigbuy.tupique.com\/es\/wp-json\/wp\/v2\/comments?post=17183"}],"wp:featuredmedia":[{"embeddable":true,"href":"https:\/\/bigbuy.tupique.com\/es\/wp-json\/wp\/v2\/media\/17182"}],"wp:attachment":[{"href":"https:\/\/bigbuy.tupique.com\/es\/wp-json\/wp\/v2\/media?parent=17183"}],"wp:term":[{"taxonomy":"product_brand","embeddable":true,"href":"https:\/\/bigbuy.tupique.com\/es\/wp-json\/wp\/v2\/product_brand?post=17183"},{"taxonomy":"product_cat","embeddable":true,"href":"https:\/\/bigbuy.tupique.com\/es\/wp-json\/wp\/v2\/product_cat?post=17183"},{"taxonomy":"product_tag","embeddable":true,"href":"https:\/\/bigbuy.tupique.com\/es\/wp-json\/wp\/v2\/product_tag?post=17183"}],"curies":[{"name":"wp","href":"https:\/\/api.w.org\/{rel}","templated":true}]}}