{"id":17172,"date":"2026-03-29T14:18:48","date_gmt":"2026-03-29T13:18:48","guid":{"rendered":"https:\/\/bigbuy.tupique.com\/produto\/mattress-dormipur-180-x-200-cm\/"},"modified":"2026-04-16T22:06:05","modified_gmt":"2026-04-16T21:06:05","slug":"mattress-dormipur-180-x-200-cm","status":"publish","type":"product","link":"https:\/\/bigbuy.tupique.com\/es\/produto\/mattress-dormipur-180-x-200-cm\/","title":{"rendered":"Matelas DORMIPUR 180 x 200 cm"},"content":{"rendered":"<p>Si vous aimez prendre soin de chaque d\u00e9tail de votre maiosn et d&#8217;\u00eatre \u00e0 la derni\u00e8re mode en mati\u00e8re de produits qui vous rendront la vie plus facile, achetez <b>Matelas DORMIPUR 180 x 200 cm<\/b> au meilleur prix.<\/p>\n<p>Le <b>matelas<\/b> DORMIPUR 180&#215;200 cm est une option \u00e9quilibr\u00e9e pour ceux qui recherchent un sommeil ferme et confortable \u00e0 la maison. Avec des <b>dimensions approximatives de 180 x 200 cm<\/b> et une <b>\u00e9paisseur de 22 cm<\/b>, ce matelas est con\u00e7u pour offrir un soutien optimal gr\u00e2ce \u00e0 son noyau combin\u00e9 : une couche sup\u00e9rieure en mousse \u00e0 m\u00e9moire de forme Memo Vita\u00ae d\u2019une densit\u00e9 de <b>30 kg\/m\u00b3<\/b> qui s\u2019adapte \u00e0 la forme du corps, soulageant les points de pression et favorisant une posture saine pendant le sommeil, associ\u00e9e \u00e0 un noyau interne en mousse de polyur\u00e9thane ComfortPur\u00ae de <b>25 kg\/m\u00b3<\/b> qui apporte fermet\u00e9 et stabilit\u00e9. Son <b>niveau de fermet\u00e9 moyen<\/b> en fait un produit polyvalent adapt\u00e9 \u00e0 diff\u00e9rents profils d\u2019utilisateurs, offrant un soutien correct sans sacrifier le confort. La structure est prot\u00e9g\u00e9e par un tissu ext\u00e9rieur en <b>double jersey 100 % polyester<\/b>, r\u00e9sistant et respirant, compl\u00e9t\u00e9 sur les c\u00f4t\u00e9s par une bande en tissu 3D respirant qui facilite la ventilation interne et aide \u00e0 maintenir une temp\u00e9rature agr\u00e9able toute la nuit. De plus, ce matelas est <b>d\u00e9montable et lavable en machine<\/b>, ce qui facilite son entretien et garantit une meilleure hygi\u00e8ne dans le temps. Fabriqu\u00e9 en Europe, ce mod\u00e8le refl\u00e8te un standard de qualit\u00e9 r\u00e9pondant aux attentes de durabilit\u00e9 et de confort propres \u00e0 la marque DORMIPUR. En r\u00e9sum\u00e9, ce matelas constitue une solution fonctionnelle combinant des technologies avanc\u00e9es de mousse avec des mat\u00e9riaux respirants, id\u00e9al pour ceux qui privil\u00e9gient un repos r\u00e9parateur sur un matelas ferme et de grande taille.<\/p>\n<ul>\n<li>Mat\u00e9riel:\n<ul>\n<li>Polyur\u00e9thane<\/li>\n<li>Mousse visco\u00e9lastique<\/li>\n<li>Memory foam<\/li>\n<\/ul>\n<\/li>\n<li>Caract\u00e9ristiques:\n<ul>\n<li>Lavage en machine<\/li>\n<li>Respirant<\/li>\n<\/ul>\n<\/li>\n<li>Composition: 100 % polyester<\/li>\n<li>Type: Matelas<\/li>\n<li>Dimensions approx.: 180 x 200 cm<\/li>\n<li>Couleur: Blanc<\/li>\n<\/ul>","protected":false},"excerpt":{"rendered":"<p>Si vous aimez prendre soin de chaque d\u00e9tail de votre maiosn et d&#8217;\u00eatre \u00e0 la derni\u00e8re mode en mati\u00e8re de produits qui vous rendront la vie plus facile, achetez Matelas DORMIPUR 180 x 200 cm au meilleur prix. Le matelas DORMIPUR 180&#215;200 cm est une option \u00e9quilibr\u00e9e pour ceux qui recherchent un sommeil ferme et [&hellip;]<\/p>\n","protected":false},"featured_media":17170,"comment_status":"open","ping_status":"closed","template":"","meta":[],"product_brand":[858],"product_cat":[239,785,784],"product_tag":[59],"class_list":{"0":"post-17172","1":"product","2":"type-product","3":"status-publish","4":"has-post-thumbnail","6":"product_brand-brandp_6147","7":"product_cat-maison-jardin","8":"product_cat-matelas","9":"product_cat-repos","10":"product_tag-tag_1304","12":"first","13":"instock","14":"taxable","15":"shipping-taxable","16":"purchasable","17":"product-type-simple"},"_links":{"self":[{"href":"https:\/\/bigbuy.tupique.com\/es\/wp-json\/wp\/v2\/product\/17172","targetHints":{"allow":["GET"]}}],"collection":[{"href":"https:\/\/bigbuy.tupique.com\/es\/wp-json\/wp\/v2\/product"}],"about":[{"href":"https:\/\/bigbuy.tupique.com\/es\/wp-json\/wp\/v2\/types\/product"}],"replies":[{"embeddable":true,"href":"https:\/\/bigbuy.tupique.com\/es\/wp-json\/wp\/v2\/comments?post=17172"}],"wp:featuredmedia":[{"embeddable":true,"href":"https:\/\/bigbuy.tupique.com\/es\/wp-json\/wp\/v2\/media\/17170"}],"wp:attachment":[{"href":"https:\/\/bigbuy.tupique.com\/es\/wp-json\/wp\/v2\/media?parent=17172"}],"wp:term":[{"taxonomy":"product_brand","embeddable":true,"href":"https:\/\/bigbuy.tupique.com\/es\/wp-json\/wp\/v2\/product_brand?post=17172"},{"taxonomy":"product_cat","embeddable":true,"href":"https:\/\/bigbuy.tupique.com\/es\/wp-json\/wp\/v2\/product_cat?post=17172"},{"taxonomy":"product_tag","embeddable":true,"href":"https:\/\/bigbuy.tupique.com\/es\/wp-json\/wp\/v2\/product_tag?post=17172"}],"curies":[{"name":"wp","href":"https:\/\/api.w.org\/{rel}","templated":true}]}}