{"id":17143,"date":"2026-03-29T14:18:02","date_gmt":"2026-03-29T13:18:02","guid":{"rendered":"https:\/\/bigbuy.tupique.com\/produto\/drill-drivers-bosch-professional-gsb-18v-28-18-v-63-nm-28-nm\/"},"modified":"2026-04-16T16:20:05","modified_gmt":"2026-04-16T15:20:05","slug":"drill-drivers-bosch-professional-gsb-18v-28-18-v-63-nm-28-nm","status":"publish","type":"product","link":"https:\/\/bigbuy.tupique.com\/es\/produto\/drill-drivers-bosch-professional-gsb-18v-28-18-v-63-nm-28-nm\/","title":{"rendered":"Perceuse visseuse BOSCH Professional GSB 18V-28 18 V 63 Nm 28 Nm"},"content":{"rendered":"<p>Si vous aimez prendre soin de chaque d\u00e9tail de votre maison et d&#8217;\u00eatre \u00e0 la derni\u00e8re mode en mati\u00e8re de produits qui vous rendront la vie plus facile, achetez <b>Perceuse visseuse BOSCH Professional GSB 18V-28 18 V 63 Nm 28 Nm<\/b> au meilleur prix.<\/p>\n<ul>\n<li>Produit \u00e0 brancher: Oui<\/li>\n<li>Type de prise: Prise EU<\/li>\n<li>Inclut:\n<ul>\n<li>Porte documents<\/li>\n<li>Chargeur de batterie<\/li>\n<li>Batterie au lithium rechargeable x 2<\/li>\n<li>Batterie au lithium rechargeable<\/li>\n<\/ul>\n<\/li>\n<li>Couleur:\n<ul>\n<li>Noir<\/li>\n<li>Bleu<\/li>\n<\/ul>\n<\/li>\n<li>Bloc d\u2019Alimentation:\n<ul>\n<li>r\u00e9seau \u00e9lectrique<\/li>\n<li>Batterie<\/li>\n<li>Batterie rechargeable<\/li>\n<\/ul>\n<\/li>\n<li>Capacit\u00e9 de la batterie: 4 Ah<\/li>\n<li>Batterie: Lithium-ion<\/li>\n<li>Tension: 18 V<\/li>\n<li>Piles incluses: Oui<\/li>\n<li>Caract\u00e9ristiques: Adh\u00e9sion douce<\/li>\n<li>vitesse: 1900 rpm<\/li>\n<li>Type de batterie: Litio Ion<\/li>\n<li>diam\u00e8tre approx.: \u00d8 13 mm<\/li>\n<li>Couple de serrage: 28 Nm<\/li>\n<\/ul>","protected":false},"excerpt":{"rendered":"<p>Si vous aimez prendre soin de chaque d\u00e9tail de votre maison et d&#8217;\u00eatre \u00e0 la derni\u00e8re mode en mati\u00e8re de produits qui vous rendront la vie plus facile, achetez Perceuse visseuse BOSCH Professional GSB 18V-28 18 V 63 Nm 28 Nm au meilleur prix. Produit \u00e0 brancher: Oui Type de prise: Prise EU Inclut: Porte [&hellip;]<\/p>\n","protected":false},"featured_media":17139,"comment_status":"open","ping_status":"closed","template":"","meta":[],"product_brand":[162],"product_cat":[613,239],"product_tag":[59,210],"class_list":{"0":"post-17143","1":"product","2":"type-product","3":"status-publish","4":"has-post-thumbnail","6":"product_brand-brandp_959","7":"product_cat-bricolage-et-materiel","8":"product_cat-maison-jardin","9":"product_tag-tag_1304","10":"product_tag-tag_25","12":"first","13":"instock","14":"taxable","15":"shipping-taxable","16":"purchasable","17":"product-type-simple"},"_links":{"self":[{"href":"https:\/\/bigbuy.tupique.com\/es\/wp-json\/wp\/v2\/product\/17143","targetHints":{"allow":["GET"]}}],"collection":[{"href":"https:\/\/bigbuy.tupique.com\/es\/wp-json\/wp\/v2\/product"}],"about":[{"href":"https:\/\/bigbuy.tupique.com\/es\/wp-json\/wp\/v2\/types\/product"}],"replies":[{"embeddable":true,"href":"https:\/\/bigbuy.tupique.com\/es\/wp-json\/wp\/v2\/comments?post=17143"}],"wp:featuredmedia":[{"embeddable":true,"href":"https:\/\/bigbuy.tupique.com\/es\/wp-json\/wp\/v2\/media\/17139"}],"wp:attachment":[{"href":"https:\/\/bigbuy.tupique.com\/es\/wp-json\/wp\/v2\/media?parent=17143"}],"wp:term":[{"taxonomy":"product_brand","embeddable":true,"href":"https:\/\/bigbuy.tupique.com\/es\/wp-json\/wp\/v2\/product_brand?post=17143"},{"taxonomy":"product_cat","embeddable":true,"href":"https:\/\/bigbuy.tupique.com\/es\/wp-json\/wp\/v2\/product_cat?post=17143"},{"taxonomy":"product_tag","embeddable":true,"href":"https:\/\/bigbuy.tupique.com\/es\/wp-json\/wp\/v2\/product_tag?post=17143"}],"curies":[{"name":"wp","href":"https:\/\/api.w.org\/{rel}","templated":true}]}}