{"id":17138,"date":"2026-03-29T14:17:55","date_gmt":"2026-03-29T13:17:55","guid":{"rendered":"https:\/\/bigbuy.tupique.com\/produto\/drill-drivers-bosch-professional-flexiclic-gsr-12v-15-12-v\/"},"modified":"2026-04-16T16:45:48","modified_gmt":"2026-04-16T15:45:48","slug":"drill-drivers-bosch-professional-flexiclic-gsr-12v-15-12-v","status":"publish","type":"product","link":"https:\/\/bigbuy.tupique.com\/es\/produto\/drill-drivers-bosch-professional-flexiclic-gsr-12v-15-12-v\/","title":{"rendered":"Perceuse visseuse BOSCH Professional Flexiclic GSR 12V-15 12 V"},"content":{"rendered":"<p>Si vous aimez prendre soin de chaque d\u00e9tail de votre maison et d&#8217;\u00eatre \u00e0 la derni\u00e8re mode en mati\u00e8re de produits qui vous rendront la vie plus facile, achetez <b>Perceuse visseuse BOSCH Professional Flexiclic GSR 12V-15 12 V<\/b> au meilleur prix.<\/p>\n<p>Le <b>perceuse-visseuse<\/b> <b>BOSCH Professional Flexiclic GSR 12V-15<\/b> est un outil compact et polyvalent con\u00e7u pour offrir une efficacit\u00e9 maximale dans les travaux de bricolage et un usage professionnel. Il se distingue par son <b>voltage de 12 V<\/b> qui assure un \u00e9quilibre optimal entre puissance et maniabilit\u00e9, permettant des per\u00e7ages et vissages pr\u00e9cis et contr\u00f4l\u00e9s. Il est \u00e9quip\u00e9 d\u2019une <b>batterie de 2 Ah<\/b> offrant une bonne autonomie, facilitant la mobilit\u00e9 sans d\u00e9pendre d\u2019une connexion \u00e9lectrique directe. Son design en <b>bleu<\/b> int\u00e8gre le syst\u00e8me Flexiclic, qui permet de changer facilement les accessoires et de l\u2019adapter \u00e0 diff\u00e9rentes t\u00e2ches sans perdre de temps. De plus, la perceuse est fournie avec une <b>valise<\/b> pour un transport et un rangement s\u00e9curis\u00e9s, ainsi qu\u2019un <b>chargeur de batterie<\/b>, garantissant qu\u2019elle soit toujours pr\u00eate \u00e0 l\u2019emploi. Son alimentation par batterie et la technologie Bosch assurent une performance constante et efficace sur une large vari\u00e9t\u00e9 de surfaces et mat\u00e9riaux, id\u00e9ale pour les professionnels recherchant des outils l\u00e9gers, portables et fiables. Ce mod\u00e8le allie ergonomie et fonctionnalit\u00e9, devenant un alli\u00e9 indispensable pour les montages, r\u00e9parations ou constructions avec confort et efficacit\u00e9. En r\u00e9sum\u00e9, le <b>Professional Flexiclic GSR 12V-15<\/b> repr\u00e9sente une solution \u00e9quilibr\u00e9e dans la cat\u00e9gorie des perceuses-visseuses pour ceux qui recherchent qualit\u00e9, praticit\u00e9 et autonomie dans leur \u00e9quipement de travail.<\/p>\n<ul>\n<li>Produit \u00e0 brancher: Oui<\/li>\n<li>Type de prise: Prise EU<\/li>\n<li>Inclut:\n<ul>\n<li>Chargeur de batterie<\/li>\n<li>Batterie au lithium rechargeable x 2<\/li>\n<li>Porte documents<\/li>\n<li>Mandrin de perceuse x 4<\/li>\n<\/ul>\n<\/li>\n<li>Bloc d\u2019Alimentation:\n<ul>\n<li>r\u00e9seau \u00e9lectrique<\/li>\n<li>Batterie<\/li>\n<li>Batterie rechargeable<\/li>\n<\/ul>\n<\/li>\n<li>Couleur: Bleu<\/li>\n<li>Capacit\u00e9 de la batterie: 2 Ah<\/li>\n<li>Tension: 12 V<\/li>\n<li>Type de batterie: Litio Ion<\/li>\n<\/ul>","protected":false},"excerpt":{"rendered":"<p>Si vous aimez prendre soin de chaque d\u00e9tail de votre maison et d&#8217;\u00eatre \u00e0 la derni\u00e8re mode en mati\u00e8re de produits qui vous rendront la vie plus facile, achetez Perceuse visseuse BOSCH Professional Flexiclic GSR 12V-15 12 V au meilleur prix. Le perceuse-visseuse BOSCH Professional Flexiclic GSR 12V-15 est un outil compact et polyvalent con\u00e7u [&hellip;]<\/p>\n","protected":false},"featured_media":17130,"comment_status":"open","ping_status":"closed","template":"","meta":[],"product_brand":[162],"product_cat":[613,239],"product_tag":[59,210],"class_list":{"0":"post-17138","1":"product","2":"type-product","3":"status-publish","4":"has-post-thumbnail","6":"product_brand-brandp_959","7":"product_cat-bricolage-et-materiel","8":"product_cat-maison-jardin","9":"product_tag-tag_1304","10":"product_tag-tag_25","12":"first","13":"instock","14":"taxable","15":"shipping-taxable","16":"purchasable","17":"product-type-simple"},"_links":{"self":[{"href":"https:\/\/bigbuy.tupique.com\/es\/wp-json\/wp\/v2\/product\/17138","targetHints":{"allow":["GET"]}}],"collection":[{"href":"https:\/\/bigbuy.tupique.com\/es\/wp-json\/wp\/v2\/product"}],"about":[{"href":"https:\/\/bigbuy.tupique.com\/es\/wp-json\/wp\/v2\/types\/product"}],"replies":[{"embeddable":true,"href":"https:\/\/bigbuy.tupique.com\/es\/wp-json\/wp\/v2\/comments?post=17138"}],"wp:featuredmedia":[{"embeddable":true,"href":"https:\/\/bigbuy.tupique.com\/es\/wp-json\/wp\/v2\/media\/17130"}],"wp:attachment":[{"href":"https:\/\/bigbuy.tupique.com\/es\/wp-json\/wp\/v2\/media?parent=17138"}],"wp:term":[{"taxonomy":"product_brand","embeddable":true,"href":"https:\/\/bigbuy.tupique.com\/es\/wp-json\/wp\/v2\/product_brand?post=17138"},{"taxonomy":"product_cat","embeddable":true,"href":"https:\/\/bigbuy.tupique.com\/es\/wp-json\/wp\/v2\/product_cat?post=17138"},{"taxonomy":"product_tag","embeddable":true,"href":"https:\/\/bigbuy.tupique.com\/es\/wp-json\/wp\/v2\/product_tag?post=17138"}],"curies":[{"name":"wp","href":"https:\/\/api.w.org\/{rel}","templated":true}]}}