{"id":17129,"date":"2026-03-29T14:17:41","date_gmt":"2026-03-29T13:17:41","guid":{"rendered":"https:\/\/bigbuy.tupique.com\/produto\/tv-mount-startech-wkstncart-8-kg\/"},"modified":"2026-04-15T00:48:51","modified_gmt":"2026-04-14T23:48:51","slug":"tv-mount-startech-wkstncart-8-kg","status":"publish","type":"product","link":"https:\/\/bigbuy.tupique.com\/es\/produto\/tv-mount-startech-wkstncart-8-kg\/","title":{"rendered":"Support de TV Startech WKSTNCART 8 kg"},"content":{"rendered":"<p>Si vous \u00eates passionn\u00e9 d&#8217;<b>informatique et d&#8217;\u00e9lectronique<\/b>, si vous \u00eates \u00e0 la pointe de la technologie et qu&#8217;aucun d\u00e9tail ne vous \u00e9chappe, achetez <b>Support de TV Startech WKSTNCART 8 kg<\/b> au meilleur prix.<\/p>\n<ul>\n<li>Caract\u00e9ristiques:\n<ul>\n<li>R\u00e9glable<\/li>\n<li>4 roues pour facilit\u00e9 son d\u00e9placement<\/li>\n<li>Inclinable<\/li>\n<li>1 tiroir<\/li>\n<\/ul>\n<\/li>\n<li>Type: Support de TV<\/li>\n<li>Inclut:\n<ul>\n<li>Vis<\/li>\n<li>Manuel de l&#8217;utilisateur<\/li>\n<\/ul>\n<\/li>\n<li>Couleur: Noir<\/li>\n<li>Compatible:\n<ul>\n<li>VESA 75 x 75 mm<\/li>\n<li>VESA 100 x 100 mm<\/li>\n<\/ul>\n<\/li>\n<li>Poids Max. support\u00e9: 8 kg<\/li>\n<li>Mati\u00e8re: Acier<\/li>\n<li>Ann\u00e9e: 2018<\/li>\n<li>N\u00e9cessite un montage: Oui<\/li>\n<li>roues: 4<\/li>\n<li>Poids approx.: 18 kg<\/li>\n<li>VESA: 10 x 10 cm<\/li>\n<li>Angle: 360\u00ba<\/li>\n<li>Certificat: CE &#8211; RoHS<\/li>\n<\/ul>","protected":false},"excerpt":{"rendered":"<p>Si vous \u00eates passionn\u00e9 d&#8217;informatique et d&#8217;\u00e9lectronique, si vous \u00eates \u00e0 la pointe de la technologie et qu&#8217;aucun d\u00e9tail ne vous \u00e9chappe, achetez Support de TV Startech WKSTNCART 8 kg au meilleur prix. Caract\u00e9ristiques: R\u00e9glable 4 roues pour facilit\u00e9 son d\u00e9placement Inclinable 1 tiroir Type: Support de TV Inclut: Vis Manuel de l&#8217;utilisateur Couleur: Noir [&hellip;]<\/p>\n","protected":false},"featured_media":17128,"comment_status":"open","ping_status":"closed","template":"","meta":[],"product_brand":[634],"product_cat":[589,65,590],"product_tag":[210],"class_list":{"0":"post-17129","1":"product","2":"type-product","3":"status-publish","4":"has-post-thumbnail","6":"product_brand-brandp_4771","7":"product_cat-electronique-television","8":"product_cat-informatique-electronique","9":"product_cat-supports-de-television","10":"product_tag-tag_25","12":"first","13":"instock","14":"taxable","15":"shipping-taxable","16":"purchasable","17":"product-type-simple"},"_links":{"self":[{"href":"https:\/\/bigbuy.tupique.com\/es\/wp-json\/wp\/v2\/product\/17129","targetHints":{"allow":["GET"]}}],"collection":[{"href":"https:\/\/bigbuy.tupique.com\/es\/wp-json\/wp\/v2\/product"}],"about":[{"href":"https:\/\/bigbuy.tupique.com\/es\/wp-json\/wp\/v2\/types\/product"}],"replies":[{"embeddable":true,"href":"https:\/\/bigbuy.tupique.com\/es\/wp-json\/wp\/v2\/comments?post=17129"}],"wp:featuredmedia":[{"embeddable":true,"href":"https:\/\/bigbuy.tupique.com\/es\/wp-json\/wp\/v2\/media\/17128"}],"wp:attachment":[{"href":"https:\/\/bigbuy.tupique.com\/es\/wp-json\/wp\/v2\/media?parent=17129"}],"wp:term":[{"taxonomy":"product_brand","embeddable":true,"href":"https:\/\/bigbuy.tupique.com\/es\/wp-json\/wp\/v2\/product_brand?post=17129"},{"taxonomy":"product_cat","embeddable":true,"href":"https:\/\/bigbuy.tupique.com\/es\/wp-json\/wp\/v2\/product_cat?post=17129"},{"taxonomy":"product_tag","embeddable":true,"href":"https:\/\/bigbuy.tupique.com\/es\/wp-json\/wp\/v2\/product_tag?post=17129"}],"curies":[{"name":"wp","href":"https:\/\/api.w.org\/{rel}","templated":true}]}}