{"id":17081,"date":"2026-03-29T14:16:33","date_gmt":"2026-03-29T13:16:33","guid":{"rendered":"https:\/\/bigbuy.tupique.com\/produto\/vertical-steam-iron-braun-is7262-carestyle-7-pro-2700-w\/"},"modified":"2026-04-16T16:45:50","modified_gmt":"2026-04-16T15:45:50","slug":"vertical-steam-iron-braun-is7262-carestyle-7-pro-2700-w","status":"publish","type":"product","link":"https:\/\/bigbuy.tupique.com\/es\/produto\/vertical-steam-iron-braun-is7262-carestyle-7-pro-2700-w\/","title":{"rendered":"Fer \u00e0 vapeur vertical Braun IS7262 CARESTYLE 7 PRO 2700 W"},"content":{"rendered":"<p>Si vous recherchez des \u00e9lectrom\u00e9nagers pour votre maison aux meilleurs prix, ne manquez pas <b>Fer \u00e0 vapeur vertical Braun IS7262 CARESTYLE 7 PRO 2700 W<\/b> et une large s\u00e9lection de petits \u00e9lectrom\u00e9nagers de qualit\u00e9 !<\/p>\n<p>La <b>centrale vapeur verticale IS7262 Carestyle 7 Pro<\/b> de <b>Braun<\/b> est con\u00e7ue pour offrir une performance professionnelle dans l\u2019entretien des v\u00eatements, alliant puissance et technologie avanc\u00e9e pour un repassage efficace et confortable. Avec une <b>puissance de 2700 W<\/b> et un d\u00e9bit de <b>vapeur constant de 150 g\/min<\/b>, cette centrale facilite l\u2019\u00e9limination rapide des plis, m\u00eame sur les tissus difficiles, garantissant un r\u00e9sultat uniforme et une finition impeccable. Son syst\u00e8me de <b>r\u00e9servoir d\u2019eau amovible<\/b> permet un remplissage facile pendant l\u2019utilisation, tandis que la fonction de <b>mise hors tension automatique<\/b> assure s\u00e9curit\u00e9 et \u00e9conomie d\u2019\u00e9nergie. Fabriqu\u00e9e en mat\u00e9riaux tels que <b>acier galvanis\u00e9<\/b> avec une finition <b>gris<\/b>, elle allie robustesse et design sobre, s\u2019adaptant \u00e0 tout environnement domestique ou professionnel. Elle int\u00e8gre \u00e9galement des technologies <b>ECO<\/b> pour optimiser la consommation et un syst\u00e8me <b>anti-goutte<\/b> qui \u00e9vite les taches sur les v\u00eatements. Son thermostat automatique r\u00e9gule la temp\u00e9rature id\u00e9ale pour chaque type de tissu, prot\u00e9geant les mat\u00e9riaux d\u00e9licats et prolongeant leur dur\u00e9e de vie. Cette centrale verticale se distingue par sa polyvalence, permettant une utilisation aussi bien en position horizontale que verticale, facilitant le repassage de rideaux, costumes et v\u00eatements suspendus. En r\u00e9sum\u00e9, la <b>Braun IS7262 Carestyle 7 Pro<\/b> est une solution avanc\u00e9e et pratique pour ceux qui recherchent efficacit\u00e9, soin et s\u00e9curit\u00e9 dans un appareil de repassage vapeur haut de gamme.<\/p>\n<ul>\n<li>Vapeur continue: 150 g\/min<\/li>\n<li>puissance: 2700 W<\/li>\n<li>Type: Fer \u00e0 vapeur<\/li>\n<li>Tension: 240 V<\/li>\n<\/ul>","protected":false},"excerpt":{"rendered":"<p><span class=\"unit-info\">139.4950 &euro; \/ 1 l<\/span><\/p>","protected":false},"featured_media":17075,"comment_status":"open","ping_status":"closed","template":"","meta":[],"product_brand":[854],"product_cat":[239,240,751],"product_tag":[59,56],"class_list":{"0":"post-17081","1":"product","2":"type-product","3":"status-publish","4":"has-post-thumbnail","6":"product_brand-brandp_906","7":"product_cat-maison-jardin","8":"product_cat-nettoyage-aspirateur-et-repassage","9":"product_cat-seche-linge-fers-a-repasser-sechoirs","10":"product_tag-tag_1304","11":"product_tag-tag_930","13":"first","14":"instock","15":"taxable","16":"shipping-taxable","17":"purchasable","18":"product-type-simple"},"_links":{"self":[{"href":"https:\/\/bigbuy.tupique.com\/es\/wp-json\/wp\/v2\/product\/17081","targetHints":{"allow":["GET"]}}],"collection":[{"href":"https:\/\/bigbuy.tupique.com\/es\/wp-json\/wp\/v2\/product"}],"about":[{"href":"https:\/\/bigbuy.tupique.com\/es\/wp-json\/wp\/v2\/types\/product"}],"replies":[{"embeddable":true,"href":"https:\/\/bigbuy.tupique.com\/es\/wp-json\/wp\/v2\/comments?post=17081"}],"wp:featuredmedia":[{"embeddable":true,"href":"https:\/\/bigbuy.tupique.com\/es\/wp-json\/wp\/v2\/media\/17075"}],"wp:attachment":[{"href":"https:\/\/bigbuy.tupique.com\/es\/wp-json\/wp\/v2\/media?parent=17081"}],"wp:term":[{"taxonomy":"product_brand","embeddable":true,"href":"https:\/\/bigbuy.tupique.com\/es\/wp-json\/wp\/v2\/product_brand?post=17081"},{"taxonomy":"product_cat","embeddable":true,"href":"https:\/\/bigbuy.tupique.com\/es\/wp-json\/wp\/v2\/product_cat?post=17081"},{"taxonomy":"product_tag","embeddable":true,"href":"https:\/\/bigbuy.tupique.com\/es\/wp-json\/wp\/v2\/product_tag?post=17081"}],"curies":[{"name":"wp","href":"https:\/\/api.w.org\/{rel}","templated":true}]}}