{"id":17038,"date":"2026-03-29T14:15:31","date_gmt":"2026-03-29T13:15:31","guid":{"rendered":"https:\/\/bigbuy.tupique.com\/produto\/xbox-series-x-microsoft-xbox-series-x\/"},"modified":"2026-05-11T20:02:47","modified_gmt":"2026-05-11T18:02:47","slug":"xbox-series-x-microsoft-xbox-series-x","status":"publish","type":"product","link":"https:\/\/bigbuy.tupique.com\/es\/produto\/xbox-series-x-microsoft-xbox-series-x\/","title":{"rendered":"Xbox Series X Microsoft Xbox Series X"},"content":{"rendered":"<p>Les enfants m\u00e9ritent ce qu\u2019il y a de mieux, nous vous pr\u00e9sentons donc <b>Xbox Series X Microsoft Xbox Series X<\/b>, id\u00e9al pour ceux qui cherchent des produits de qualit\u00e9 pour les plus petits ! Procurez-vous <b>Microsoft<\/b> aux meilleurs prix !<\/p>\n<ul>\n<li>Couleur: Noir<\/li>\n<li>Connexions:\n<ul>\n<li>HDMI<\/li>\n<li>Ethernet LAN<\/li>\n<li>USB-A 3.2<\/li>\n<li>HDMI 2.1 x 1<\/li>\n<\/ul>\n<\/li>\n<li>Connectivit\u00e9: Wi-Fi<\/li>\n<li>R\u00e9solution: 4K Ultra HD<\/li>\n<li>Non inclut: Bluetooth<\/li>\n<li>Langue: Anglais<\/li>\n<li>Interface: Gigabit Ethernet<\/li>\n<li>Type: SSD<\/li>\n<li>vitesse: 10\/100\/1000 Mbps<\/li>\n<li>M\u00e9moire interne: 1 TB<\/li>\n<li>Type de m\u00e9moire: GDDR6<\/li>\n<li>Bloc d\u2019Alimentation: Courant alternatif<\/li>\n<li>Noyaux: 8 Noyaux<\/li>\n<li>Processeur: AMD Ryzen Zen 2<\/li>\n<\/ul>","protected":false},"excerpt":{"rendered":"<p>Les enfants m\u00e9ritent ce qu\u2019il y a de mieux, nous vous pr\u00e9sentons donc Xbox Series X Microsoft Xbox Series X, id\u00e9al pour ceux qui cherchent des produits de qualit\u00e9 pour les plus petits ! Procurez-vous Microsoft aux meilleurs prix ! Couleur: Noir Connexions: HDMI Ethernet LAN USB-A 3.2 HDMI 2.1 x 1 Connectivit\u00e9: Wi-Fi R\u00e9solution: [&hellip;]<\/p>\n","protected":false},"featured_media":17037,"comment_status":"open","ping_status":"closed","template":"","meta":[],"product_brand":[852],"product_cat":[746,609,65],"product_tag":[59,572],"class_list":{"0":"post-17038","1":"product","2":"type-product","3":"status-publish","4":"has-post-thumbnail","6":"product_brand-brandp_564","7":"product_cat-consoles","8":"product_cat-electronique-jouets-electroniques","9":"product_cat-informatique-electronique","10":"product_tag-tag_1304","11":"product_tag-tag_29","13":"first","14":"instock","15":"taxable","16":"shipping-taxable","17":"purchasable","18":"product-type-simple"},"_links":{"self":[{"href":"https:\/\/bigbuy.tupique.com\/es\/wp-json\/wp\/v2\/product\/17038","targetHints":{"allow":["GET"]}}],"collection":[{"href":"https:\/\/bigbuy.tupique.com\/es\/wp-json\/wp\/v2\/product"}],"about":[{"href":"https:\/\/bigbuy.tupique.com\/es\/wp-json\/wp\/v2\/types\/product"}],"replies":[{"embeddable":true,"href":"https:\/\/bigbuy.tupique.com\/es\/wp-json\/wp\/v2\/comments?post=17038"}],"wp:featuredmedia":[{"embeddable":true,"href":"https:\/\/bigbuy.tupique.com\/es\/wp-json\/wp\/v2\/media\/17037"}],"wp:attachment":[{"href":"https:\/\/bigbuy.tupique.com\/es\/wp-json\/wp\/v2\/media?parent=17038"}],"wp:term":[{"taxonomy":"product_brand","embeddable":true,"href":"https:\/\/bigbuy.tupique.com\/es\/wp-json\/wp\/v2\/product_brand?post=17038"},{"taxonomy":"product_cat","embeddable":true,"href":"https:\/\/bigbuy.tupique.com\/es\/wp-json\/wp\/v2\/product_cat?post=17038"},{"taxonomy":"product_tag","embeddable":true,"href":"https:\/\/bigbuy.tupique.com\/es\/wp-json\/wp\/v2\/product_tag?post=17038"}],"curies":[{"name":"wp","href":"https:\/\/api.w.org\/{rel}","templated":true}]}}