{"id":17033,"date":"2026-03-29T14:15:24","date_gmt":"2026-03-29T13:15:24","guid":{"rendered":"https:\/\/bigbuy.tupique.com\/produto\/electric-screwdriver-bosch-gsr-18v-45-professional\/"},"modified":"2026-05-11T20:02:45","modified_gmt":"2026-05-11T18:02:45","slug":"electric-screwdriver-bosch-gsr-18v-45-professional","status":"publish","type":"product","link":"https:\/\/bigbuy.tupique.com\/es\/produto\/electric-screwdriver-bosch-gsr-18v-45-professional\/","title":{"rendered":"Tournevis \u00e9lectrique BOSCH GSR 18V-45 Professional"},"content":{"rendered":"<p>Si vous aimez prendre soin de chaque d\u00e9tail de votre maison et d&#8217;\u00eatre \u00e0 la derni\u00e8re mode en mati\u00e8re de produits qui vous rendront la vie plus facile, achetez <b>Tournevis \u00e9lectrique BOSCH GSR 18V-45 Professional<\/b> au meilleur prix.<\/p>\n<p>Le <b>BOSCH GSR 18V-45 Professional<\/b> est un <b>tournevis \u00e9lectrique<\/b> con\u00e7u pour les professionnels et les utilisateurs recherchant un outil robuste et polyvalent pour les travaux d\u2019assemblage et de bricolage. Ce mod\u00e8le fonctionne avec une <b>tension de 18 V<\/b> et est aliment\u00e9 par une <b>batterie lithium rechargeable<\/b>, offrant un compromis optimal entre puissance et autonomie sans fil. Son design ergonomique pr\u00e9sente une finition en <b>bleu et noir<\/b>, assurant r\u00e9sistance et une prise en main confortable pour un usage prolong\u00e9. Il int\u00e8gre une <b>lampe LED int\u00e9gr\u00e9e<\/b> qui facilite la visibilit\u00e9 dans les espaces peu \u00e9clair\u00e9s, ainsi qu\u2019un <b>indicateur de batterie<\/b> permettant de contr\u00f4ler en permanence le niveau de charge pour \u00e9viter les interruptions inattendues. Ce tournevis \u00e9lectrique se distingue par sa capacit\u00e9 \u00e0 g\u00e9rer diverses t\u00e2ches gr\u00e2ce \u00e0 son moteur efficace, id\u00e9al pour percer et visser avec pr\u00e9cision et rapidit\u00e9. Le kit comprend deux batteries de 2,0 Ah, un chargeur et une mallette rigide type L facilitant le transport et le rangement organis\u00e9 de l\u2019\u00e9quipement, ainsi que 82 accessoires compatibles pour diff\u00e9rentes applications, ajoutant de la polyvalence \u00e0 l\u2019outil. La combinaison de ses caract\u00e9ristiques techniques et la fiabilit\u00e9 de la marque Bosch positionnent le GSR 18V-45 Professional comme une option fiable et professionnelle pour ceux qui recherchent un tournevis puissant, r\u00e9sistant et pratique pour un usage fr\u00e9quent en milieu professionnel ou domestique exigeant.<\/p>\n<ul>\n<li>Produit \u00e0 brancher: Oui<\/li>\n<li>Type de prise: Prise EU<\/li>\n<li>Type:\n<ul>\n<li>Tournevis<\/li>\n<li>Tournevis \u00e9lectrique<\/li>\n<\/ul>\n<\/li>\n<li>Couleur:\n<ul>\n<li>Noir<\/li>\n<li>Bleu<\/li>\n<\/ul>\n<\/li>\n<li>Bloc d\u2019Alimentation:\n<ul>\n<li>r\u00e9seau \u00e9lectrique<\/li>\n<li>Batterie<\/li>\n<\/ul>\n<\/li>\n<li>Capacit\u00e9 de la batterie: 2 Ah<\/li>\n<li>Caract\u00e9ristiques:\n<ul>\n<li>Lumi\u00e8re LED<\/li>\n<li>Indicateur de batterie<\/li>\n<li>Adh\u00e9sion douce<\/li>\n<\/ul>\n<\/li>\n<li>Tension: 18 V<\/li>\n<li>Inclut:\n<ul>\n<li>Batterie au lithium rechargeable<\/li>\n<li>Housse de transport<\/li>\n<\/ul>\n<\/li>\n<li>Type de batterie: Litio Ion<\/li>\n<li>Vitesse: 2 vitesses<\/li>\n<li>diam\u00e8tre approx.: \u00d8 13 mm<\/li>\n<\/ul>","protected":false},"excerpt":{"rendered":"<p>Si vous aimez prendre soin de chaque d\u00e9tail de votre maison et d&#8217;\u00eatre \u00e0 la derni\u00e8re mode en mati\u00e8re de produits qui vous rendront la vie plus facile, achetez Tournevis \u00e9lectrique BOSCH GSR 18V-45 Professional au meilleur prix. Le BOSCH GSR 18V-45 Professional est un tournevis \u00e9lectrique con\u00e7u pour les professionnels et les utilisateurs recherchant [&hellip;]<\/p>\n","protected":false},"featured_media":17027,"comment_status":"open","ping_status":"closed","template":"","meta":[],"product_brand":[162],"product_cat":[613,239],"product_tag":[59,210],"class_list":{"0":"post-17033","1":"product","2":"type-product","3":"status-publish","4":"has-post-thumbnail","6":"product_brand-brandp_959","7":"product_cat-bricolage-et-materiel","8":"product_cat-maison-jardin","9":"product_tag-tag_1304","10":"product_tag-tag_25","12":"first","13":"instock","14":"taxable","15":"shipping-taxable","16":"purchasable","17":"product-type-simple"},"_links":{"self":[{"href":"https:\/\/bigbuy.tupique.com\/es\/wp-json\/wp\/v2\/product\/17033","targetHints":{"allow":["GET"]}}],"collection":[{"href":"https:\/\/bigbuy.tupique.com\/es\/wp-json\/wp\/v2\/product"}],"about":[{"href":"https:\/\/bigbuy.tupique.com\/es\/wp-json\/wp\/v2\/types\/product"}],"replies":[{"embeddable":true,"href":"https:\/\/bigbuy.tupique.com\/es\/wp-json\/wp\/v2\/comments?post=17033"}],"wp:featuredmedia":[{"embeddable":true,"href":"https:\/\/bigbuy.tupique.com\/es\/wp-json\/wp\/v2\/media\/17027"}],"wp:attachment":[{"href":"https:\/\/bigbuy.tupique.com\/es\/wp-json\/wp\/v2\/media?parent=17033"}],"wp:term":[{"taxonomy":"product_brand","embeddable":true,"href":"https:\/\/bigbuy.tupique.com\/es\/wp-json\/wp\/v2\/product_brand?post=17033"},{"taxonomy":"product_cat","embeddable":true,"href":"https:\/\/bigbuy.tupique.com\/es\/wp-json\/wp\/v2\/product_cat?post=17033"},{"taxonomy":"product_tag","embeddable":true,"href":"https:\/\/bigbuy.tupique.com\/es\/wp-json\/wp\/v2\/product_tag?post=17033"}],"curies":[{"name":"wp","href":"https:\/\/api.w.org\/{rel}","templated":true}]}}