{"id":16962,"date":"2026-03-29T14:13:37","date_gmt":"2026-03-29T13:13:37","guid":{"rendered":"https:\/\/bigbuy.tupique.com\/produto\/radio-pioneer-dmh-a340dab\/"},"modified":"2026-04-16T20:42:14","modified_gmt":"2026-04-16T19:42:14","slug":"radio-pioneer-dmh-a340dab","status":"publish","type":"product","link":"https:\/\/bigbuy.tupique.com\/es\/produto\/radio-pioneer-dmh-a340dab\/","title":{"rendered":"Radio Pioneer DMH-A340DAB"},"content":{"rendered":"<p>\u00c9quipez votre v\u00e9hicule avec les derni\u00e8res nouveaut\u00e9s du secteur ! Achetez <b>Radio Pioneer DMH-A340DAB<\/b> et aucun d\u00e9tail ne vous \u00e9chappera!<\/p>\n<p>Le <b>Pioneer DMH-A340DAB<\/b> est une <b>radio<\/b> 2 DIN con\u00e7ue pour offrir une exp\u00e9rience multim\u00e9dia compl\u00e8te et adapt\u00e9e aux v\u00e9hicules modernes. Son <b>\u00e9cran tactile capacitif de 6,8 pouces<\/b> propose une interface intuitive et facile \u00e0 utiliser, facilitant l\u2019acc\u00e8s \u00e0 toutes ses fonctions sans distraction. Ce mod\u00e8le combine connectivit\u00e9 traditionnelle et num\u00e9rique avec prise en charge du <b>Bluetooth<\/b>, permettant la connexion sans fil avec des appareils mobiles pour \u00e9couter de la musique ou passer des appels mains libres, tout en \u00e9tant compatible avec le <b>DAB+<\/b>, la radio num\u00e9rique offrant une qualit\u00e9 sonore sup\u00e9rieure et un plus grand choix de stations par rapport \u00e0 la radio FM classique. L\u2019int\u00e9gration d\u2019une <b>entr\u00e9e USB<\/b> garantit la connexion directe d\u2019appareils externes pour lire des fichiers audio ou mettre \u00e0 jour le syst\u00e8me, tandis que l\u2019<b>entr\u00e9e auxiliaire Jack 3,5 mm<\/b> \u00e9tend la compatibilit\u00e9 aux appareils analogiques. L\u2019unit\u00e9, de finition <b>noire<\/b>, int\u00e8gre un \u00e9galiseur pour ajuster le son selon les pr\u00e9f\u00e9rences de l\u2019utilisateur, optimisant l\u2019exp\u00e9rience audio en voiture. Son format 2 DIN assure une installation simple dans la plupart des v\u00e9hicules, rempla\u00e7ant les syst\u00e8mes basiques ou anciens par une solution multim\u00e9dia avanc\u00e9e. Gr\u00e2ce \u00e0 son \u00e9cran int\u00e9gr\u00e9 et ses commandes tactiles, la manipulation est simplifi\u00e9e et la s\u00e9curit\u00e9 au volant am\u00e9lior\u00e9e. Cet \u00e9quipement est id\u00e9al pour les conducteurs souhaitant moderniser leur syst\u00e8me audio tout en conservant la qualit\u00e9 sonore et la fiabilit\u00e9 propres \u00e0 la marque Pioneer. En r\u00e9sum\u00e9, le <b>DMH-A340DAB<\/b> allie polyvalence, connectivit\u00e9 et qualit\u00e9 dans un format accessible pour enrichir l\u2019exp\u00e9rience de conduite.<\/p>\n<ul>\n<li>Caract\u00e9ristiques:\n<ul>\n<li>Connexion USB<\/li>\n<li>DAB+<\/li>\n<li>Ecran tactile<\/li>\n<li>Equalizer<\/li>\n<li>\u00c9cran integr\u00e9<\/li>\n<li>Entr\u00e9e auxiliaire<\/li>\n<\/ul>\n<\/li>\n<li>Connectivit\u00e9: Bluetooth<\/li>\n<li>Type: Radio<\/li>\n<li>Connexions:\n<ul>\n<li>USB x 1<\/li>\n<li>USB<\/li>\n<li>Jack 3.5 mm<\/li>\n<\/ul>\n<\/li>\n<li>Compatible: iOS, Android<\/li>\n<li>Couleur: Noir<\/li>\n<li>Non inclut: Wi-Fi<\/li>\n<li>puissance: 50 W<\/li>\n<li>Technologie: Capacitive<\/li>\n<li>Inclut: Microphone<\/li>\n<li>Diagonale de l&#8217;\u00e9cran (cm): 17,3 cm<\/li>\n<\/ul>","protected":false},"excerpt":{"rendered":"<p>\u00c9quipez votre v\u00e9hicule avec les derni\u00e8res nouveaut\u00e9s du secteur ! Achetez Radio Pioneer DMH-A340DAB et aucun d\u00e9tail ne vous \u00e9chappera! Le Pioneer DMH-A340DAB est une radio 2 DIN con\u00e7ue pour offrir une exp\u00e9rience multim\u00e9dia compl\u00e8te et adapt\u00e9e aux v\u00e9hicules modernes. Son \u00e9cran tactile capacitif de 6,8 pouces propose une interface intuitive et facile \u00e0 utiliser, [&hellip;]<\/p>\n","protected":false},"featured_media":16961,"comment_status":"open","ping_status":"closed","template":"","meta":[],"product_brand":[849],"product_cat":[755,65,782],"product_tag":[59],"class_list":{"0":"post-16962","1":"product","2":"type-product","3":"status-publish","4":"has-post-thumbnail","6":"product_brand-brandp_2836","7":"product_cat-electronique-son","8":"product_cat-informatique-electronique","9":"product_cat-radio-cd","10":"product_tag-tag_1304","12":"first","13":"instock","14":"taxable","15":"shipping-taxable","16":"purchasable","17":"product-type-simple"},"_links":{"self":[{"href":"https:\/\/bigbuy.tupique.com\/es\/wp-json\/wp\/v2\/product\/16962","targetHints":{"allow":["GET"]}}],"collection":[{"href":"https:\/\/bigbuy.tupique.com\/es\/wp-json\/wp\/v2\/product"}],"about":[{"href":"https:\/\/bigbuy.tupique.com\/es\/wp-json\/wp\/v2\/types\/product"}],"replies":[{"embeddable":true,"href":"https:\/\/bigbuy.tupique.com\/es\/wp-json\/wp\/v2\/comments?post=16962"}],"wp:featuredmedia":[{"embeddable":true,"href":"https:\/\/bigbuy.tupique.com\/es\/wp-json\/wp\/v2\/media\/16961"}],"wp:attachment":[{"href":"https:\/\/bigbuy.tupique.com\/es\/wp-json\/wp\/v2\/media?parent=16962"}],"wp:term":[{"taxonomy":"product_brand","embeddable":true,"href":"https:\/\/bigbuy.tupique.com\/es\/wp-json\/wp\/v2\/product_brand?post=16962"},{"taxonomy":"product_cat","embeddable":true,"href":"https:\/\/bigbuy.tupique.com\/es\/wp-json\/wp\/v2\/product_cat?post=16962"},{"taxonomy":"product_tag","embeddable":true,"href":"https:\/\/bigbuy.tupique.com\/es\/wp-json\/wp\/v2\/product_tag?post=16962"}],"curies":[{"name":"wp","href":"https:\/\/api.w.org\/{rel}","templated":true}]}}