{"id":16948,"date":"2026-03-29T14:13:19","date_gmt":"2026-03-29T13:13:19","guid":{"rendered":"https:\/\/bigbuy.tupique.com\/produto\/air-fryer-ninja-af400eu-black-2470-w-76-l\/"},"modified":"2026-04-16T20:12:22","modified_gmt":"2026-04-16T19:12:22","slug":"air-fryer-ninja-af400eu-black-2470-w-76-l","status":"publish","type":"product","link":"https:\/\/bigbuy.tupique.com\/es\/produto\/air-fryer-ninja-af400eu-black-2470-w-76-l\/","title":{"rendered":"Friteuse \u00e0 Air NINJA AF400EU Noir 2470 w 7,6 L"},"content":{"rendered":"<p>Si vous recherchez des \u00e9lectrom\u00e9nagers pour votre maison aux meilleurs prix, ne manquez pas <b>Friteuse \u00e0 Air NINJA AF400EU Noir 2470 w 7,6 L<\/b> et une large s\u00e9lection de petits \u00e9lectrom\u00e9nagers de qualit\u00e9 !<\/p>\n<p>La <b>friteuse \u00e0 air AF400EU<\/b> de <b>NINJA<\/b> est un appareil con\u00e7u pour offrir polyvalence et efficacit\u00e9 en cuisine gr\u00e2ce \u00e0 sa technologie avanc\u00e9e de friture sans huile. Cette friteuse grande capacit\u00e9 dispose d\u2019une <b>capacit\u00e9 de 7,6 litres<\/b>, id\u00e9ale pour pr\u00e9parer des repas pour les familles nombreuses ou les r\u00e9unions, permettant de cuisiner de plus grandes quantit\u00e9s sans perdre en qualit\u00e9. Sa puissance maximale de <b>2470 watts<\/b> garantit un chauffage rapide et une cuisson homog\u00e8ne, optimisant le temps et les r\u00e9sultats \u00e0 chaque plat. Elle est \u00e9quip\u00e9e de deux tiroirs de cuisson ind\u00e9pendants permettant de cuire simultan\u00e9ment deux aliments diff\u00e9rents avec des m\u00e9thodes distinctes, une fonctionnalit\u00e9 utile pour ceux qui recherchent flexibilit\u00e9 et gain de temps. L\u2019appareil int\u00e8gre <b>six modes de cuisson personnalisables<\/b> allant au-del\u00e0 de la simple friture sans huile, incluant des options pour griller, cuire au four, r\u00e9chauffer et d\u00e9shydrater les aliments, augmentant ainsi les possibilit\u00e9s culinaires avec une seule machine. Son design en <b>noir<\/b> allie \u00e9l\u00e9gance et praticit\u00e9, tandis que la surface interne des tiroirs est <b>antiadh\u00e9sive<\/b> pour faciliter le nettoyage et \u00e9viter que les aliments n\u2019attachent. De plus, il comprend un <b>interrupteur marche\/arr\u00eat<\/b>, une base antid\u00e9rapante pour plus de s\u00e9curit\u00e9 lors de l\u2019utilisation et des poign\u00e9es ergonomiques assurant une prise en main confortable et s\u00fbre. La friteuse est adapt\u00e9e au courant europ\u00e9en avec sa <b>prise de type EU<\/b>. Dans l\u2019ensemble, le mod\u00e8le <b>AF400EU<\/b> de NINJA repr\u00e9sente une option solide dans la cat\u00e9gorie des friteuses sans huile, se distinguant par sa grande capacit\u00e9, sa puissance et ses fonctions doubles offrant une cuisson polyvalente et saine, tout en garantissant contr\u00f4le et confort \u00e0 l\u2019utilisateur.<\/p>\n<ul>\n<li>Produit \u00e0 brancher: Oui<\/li>\n<li>Type de prise: Prise EU<\/li>\n<li>Fonctions: Chauffe<\/li>\n<li>Capacit\u00e9: 7,6 L<\/li>\n<li>puissance: 2470 w<\/li>\n<li>Type:\n<ul>\n<li>Friteuse \u00e0 Air<\/li>\n<li>Friteuse<\/li>\n<\/ul>\n<\/li>\n<li>Bloc d\u2019Alimentation: r\u00e9seau \u00e9lectrique<\/li>\n<li>Couleur: Noir<\/li>\n<li>Caract\u00e9ristiques:\n<ul>\n<li>Anti-adh\u00e9rente<\/li>\n<li>Interrupteur marche\/arr\u00eat<\/li>\n<li>Base antid\u00e9rapante<\/li>\n<li>Poign\u00e9e<\/li>\n<li>Carafe amovible<\/li>\n<\/ul>\n<\/li>\n<li>Lumi\u00e8re: Voyant lumineux<\/li>\n<li>Poids: 8,8 kg<\/li>\n<li>\u00c9lev\u00e9: 32,5 cm<\/li>\n<\/ul>","protected":false},"excerpt":{"rendered":"<p>Si vous recherchez des \u00e9lectrom\u00e9nagers pour votre maison aux meilleurs prix, ne manquez pas Friteuse \u00e0 Air NINJA AF400EU Noir 2470 w 7,6 L et une large s\u00e9lection de petits \u00e9lectrom\u00e9nagers de qualit\u00e9 ! La friteuse \u00e0 air AF400EU de NINJA est un appareil con\u00e7u pour offrir polyvalence et efficacit\u00e9 en cuisine gr\u00e2ce \u00e0 sa [&hellip;]<\/p>\n","protected":false},"featured_media":16945,"comment_status":"open","ping_status":"closed","template":"","meta":[],"product_brand":[287],"product_cat":[60,391,77],"product_tag":[59,56],"class_list":{"0":"post-16948","1":"product","2":"type-product","3":"status-publish","4":"has-post-thumbnail","6":"product_brand-brandp_6527","7":"product_cat-cuisine-gourmet","8":"product_cat-friteuses","9":"product_cat-petit-electromenager","10":"product_tag-tag_1304","11":"product_tag-tag_930","13":"first","14":"instock","15":"taxable","16":"shipping-taxable","17":"purchasable","18":"product-type-simple"},"_links":{"self":[{"href":"https:\/\/bigbuy.tupique.com\/es\/wp-json\/wp\/v2\/product\/16948","targetHints":{"allow":["GET"]}}],"collection":[{"href":"https:\/\/bigbuy.tupique.com\/es\/wp-json\/wp\/v2\/product"}],"about":[{"href":"https:\/\/bigbuy.tupique.com\/es\/wp-json\/wp\/v2\/types\/product"}],"replies":[{"embeddable":true,"href":"https:\/\/bigbuy.tupique.com\/es\/wp-json\/wp\/v2\/comments?post=16948"}],"wp:featuredmedia":[{"embeddable":true,"href":"https:\/\/bigbuy.tupique.com\/es\/wp-json\/wp\/v2\/media\/16945"}],"wp:attachment":[{"href":"https:\/\/bigbuy.tupique.com\/es\/wp-json\/wp\/v2\/media?parent=16948"}],"wp:term":[{"taxonomy":"product_brand","embeddable":true,"href":"https:\/\/bigbuy.tupique.com\/es\/wp-json\/wp\/v2\/product_brand?post=16948"},{"taxonomy":"product_cat","embeddable":true,"href":"https:\/\/bigbuy.tupique.com\/es\/wp-json\/wp\/v2\/product_cat?post=16948"},{"taxonomy":"product_tag","embeddable":true,"href":"https:\/\/bigbuy.tupique.com\/es\/wp-json\/wp\/v2\/product_tag?post=16948"}],"curies":[{"name":"wp","href":"https:\/\/api.w.org\/{rel}","templated":true}]}}