{"id":16944,"date":"2026-03-29T14:13:13","date_gmt":"2026-03-29T13:13:13","guid":{"rendered":"https:\/\/bigbuy.tupique.com\/produto\/tap-grohe-34174001\/"},"modified":"2026-05-11T20:02:27","modified_gmt":"2026-05-11T18:02:27","slug":"tap-grohe-34174001","status":"publish","type":"product","link":"https:\/\/bigbuy.tupique.com\/es\/produto\/tap-grohe-34174001\/","title":{"rendered":"Robinet Grohe 34174001"},"content":{"rendered":"<p>Si vous aimez prendre soin de chaque d\u00e9tail de votre maison et d&#8217;\u00eatre \u00e0 la derni\u00e8re mode en mati\u00e8re de produits qui vous rendront la vie plus facile, achetez <b>Robinet Grohe 34174001<\/b> au meilleur prix.<\/p>\n<p>Le <b>mitigeur thermostatique bain\/douche Grohtherm 2000 34174001<\/b> de <b>Grohe<\/b> est un robinet mural alliant fonctionnalit\u00e9, s\u00e9curit\u00e9 et finition de haute qualit\u00e9, adapt\u00e9 aux salles de bains et douches. Con\u00e7u en <b>m\u00e9tal massif<\/b> avec une <b>finition chrom\u00e9e GROHE StarLight<\/b> garantissant \u00e9clat et r\u00e9sistance \u00e0 la corrosion, il offre une exp\u00e9rience avanc\u00e9e gr\u00e2ce \u00e0 la technologie <b>GROHE CoolTouch<\/b>, qui maintient la surface ext\u00e9rieure du robinet s\u00e9curis\u00e9e pour \u00e9viter les br\u00fblures, essentielle pour la s\u00e9curit\u00e9 en salle de bain. Ce mod\u00e8le int\u00e8gre des raccords S dissimul\u00e9s avec rosaces CoolTouch pour un design \u00e9pur\u00e9 et s\u00fbr. La commande s\u2019effectue via le syst\u00e8me <b>GROHE Aqua Paddle<\/b>, permettant un contr\u00f4le simple et intuitif du d\u00e9bit et de la temp\u00e9rature de l\u2019eau. La r\u00e9gulation thermique est prot\u00e9g\u00e9e par le syst\u00e8me <b>GROHE SafeStop<\/b>, qui fixe une limite de temp\u00e9rature s\u00e9curis\u00e9e pr\u00e9d\u00e9finie \u00e0 <b>38 \u00b0C<\/b> pour \u00e9viter les br\u00fblures accidentelles, compl\u00e9t\u00e9 par le limiteur <b>GROHE SafeStop Plus<\/b> pouvant restreindre la temp\u00e9rature jusqu\u2019\u00e0 <b>43 \u00b0C<\/b>, id\u00e9al pour les foyers avec enfants ou personnes \u00e2g\u00e9es. Son installation apparente facilite tout entretien ou r\u00e9glage ult\u00e9rieur tout en conservant une esth\u00e9tique soign\u00e9e et moderne. Ce mitigeur thermostatique assure une stabilit\u00e9 thermique, \u00e9vitant les variations brusques, et garantit un confort optimal avec un design durable et des mat\u00e9riaux adapt\u00e9s aux environnements humides. En r\u00e9sum\u00e9, le Grohtherm 2000 34174001 repr\u00e9sente une solution technique avanc\u00e9e pour la r\u00e9gulation d\u2019eau en salle de bains et douche, offrant s\u00e9curit\u00e9, confort et finition haut de gamme fid\u00e8le \u00e0 la r\u00e9putation de Grohe.<\/p>\n<ul>\n<li>Utilisation recommand\u00e9e: Bain et douche<\/li>\n<li>Caract\u00e9ristiques:\n<ul>\n<li>Thermostat<\/li>\n<li>R\u00e9gulateur de temp\u00e9rature<\/li>\n<li>\u00c9conomie d&#8217;eau<\/li>\n<li>Montage mural<\/li>\n<\/ul>\n<\/li>\n<li>Type d&#8217;installation: Montage mural<\/li>\n<li>Finition: Chrome<\/li>\n<li>Non inclut: Batterie<\/li>\n<\/ul>","protected":false},"excerpt":{"rendered":"<p>Si vous aimez prendre soin de chaque d\u00e9tail de votre maison et d&#8217;\u00eatre \u00e0 la derni\u00e8re mode en mati\u00e8re de produits qui vous rendront la vie plus facile, achetez Robinet Grohe 34174001 au meilleur prix. Le mitigeur thermostatique bain\/douche Grohtherm 2000 34174001 de Grohe est un robinet mural alliant fonctionnalit\u00e9, s\u00e9curit\u00e9 et finition de haute [&hellip;]<\/p>\n","protected":false},"featured_media":16941,"comment_status":"open","ping_status":"closed","template":"","meta":[],"product_brand":[848],"product_cat":[781,239,780],"product_tag":[59,210],"class_list":{"0":"post-16944","1":"product","2":"type-product","3":"status-publish","4":"has-post-thumbnail","6":"product_brand-brandp_3107","7":"product_cat-accessoires-et-robinets","8":"product_cat-maison-jardin","9":"product_cat-salle-de-bain","10":"product_tag-tag_1304","11":"product_tag-tag_25","13":"first","14":"instock","15":"taxable","16":"shipping-taxable","17":"purchasable","18":"product-type-simple"},"_links":{"self":[{"href":"https:\/\/bigbuy.tupique.com\/es\/wp-json\/wp\/v2\/product\/16944","targetHints":{"allow":["GET"]}}],"collection":[{"href":"https:\/\/bigbuy.tupique.com\/es\/wp-json\/wp\/v2\/product"}],"about":[{"href":"https:\/\/bigbuy.tupique.com\/es\/wp-json\/wp\/v2\/types\/product"}],"replies":[{"embeddable":true,"href":"https:\/\/bigbuy.tupique.com\/es\/wp-json\/wp\/v2\/comments?post=16944"}],"wp:featuredmedia":[{"embeddable":true,"href":"https:\/\/bigbuy.tupique.com\/es\/wp-json\/wp\/v2\/media\/16941"}],"wp:attachment":[{"href":"https:\/\/bigbuy.tupique.com\/es\/wp-json\/wp\/v2\/media?parent=16944"}],"wp:term":[{"taxonomy":"product_brand","embeddable":true,"href":"https:\/\/bigbuy.tupique.com\/es\/wp-json\/wp\/v2\/product_brand?post=16944"},{"taxonomy":"product_cat","embeddable":true,"href":"https:\/\/bigbuy.tupique.com\/es\/wp-json\/wp\/v2\/product_cat?post=16944"},{"taxonomy":"product_tag","embeddable":true,"href":"https:\/\/bigbuy.tupique.com\/es\/wp-json\/wp\/v2\/product_tag?post=16944"}],"curies":[{"name":"wp","href":"https:\/\/api.w.org\/{rel}","templated":true}]}}