{"id":169421,"date":"2026-04-10T23:51:19","date_gmt":"2026-04-10T22:51:19","guid":{"rendered":"https:\/\/bigbuy.tupique.com\/produto\/air-conditioning-mitsubishi-electric-white-a-4000-w-3027-fg-h\/"},"modified":"2026-04-15T09:10:46","modified_gmt":"2026-04-15T08:10:46","slug":"air-conditioning-mitsubishi-electric-white-a-4000-w-3027-fg-h","status":"publish","type":"product","link":"https:\/\/bigbuy.tupique.com\/es\/produto\/air-conditioning-mitsubishi-electric-white-a-4000-w-3027-fg-h\/","title":{"rendered":"Air Conditionn\u00e9 Mitsubishi Electric Blanc A++ 4000 W 3027 fg\/h"},"content":{"rendered":"<p>Si vous \u00eates \u00e0 la recherche de nouvelles tendances sur le march\u00e9, nous vous pr\u00e9sentons <b>Air Conditionn\u00e9 Mitsubishi Electric Blanc A++ 4000 W 3027 fg\/h<\/b> !<\/p>\n<ul>\n<li>Couleur: Blanc<\/li>\n<li>Caract\u00e9ristiques:\n<ul>\n<li>T\u00e9l\u00e9commande<\/li>\n<li>Minuterie<\/li>\n<li>Contr\u00f4le vocal<\/li>\n<li>Connectivit\u00e9 des applications mobiles<\/li>\n<li>Amazon Alexa, Google Assistant<\/li>\n<\/ul>\n<\/li>\n<li>Connectivit\u00e9: Wi-Fi<\/li>\n<li>puissance: 4000 W<\/li>\n<li>Classification \u00e9nerg\u00e9tique: A++<\/li>\n<li>Technologie: Split Inverter 1&#215;1<\/li>\n<li>Gaz: R32<\/li>\n<li>Puissance frigorifique: 3027 fg\/h<\/li>\n<\/ul>","protected":false},"excerpt":{"rendered":"<p>Si vous \u00eates \u00e0 la recherche de nouvelles tendances sur le march\u00e9, nous vous pr\u00e9sentons Air Conditionn\u00e9 Mitsubishi Electric Blanc A++ 4000 W 3027 fg\/h ! Couleur: Blanc Caract\u00e9ristiques: T\u00e9l\u00e9commande Minuterie Contr\u00f4le vocal Connectivit\u00e9 des applications mobiles Amazon Alexa, Google Assistant Connectivit\u00e9: Wi-Fi puissance: 4000 W Classification \u00e9nerg\u00e9tique: A++ Technologie: Split Inverter 1&#215;1 Gaz: R32 [&hellip;]<\/p>\n","protected":false},"featured_media":169420,"comment_status":"open","ping_status":"closed","template":"","meta":[],"product_brand":[1560],"product_cat":[732,1334,239],"product_tag":[721,210],"class_list":{"0":"post-169421","1":"product","2":"type-product","3":"status-publish","4":"has-post-thumbnail","6":"product_brand-brandp_1175","7":"product_cat-climatisation-et-chauffage","8":"product_cat-climatiseurs-et-ventilateurs","9":"product_cat-maison-jardin","10":"product_tag-tag_124","11":"product_tag-tag_25","13":"first","14":"instock","15":"taxable","16":"shipping-taxable","17":"purchasable","18":"product-type-simple"},"_links":{"self":[{"href":"https:\/\/bigbuy.tupique.com\/es\/wp-json\/wp\/v2\/product\/169421","targetHints":{"allow":["GET"]}}],"collection":[{"href":"https:\/\/bigbuy.tupique.com\/es\/wp-json\/wp\/v2\/product"}],"about":[{"href":"https:\/\/bigbuy.tupique.com\/es\/wp-json\/wp\/v2\/types\/product"}],"replies":[{"embeddable":true,"href":"https:\/\/bigbuy.tupique.com\/es\/wp-json\/wp\/v2\/comments?post=169421"}],"wp:featuredmedia":[{"embeddable":true,"href":"https:\/\/bigbuy.tupique.com\/es\/wp-json\/wp\/v2\/media\/169420"}],"wp:attachment":[{"href":"https:\/\/bigbuy.tupique.com\/es\/wp-json\/wp\/v2\/media?parent=169421"}],"wp:term":[{"taxonomy":"product_brand","embeddable":true,"href":"https:\/\/bigbuy.tupique.com\/es\/wp-json\/wp\/v2\/product_brand?post=169421"},{"taxonomy":"product_cat","embeddable":true,"href":"https:\/\/bigbuy.tupique.com\/es\/wp-json\/wp\/v2\/product_cat?post=169421"},{"taxonomy":"product_tag","embeddable":true,"href":"https:\/\/bigbuy.tupique.com\/es\/wp-json\/wp\/v2\/product_tag?post=169421"}],"curies":[{"name":"wp","href":"https:\/\/api.w.org\/{rel}","templated":true}]}}