{"id":16930,"date":"2026-03-29T14:12:55","date_gmt":"2026-03-29T13:12:55","guid":{"rendered":"https:\/\/bigbuy.tupique.com\/produto\/cufflinks-montblanc-123802\/"},"modified":"2026-04-15T00:48:11","modified_gmt":"2026-04-14T23:48:11","slug":"cufflinks-montblanc-123802","status":"publish","type":"product","link":"https:\/\/bigbuy.tupique.com\/es\/produto\/cufflinks-montblanc-123802\/","title":{"rendered":"Boutons de manchette Montblanc 123802"},"content":{"rendered":"<p>Nous vons pr\u00e9sentons <b>Boutons de manchette Montblanc 123802<\/b> et une vaste gamme de bagues, bracelets, boucles d&#8217;oreilles et pendentifs etc. \u00e0 bon prix. D\u00e9couvrez d&#8217;exclusifs et \u00e9l\u00e9gants articles de bijouterie et de bijouterie fantaisie pour tous les go\u00fbts.<\/p>\n<ul>\n<li>Type: Boutons de manchette<\/li>\n<li>Genre: Homme<\/li>\n<li>Couleur: Argent\u00e9<\/li>\n<\/ul>","protected":false},"excerpt":{"rendered":"<p>Nous vons pr\u00e9sentons Boutons de manchette Montblanc 123802 et une vaste gamme de bagues, bracelets, boucles d&#8217;oreilles et pendentifs etc. \u00e0 bon prix. D\u00e9couvrez d&#8217;exclusifs et \u00e9l\u00e9gants articles de bijouterie et de bijouterie fantaisie pour tous les go\u00fbts. Type: Boutons de manchette Genre: Homme Couleur: Argent\u00e9<\/p>","protected":false},"featured_media":16929,"comment_status":"open","ping_status":"closed","template":"","meta":[],"product_brand":[846],"product_cat":[547,548,778,544],"product_tag":[103,723],"class_list":{"0":"post-16930","1":"product","2":"type-product","3":"status-publish","4":"has-post-thumbnail","6":"product_brand-brandp_437","7":"product_cat-accessoires","8":"product_cat-bijoux","9":"product_cat-broches-et-boutons-de-manchette","10":"product_cat-mode-accessoires","11":"product_tag-tag_1261","12":"product_tag-tag_1273","14":"first","15":"instock","16":"taxable","17":"shipping-taxable","18":"purchasable","19":"product-type-simple"},"_links":{"self":[{"href":"https:\/\/bigbuy.tupique.com\/es\/wp-json\/wp\/v2\/product\/16930","targetHints":{"allow":["GET"]}}],"collection":[{"href":"https:\/\/bigbuy.tupique.com\/es\/wp-json\/wp\/v2\/product"}],"about":[{"href":"https:\/\/bigbuy.tupique.com\/es\/wp-json\/wp\/v2\/types\/product"}],"replies":[{"embeddable":true,"href":"https:\/\/bigbuy.tupique.com\/es\/wp-json\/wp\/v2\/comments?post=16930"}],"wp:featuredmedia":[{"embeddable":true,"href":"https:\/\/bigbuy.tupique.com\/es\/wp-json\/wp\/v2\/media\/16929"}],"wp:attachment":[{"href":"https:\/\/bigbuy.tupique.com\/es\/wp-json\/wp\/v2\/media?parent=16930"}],"wp:term":[{"taxonomy":"product_brand","embeddable":true,"href":"https:\/\/bigbuy.tupique.com\/es\/wp-json\/wp\/v2\/product_brand?post=16930"},{"taxonomy":"product_cat","embeddable":true,"href":"https:\/\/bigbuy.tupique.com\/es\/wp-json\/wp\/v2\/product_cat?post=16930"},{"taxonomy":"product_tag","embeddable":true,"href":"https:\/\/bigbuy.tupique.com\/es\/wp-json\/wp\/v2\/product_tag?post=16930"}],"curies":[{"name":"wp","href":"https:\/\/api.w.org\/{rel}","templated":true}]}}