{"id":16813,"date":"2026-03-29T13:59:28","date_gmt":"2026-03-29T12:59:28","guid":{"rendered":"https:\/\/bigbuy.tupique.com\/produto\/headphones-with-microphone-turtle-beach-stealth-pro-black-2\/"},"modified":"2026-04-16T21:50:26","modified_gmt":"2026-04-16T20:50:26","slug":"headphones-with-microphone-turtle-beach-stealth-pro-black-2","status":"publish","type":"product","link":"https:\/\/bigbuy.tupique.com\/es\/produto\/headphones-with-microphone-turtle-beach-stealth-pro-black-2\/","title":{"rendered":"Casques avec Microphone Turtle Beach Stealth Pro Noir"},"content":{"rendered":"<p>Si vous \u00eates passionn\u00e9 d&#8217;<b>informatique et d&#8217;\u00e9lectronique<\/b>, si vous \u00eates \u00e0 la pointe de la technologie et qu&#8217;aucun d\u00e9tail ne vous \u00e9chappe, achetez <b>Casques avec Microphone Turtle Beach Stealth Pro Noir<\/b> au meilleur prix.<\/p>\n<p>Les <b>casques avec microphone Turtle Beach Stealth Pro<\/b> en couleur <b>noir<\/b> offrent une exp\u00e9rience audio sans fil avanc\u00e9e, id\u00e9ale pour le gaming et une communication claire. Ils int\u00e8grent une connectivit\u00e9 <b>Bluetooth 5.1<\/b> et radiofr\u00e9quence, garantissant une connexion stable et sans interruption avec les appareils compatibles, optimisant la libert\u00e9 de mouvement sans perte de qualit\u00e9 sonore. Leur design comprend un syst\u00e8me de <b>r\u00e9duction de bruit<\/b>, essentiel pour isoler l\u2019utilisateur des bruits ext\u00e9rieurs et am\u00e9liorer la clart\u00e9 \u00e0 la r\u00e9ception comme \u00e0 la transmission de la voix, gr\u00e2ce au microphone int\u00e9gr\u00e9. La connexion et la recharge se font via un <b>port USB-C<\/b>, facilitant une recharge rapide et efficace compatible avec les standards modernes. Ces casques sans fil se distinguent aussi par l\u2019inclusion d\u2019un guide d\u2019installation simplifiant leur configuration initiale, assurant une prise en main sans difficult\u00e9. La combinaison des technologies Bluetooth et radiofr\u00e9quence en fait des casques polyvalents et robustes, adapt\u00e9s aussi bien aux environnements gaming qu\u2019aux usages multim\u00e9dias en g\u00e9n\u00e9ral. Le mod\u00e8le Stealth Pro repr\u00e9sente une solution technique bien \u00e9quilibr\u00e9e dans la gamme Turtle Beach, offrant un son clair et une connectivit\u00e9 flexible pour les utilisateurs recherchant une exp\u00e9rience audio sans fil avec une bonne r\u00e9sistance aux interf\u00e9rences externes.<\/p>\n<ul>\n<li>Autonomie approx.: 12 heures<\/li>\n<li>Couleur: Noir<\/li>\n<li>Type:\n<ul>\n<li>Casques avec Microphone<\/li>\n<li>N\u00e9odyme<\/li>\n<\/ul>\n<\/li>\n<li>Caract\u00e9ristiques:\n<ul>\n<li>R\u00e9duction du bruit<\/li>\n<li>Sans fil<\/li>\n<li>Guide d&#8217;installation inclus<\/li>\n<li>Chargeur sans fil<\/li>\n<li>Batterie int\u00e9gr\u00e9e<\/li>\n<\/ul>\n<\/li>\n<li>Connexions: USB-C<\/li>\n<li>Connectivit\u00e9:\n<ul>\n<li>Bluetooth<\/li>\n<li>Fr\u00e9quence radio<\/li>\n<li>Bluetooth 5.1<\/li>\n<\/ul>\n<\/li>\n<li>Type de casque: Circonf\u00e9rence externe<\/li>\n<li>Langue: Anglais<\/li>\n<li>Port\u00e9e: 15 m<\/li>\n<li>Utilisation recommand\u00e9e: Jeux<\/li>\n<li>Batterie: Oui<\/li>\n<li>Inclut:\n<ul>\n<li>\u00c9tui<\/li>\n<li>Piles x 2<\/li>\n<li>Chargeur<\/li>\n<\/ul>\n<\/li>\n<li>Casque: Binaural<\/li>\n<li>Fr\u00e9quence:\n<ul>\n<li>2,4 GHz<\/li>\n<li>10 &#8211; 22000 Hz<\/li>\n<\/ul>\n<\/li>\n<\/ul>","protected":false},"excerpt":{"rendered":"<p>Si vous \u00eates passionn\u00e9 d&#8217;informatique et d&#8217;\u00e9lectronique, si vous \u00eates \u00e0 la pointe de la technologie et qu&#8217;aucun d\u00e9tail ne vous \u00e9chappe, achetez Casques avec Microphone Turtle Beach Stealth Pro Noir au meilleur prix. Les casques avec microphone Turtle Beach Stealth Pro en couleur noir offrent une exp\u00e9rience audio sans fil avanc\u00e9e, id\u00e9ale pour le [&hellip;]<\/p>\n","protected":false},"featured_media":16810,"comment_status":"open","ping_status":"closed","template":"","meta":[],"product_brand":[842],"product_cat":[758,575,65],"product_tag":[59,566,106],"class_list":{"0":"post-16813","1":"product","2":"type-product","3":"status-publish","4":"has-post-thumbnail","6":"product_brand-brandp_5689","7":"product_cat-casque-avec-microphone","8":"product_cat-electronique-telephonie-et-tablettes","9":"product_cat-informatique-electronique","10":"product_tag-tag_1304","11":"product_tag-tag_547","12":"product_tag-tag_1295","14":"first","15":"instock","16":"taxable","17":"shipping-taxable","18":"purchasable","19":"product-type-simple"},"_links":{"self":[{"href":"https:\/\/bigbuy.tupique.com\/es\/wp-json\/wp\/v2\/product\/16813","targetHints":{"allow":["GET"]}}],"collection":[{"href":"https:\/\/bigbuy.tupique.com\/es\/wp-json\/wp\/v2\/product"}],"about":[{"href":"https:\/\/bigbuy.tupique.com\/es\/wp-json\/wp\/v2\/types\/product"}],"replies":[{"embeddable":true,"href":"https:\/\/bigbuy.tupique.com\/es\/wp-json\/wp\/v2\/comments?post=16813"}],"wp:featuredmedia":[{"embeddable":true,"href":"https:\/\/bigbuy.tupique.com\/es\/wp-json\/wp\/v2\/media\/16810"}],"wp:attachment":[{"href":"https:\/\/bigbuy.tupique.com\/es\/wp-json\/wp\/v2\/media?parent=16813"}],"wp:term":[{"taxonomy":"product_brand","embeddable":true,"href":"https:\/\/bigbuy.tupique.com\/es\/wp-json\/wp\/v2\/product_brand?post=16813"},{"taxonomy":"product_cat","embeddable":true,"href":"https:\/\/bigbuy.tupique.com\/es\/wp-json\/wp\/v2\/product_cat?post=16813"},{"taxonomy":"product_tag","embeddable":true,"href":"https:\/\/bigbuy.tupique.com\/es\/wp-json\/wp\/v2\/product_tag?post=16813"}],"curies":[{"name":"wp","href":"https:\/\/api.w.org\/{rel}","templated":true}]}}