{"id":168126,"date":"2026-04-10T20:36:32","date_gmt":"2026-04-10T19:36:32","guid":{"rendered":"https:\/\/bigbuy.tupique.com\/produto\/webcam-owl-labs-bar\/"},"modified":"2026-04-15T00:50:03","modified_gmt":"2026-04-14T23:50:03","slug":"webcam-owl-labs-bar","status":"publish","type":"product","link":"https:\/\/bigbuy.tupique.com\/es\/produto\/webcam-owl-labs-bar\/","title":{"rendered":"Webcam Owl Labs Bar"},"content":{"rendered":"<p>Si vous \u00eates passionn\u00e9 d&#8217;<b>informatique et d&#8217;\u00e9lectronique<\/b>, si vous \u00eates \u00e0 la pointe de la technologie et qu&#8217;aucun d\u00e9tail ne vous \u00e9chappe, achetez <b>Webcam Owl Labs Bar<\/b> au meilleur prix.<\/p>\n<ul>\n<li>Connexions:\n<ul>\n<li>Ethernet LAN<\/li>\n<li>HDMI<\/li>\n<li>USB-C<\/li>\n<li>USB<\/li>\n<li>USB-C 3.2 Gen 1 (3.1 Gen 1)<\/li>\n<\/ul>\n<\/li>\n<li>Type: Webcam<\/li>\n<li>Couleur: Gris<\/li>\n<li>Caract\u00e9ristiques:\n<ul>\n<li>Haut-parleurs int\u00e9gr\u00e9s<\/li>\n<li>Microphone omnidirectionnel<\/li>\n<\/ul>\n<\/li>\n<li>Connectivit\u00e9: Wi-Fi<\/li>\n<li>R\u00e9solution: 4K Ultra HD<\/li>\n<li>Bloc d\u2019Alimentation:\n<ul>\n<li>CC<\/li>\n<li>DC<\/li>\n<\/ul>\n<\/li>\n<li>R\u00e9solution (px): 3840 x 2160 px<\/li>\n<li>puissance: 5 W<\/li>\n<li>Capteur: CMOS<\/li>\n<li>vitesse: 10\/100\/1000 Mbps<\/li>\n<li>Poids: 1,88 Kg<\/li>\n<li>Fr\u00e9quence: 100 &#8211; 10000 Hz<\/li>\n<\/ul>","protected":false},"excerpt":{"rendered":"<p>Si vous \u00eates passionn\u00e9 d&#8217;informatique et d&#8217;\u00e9lectronique, si vous \u00eates \u00e0 la pointe de la technologie et qu&#8217;aucun d\u00e9tail ne vous \u00e9chappe, achetez Webcam Owl Labs Bar au meilleur prix. Connexions: Ethernet LAN HDMI USB-C USB USB-C 3.2 Gen 1 (3.1 Gen 1) Type: Webcam Couleur: Gris Caract\u00e9ristiques: Haut-parleurs int\u00e9gr\u00e9s Microphone omnidirectionnel Connectivit\u00e9: Wi-Fi R\u00e9solution: [&hellip;]<\/p>\n","protected":false},"featured_media":168125,"comment_status":"open","ping_status":"closed","template":"","meta":[],"product_brand":[976],"product_cat":[65,581,607],"product_tag":[213,106],"class_list":{"0":"post-168126","1":"product","2":"type-product","3":"status-publish","4":"has-post-thumbnail","6":"product_brand-brandp_8715","7":"product_cat-informatique-electronique","8":"product_cat-informatique-peripheriques-et-consommables","9":"product_cat-webcam","10":"product_tag-tag_933","11":"product_tag-tag_1295","13":"first","14":"instock","15":"taxable","16":"shipping-taxable","17":"purchasable","18":"product-type-simple"},"_links":{"self":[{"href":"https:\/\/bigbuy.tupique.com\/es\/wp-json\/wp\/v2\/product\/168126","targetHints":{"allow":["GET"]}}],"collection":[{"href":"https:\/\/bigbuy.tupique.com\/es\/wp-json\/wp\/v2\/product"}],"about":[{"href":"https:\/\/bigbuy.tupique.com\/es\/wp-json\/wp\/v2\/types\/product"}],"replies":[{"embeddable":true,"href":"https:\/\/bigbuy.tupique.com\/es\/wp-json\/wp\/v2\/comments?post=168126"}],"wp:featuredmedia":[{"embeddable":true,"href":"https:\/\/bigbuy.tupique.com\/es\/wp-json\/wp\/v2\/media\/168125"}],"wp:attachment":[{"href":"https:\/\/bigbuy.tupique.com\/es\/wp-json\/wp\/v2\/media?parent=168126"}],"wp:term":[{"taxonomy":"product_brand","embeddable":true,"href":"https:\/\/bigbuy.tupique.com\/es\/wp-json\/wp\/v2\/product_brand?post=168126"},{"taxonomy":"product_cat","embeddable":true,"href":"https:\/\/bigbuy.tupique.com\/es\/wp-json\/wp\/v2\/product_cat?post=168126"},{"taxonomy":"product_tag","embeddable":true,"href":"https:\/\/bigbuy.tupique.com\/es\/wp-json\/wp\/v2\/product_tag?post=168126"}],"curies":[{"name":"wp","href":"https:\/\/api.w.org\/{rel}","templated":true}]}}