{"id":16797,"date":"2026-03-29T13:59:07","date_gmt":"2026-03-29T12:59:07","guid":{"rendered":"https:\/\/bigbuy.tupique.com\/produto\/projector-epson-co-w01-3000-lm\/"},"modified":"2026-04-15T00:48:01","modified_gmt":"2026-04-14T23:48:01","slug":"projector-epson-co-w01-3000-lm","status":"publish","type":"product","link":"https:\/\/bigbuy.tupique.com\/es\/produto\/projector-epson-co-w01-3000-lm\/","title":{"rendered":"Projecteur Epson CO-W01 3000 lm"},"content":{"rendered":"<p>Si vous \u00eates passionn\u00e9 d&#8217;<b>informatique et d&#8217;\u00e9lectronique<\/b>, si vous \u00eates \u00e0 la pointe de la technologie et qu&#8217;aucun d\u00e9tail ne vous \u00e9chappe, achetez <b>Projecteur Epson CO-W01 3000 lm<\/b> au meilleur prix.<\/p>\n<p>Le <b>CO-W01<\/b> d\u2019Epson est un <b>projecteur<\/b> compact et polyvalent, con\u00e7u pour offrir des images nettes et lumineuses aussi bien dans les environnements professionnels qu\u2019\u00e9ducatifs. Sa technologie de projection LCD garantit une reproduction des couleurs pr\u00e9cise et homog\u00e8ne, optimis\u00e9e pour les pr\u00e9sentations et les contenus multim\u00e9dias. Ce mod\u00e8le propose une <b>r\u00e9solution XGA<\/b>, permettant d\u2019afficher des d\u00e9tails nets au format natif 4:3, adapt\u00e9 \u00e0 de nombreuses applications. Avec une <b>luminosit\u00e9 de 3000 lumens ANSI<\/b>, le projecteur assure des images claires m\u00eame dans des pi\u00e8ces \u00e9clair\u00e9es, facilitant la visualisation sans obscurit\u00e9 totale. Le <b>CO-W01<\/b> offre une connectivit\u00e9 \u00e9tendue, incluant <b>HDMI 1.4, USB 2.0 et USB-B<\/b>, permettant la connexion directe \u00e0 des ordinateurs, lecteurs multim\u00e9dias et p\u00e9riph\u00e9riques de stockage externes. Son design <b>blanc<\/b> et son format compact de 30 cm s\u2019int\u00e8grent discr\u00e8tement dans tout espace, facilitant l\u2019installation et le transport. Le format d\u2019image 16:10 \u00e9largit les possibilit\u00e9s d\u2019affichage et convient parfaitement aux pr\u00e9sentations modernes. Il ne dispose pas de fonctionnalit\u00e9s sans fil ni de capacit\u00e9s interactives, ce qui en fait une solution robuste et simple pour ceux qui privil\u00e9gient la fiabilit\u00e9 et la facilit\u00e9 d\u2019utilisation dans des environnements o\u00f9 la connexion filaire est essentielle. Ce projecteur Epson constitue une solution efficace pour des pr\u00e9sentations visuellement percutantes et une connectivit\u00e9 flexible dans les salles de r\u00e9union, les salles de classe ou les petits auditoriums.<\/p>\n<ul>\n<li>Type de prise: Prise EU<\/li>\n<li>Type: Projecteur<\/li>\n<li>Connexions:\n<ul>\n<li>USB 2.0<\/li>\n<li>HDMI 1.4<\/li>\n<li>HDMI<\/li>\n<li>USB B 2.0 x 1<\/li>\n<\/ul>\n<\/li>\n<li>Fr\u00e9quence: 50-60 Hz<\/li>\n<li>Couleur: Blanc<\/li>\n<li>Largeur: 30 cm<\/li>\n<li>Rapport d&#8217;aspect: 16:10<\/li>\n<li>Bloc d\u2019Alimentation: Cordon d&#8217;alimentation CA<\/li>\n<li>Piles incluses: Oui<\/li>\n<li>Inclut: T\u00e9l\u00e9commande<\/li>\n<li>Tension: 100 &#8211; 240 V<\/li>\n<li>Fr\u00e9quence d&#8217;entr\u00e9e AC: 50-60 Hz<\/li>\n<li>Flux lumineux: 3000 lm<\/li>\n<li>Connecteurs: Kensington<\/li>\n<li>Full HD: Non<\/li>\n<li>Caract\u00e9ristiques: Haut-parleurs int\u00e9gr\u00e9s<\/li>\n<li>Ann\u00e9e: 2022<\/li>\n<\/ul>","protected":false},"excerpt":{"rendered":"<p>Si vous \u00eates passionn\u00e9 d&#8217;informatique et d&#8217;\u00e9lectronique, si vous \u00eates \u00e0 la pointe de la technologie et qu&#8217;aucun d\u00e9tail ne vous \u00e9chappe, achetez Projecteur Epson CO-W01 3000 lm au meilleur prix. Le CO-W01 d\u2019Epson est un projecteur compact et polyvalent, con\u00e7u pour offrir des images nettes et lumineuses aussi bien dans les environnements professionnels qu\u2019\u00e9ducatifs. [&hellip;]<\/p>\n","protected":false},"featured_media":16792,"comment_status":"open","ping_status":"closed","template":"","meta":[],"product_brand":[632],"product_cat":[65,581,583],"product_tag":[213,104],"class_list":{"0":"post-16797","1":"product","2":"type-product","3":"status-publish","4":"has-post-thumbnail","6":"product_brand-brandp_547","7":"product_cat-informatique-electronique","8":"product_cat-informatique-peripheriques-et-consommables","9":"product_cat-projecteurs","10":"product_tag-tag_933","11":"product_tag-tag_1279","13":"first","14":"instock","15":"taxable","16":"shipping-taxable","17":"purchasable","18":"product-type-simple"},"_links":{"self":[{"href":"https:\/\/bigbuy.tupique.com\/es\/wp-json\/wp\/v2\/product\/16797","targetHints":{"allow":["GET"]}}],"collection":[{"href":"https:\/\/bigbuy.tupique.com\/es\/wp-json\/wp\/v2\/product"}],"about":[{"href":"https:\/\/bigbuy.tupique.com\/es\/wp-json\/wp\/v2\/types\/product"}],"replies":[{"embeddable":true,"href":"https:\/\/bigbuy.tupique.com\/es\/wp-json\/wp\/v2\/comments?post=16797"}],"wp:featuredmedia":[{"embeddable":true,"href":"https:\/\/bigbuy.tupique.com\/es\/wp-json\/wp\/v2\/media\/16792"}],"wp:attachment":[{"href":"https:\/\/bigbuy.tupique.com\/es\/wp-json\/wp\/v2\/media?parent=16797"}],"wp:term":[{"taxonomy":"product_brand","embeddable":true,"href":"https:\/\/bigbuy.tupique.com\/es\/wp-json\/wp\/v2\/product_brand?post=16797"},{"taxonomy":"product_cat","embeddable":true,"href":"https:\/\/bigbuy.tupique.com\/es\/wp-json\/wp\/v2\/product_cat?post=16797"},{"taxonomy":"product_tag","embeddable":true,"href":"https:\/\/bigbuy.tupique.com\/es\/wp-json\/wp\/v2\/product_tag?post=16797"}],"curies":[{"name":"wp","href":"https:\/\/api.w.org\/{rel}","templated":true}]}}