{"id":167514,"date":"2026-04-10T19:15:46","date_gmt":"2026-04-10T18:15:46","guid":{"rendered":"https:\/\/bigbuy.tupique.com\/produto\/ladies-watch-tissot-bridgeport-o-29-mm-2\/"},"modified":"2026-04-15T09:10:40","modified_gmt":"2026-04-15T08:10:40","slug":"ladies-watch-tissot-bridgeport-o-29-mm-2","status":"publish","type":"product","link":"https:\/\/bigbuy.tupique.com\/es\/produto\/ladies-watch-tissot-bridgeport-o-29-mm-2\/","title":{"rendered":"Montre Femme Tissot BRIDGEPORT (\u00d8 29 mm)"},"content":{"rendered":"<p>Si vous aimez suivre les derni\u00e8res tendances en mati\u00e8re de mode et accessoires, achetez <b>Montre Femme Tissot BRIDGEPORT (\u00d8 29 mm)<\/b> au meilleur prix.<\/p>\n<ul>\n<li>Liens suppl\u00e9mentaires: Non<\/li>\n<li>Type de montre: Montre-bracelet<\/li>\n<li>Type de fermeture: Pression<\/li>\n<li>Couleur du cadran: Blanc<\/li>\n<li>Couleur du bo\u00eetier de l&#8217;horloge: Gris<\/li>\n<li>Couleur du bracelet: Gris<\/li>\n<li>Fonctions: Date<\/li>\n<li>Genre: Femme<\/li>\n<li>Mat\u00e9riau du bracelet: Acier inoxydable<\/li>\n<li>Inclut: Inclut un \u00e9tui ou une housse de la marque<\/li>\n<li>Imperm\u00e9abilit\u00e9: 5 atm<\/li>\n<li>Verre: Saphir<\/li>\n<li>Type de mouvement: Quartz<\/li>\n<li>Diam\u00e8tre du bo\u00eetier de la montre: \u00d8 29 mm<\/li>\n<li>Couleur: Argent\u00e9<\/li>\n<li>Fonctionne \u00e0 piles: 1 CR2<\/li>\n<\/ul>","protected":false},"excerpt":{"rendered":"<p>Si vous aimez suivre les derni\u00e8res tendances en mati\u00e8re de mode et accessoires, achetez Montre Femme Tissot BRIDGEPORT (\u00d8 29 mm) au meilleur prix. Liens suppl\u00e9mentaires: Non Type de montre: Montre-bracelet Type de fermeture: Pression Couleur du cadran: Blanc Couleur du bo\u00eetier de l&#8217;horloge: Gris Couleur du bracelet: Gris Fonctions: Date Genre: Femme Mat\u00e9riau du [&hellip;]<\/p>\n","protected":false},"featured_media":168812,"comment_status":"open","ping_status":"closed","template":"","meta":[],"product_brand":[794],"product_cat":[544,546,545],"product_tag":[103,542,543],"class_list":{"0":"post-167514","1":"product","2":"type-product","3":"status-publish","4":"has-post-thumbnail","6":"product_brand-brandp_1719","7":"product_cat-mode-accessoires","8":"product_cat-montres-femme","9":"product_cat-montres-bracelets","10":"product_tag-tag_1261","11":"product_tag-tag_1274","12":"product_tag-tag_61","14":"first","15":"instock","16":"taxable","17":"shipping-taxable","18":"purchasable","19":"product-type-simple"},"_links":{"self":[{"href":"https:\/\/bigbuy.tupique.com\/es\/wp-json\/wp\/v2\/product\/167514","targetHints":{"allow":["GET"]}}],"collection":[{"href":"https:\/\/bigbuy.tupique.com\/es\/wp-json\/wp\/v2\/product"}],"about":[{"href":"https:\/\/bigbuy.tupique.com\/es\/wp-json\/wp\/v2\/types\/product"}],"replies":[{"embeddable":true,"href":"https:\/\/bigbuy.tupique.com\/es\/wp-json\/wp\/v2\/comments?post=167514"}],"wp:featuredmedia":[{"embeddable":true,"href":"https:\/\/bigbuy.tupique.com\/es\/wp-json\/wp\/v2\/media\/168812"}],"wp:attachment":[{"href":"https:\/\/bigbuy.tupique.com\/es\/wp-json\/wp\/v2\/media?parent=167514"}],"wp:term":[{"taxonomy":"product_brand","embeddable":true,"href":"https:\/\/bigbuy.tupique.com\/es\/wp-json\/wp\/v2\/product_brand?post=167514"},{"taxonomy":"product_cat","embeddable":true,"href":"https:\/\/bigbuy.tupique.com\/es\/wp-json\/wp\/v2\/product_cat?post=167514"},{"taxonomy":"product_tag","embeddable":true,"href":"https:\/\/bigbuy.tupique.com\/es\/wp-json\/wp\/v2\/product_tag?post=167514"}],"curies":[{"name":"wp","href":"https:\/\/api.w.org\/{rel}","templated":true}]}}