{"id":167278,"date":"2026-04-10T18:57:49","date_gmt":"2026-04-10T17:57:49","guid":{"rendered":"https:\/\/bigbuy.tupique.com\/produto\/lawn-mower-black-decker-bcmw3318l2-qw-18-v\/"},"modified":"2026-05-11T20:02:16","modified_gmt":"2026-05-11T18:02:16","slug":"lawn-mower-black-decker-bcmw3318l2-qw-18-v","status":"publish","type":"product","link":"https:\/\/bigbuy.tupique.com\/es\/produto\/lawn-mower-black-decker-bcmw3318l2-qw-18-v\/","title":{"rendered":"Tondeuse \u00e0 gazon Black &amp; Decker BCMW3318L2-QW 18 V"},"content":{"rendered":"<p>Si vous aimez prendre soin de chaque d\u00e9tail de votre maison et d&#8217;\u00eatre \u00e0 la derni\u00e8re mode en mati\u00e8re de produits qui vous rendront la vie plus facile, achetez <b>Tondeuse \u00e0 gazon Black &amp; Decker BCMW3318L2-QW 18 V<\/b> au meilleur prix.<\/p>\n<p>La <b>tondeuse<\/b> sans fil <b>BCMW3318L2-QW<\/b> de <b>Black &amp; Decker<\/b> est un outil pratique et efficace pour l\u2019entretien des jardins domestiques. Elle fonctionne avec une puissante batterie <b>18 V<\/b> \u00e0 technologie <b>lithium<\/b>, offrant une autonomie suffisante pour un travail continu sans contrainte de c\u00e2ble, facilitant ainsi la maniabilit\u00e9 dans les espaces larges et difficiles d\u2019acc\u00e8s. Sa largeur de coupe de <b>33 cm<\/b> permet un travail rapide et uniforme, id\u00e9al pour les pelouses de petite et moyenne taille, tandis que l\u2019int\u00e9gration de <b>deux batteries de 2,5 Ah<\/b> garantit une plus longue dur\u00e9e d\u2019utilisation, en alternant leur emploi ou en profitant d\u2019un temps de charge efficace avec le chargeur inclus. Son design en couleur <b>noir<\/b> et sa construction robuste assurent durabilit\u00e9 et r\u00e9sistance \u00e0 l\u2019usure li\u00e9e \u00e0 un usage ext\u00e9rieur r\u00e9gulier. De plus, la tondeuse se distingue par un <b>indice de r\u00e9parabilit\u00e9 de 7,8<\/b>, facilitant l\u2019entretien et prolongeant la dur\u00e9e de vie de l\u2019appareil, refl\u00e9tant un bon \u00e9quilibre entre accessibilit\u00e9 aux r\u00e9parations et conception technique. Le fonctionnement sans fil \u00e9limine les g\u00eanes li\u00e9es aux c\u00e2bles, tandis que la puissance et la capacit\u00e9 de la batterie garantissent une coupe efficace et continue sans perte de performance. Sa composition et ses performances en font une option pratique et fonctionnelle pour ceux qui recherchent une solution sans fil alliant autonomie, confort et qualit\u00e9 reconnue de la marque Black &amp; Decker. En r\u00e9sum\u00e9, le BCMW3318L2-QW est une tondeuse sans fil offrant polyvalence et performance, adapt\u00e9e \u00e0 l\u2019entretien quotidien du gazon avec un accent sur la mobilit\u00e9 et l\u2019efficacit\u00e9.<\/p>\n<ul>\n<li>Tension: 18 V<\/li>\n<li>Inclut: Chargeur de batterie<\/li>\n<\/ul>","protected":false},"excerpt":{"rendered":"<p><span class=\"unit-info\">9.8854 &euro; \/ 1 l<\/span><\/p>","protected":false},"featured_media":167263,"comment_status":"open","ping_status":"closed","template":"","meta":[],"product_brand":[978],"product_cat":[613,239],"product_tag":[59,210],"class_list":{"0":"post-167278","1":"product","2":"type-product","3":"status-publish","4":"has-post-thumbnail","6":"product_brand-brandp_1267","7":"product_cat-bricolage-et-materiel","8":"product_cat-maison-jardin","9":"product_tag-tag_1304","10":"product_tag-tag_25","12":"first","13":"instock","14":"taxable","15":"shipping-taxable","16":"purchasable","17":"product-type-simple"},"_links":{"self":[{"href":"https:\/\/bigbuy.tupique.com\/es\/wp-json\/wp\/v2\/product\/167278","targetHints":{"allow":["GET"]}}],"collection":[{"href":"https:\/\/bigbuy.tupique.com\/es\/wp-json\/wp\/v2\/product"}],"about":[{"href":"https:\/\/bigbuy.tupique.com\/es\/wp-json\/wp\/v2\/types\/product"}],"replies":[{"embeddable":true,"href":"https:\/\/bigbuy.tupique.com\/es\/wp-json\/wp\/v2\/comments?post=167278"}],"wp:featuredmedia":[{"embeddable":true,"href":"https:\/\/bigbuy.tupique.com\/es\/wp-json\/wp\/v2\/media\/167263"}],"wp:attachment":[{"href":"https:\/\/bigbuy.tupique.com\/es\/wp-json\/wp\/v2\/media?parent=167278"}],"wp:term":[{"taxonomy":"product_brand","embeddable":true,"href":"https:\/\/bigbuy.tupique.com\/es\/wp-json\/wp\/v2\/product_brand?post=167278"},{"taxonomy":"product_cat","embeddable":true,"href":"https:\/\/bigbuy.tupique.com\/es\/wp-json\/wp\/v2\/product_cat?post=167278"},{"taxonomy":"product_tag","embeddable":true,"href":"https:\/\/bigbuy.tupique.com\/es\/wp-json\/wp\/v2\/product_tag?post=167278"}],"curies":[{"name":"wp","href":"https:\/\/api.w.org\/{rel}","templated":true}]}}