{"id":167254,"date":"2026-04-10T18:56:54","date_gmt":"2026-04-10T17:56:54","guid":{"rendered":"https:\/\/bigbuy.tupique.com\/produto\/lawn-mower-black-decker-36-v\/"},"modified":"2026-05-11T20:02:16","modified_gmt":"2026-05-11T18:02:16","slug":"lawn-mower-black-decker-36-v","status":"publish","type":"product","link":"https:\/\/bigbuy.tupique.com\/es\/produto\/lawn-mower-black-decker-36-v\/","title":{"rendered":"Tondeuse \u00e0 gazon Black &amp; Decker 36 V"},"content":{"rendered":"<p>Si vous aimez prendre soin de chaque d\u00e9tail de votre maison et d&#8217;\u00eatre \u00e0 la derni\u00e8re mode en mati\u00e8re de produits qui vous rendront la vie plus facile, achetez <b>Tondeuse \u00e0 gazon Black &amp; Decker 36 V<\/b> au meilleur prix.<\/p>\n<p>La tondeuse <b>Black &amp; Decker<\/b> sans fil combine puissance et polyvalence pour un entretien efficace du jardin, gr\u00e2ce \u00e0 sa <b>technologie innovante Autosense\u2122<\/b> qui ajuste automatiquement la vitesse pour optimiser l\u2019autonomie \u00e0 chaque utilisation. Dot\u00e9e d\u2019une puissance de <b>1800 W<\/b> et fonctionnant avec deux batteries <b>36 V et 2 Ah<\/b>, cette tondeuse offre jusqu\u2019\u00e0 <b>45 minutes d\u2019utilisation continue<\/b> sans interruption, assurant une grande autonomie pour les travaux moyens et importants sans c\u00e2ble. Sa largeur de coupe de <b>48 cm<\/b> permet une couverture rapide et uniforme, tandis que sa capacit\u00e9 de collecte de <b>50 litres<\/b> r\u00e9duit la fr\u00e9quence de vidage, am\u00e9liorant l\u2019efficacit\u00e9 de coupe. Elle propose trois modes de gestion de l\u2019herbe : mulching pour fertiliser le sol, \u00e9vacuation lat\u00e9rale ou ramassage, s\u2019adaptant aux besoins et \u00e9tats vari\u00e9s du gazon. L\u2019utilisateur peut r\u00e9gler la hauteur de coupe sur <b>7 positions diff\u00e9rentes<\/b>, pour un fini pr\u00e9cis quel que soit le type de pelouse ou la saison. Son design ergonomique comprend une poign\u00e9e de d\u00e9marrage en forme de poussette, facilitant la prise en main et le d\u00e9placement, adapt\u00e9e aux droitiers comme aux gauchers, am\u00e9liorant confort et maniabilit\u00e9. Les couleurs <b>noir et orange<\/b> apportent une touche moderne et professionnelle, signature de Black &amp; Decker. Cette tondeuse sans fil se pr\u00e9sente comme une solution pratique et performante pour ceux qui recherchent un outil robuste, sans c\u00e2ble, avec une gestion intelligente de la puissance pour l\u2019entretien r\u00e9gulier et intensif du gazon.<\/p>\n<ul>\n<li>Fonctions: D\u00e9chiqueteuse<\/li>\n<li>Couleur:\n<ul>\n<li>Noir<\/li>\n<li>Orange<\/li>\n<\/ul>\n<\/li>\n<li>Caract\u00e9ristiques: Manuel<\/li>\n<li>Tension: 36 V<\/li>\n<li>Fonctionne \u00e0 piles: Oui<\/li>\n<li>Inclut: Batterie<\/li>\n<li>Type de batterie:\n<ul>\n<li>Lithium<\/li>\n<li>Litio Ion<\/li>\n<\/ul>\n<\/li>\n<\/ul>","protected":false},"excerpt":{"rendered":"<p><span class=\"unit-info\">11.3798 &euro; \/ 1 l<\/span><\/p>","protected":false},"featured_media":167253,"comment_status":"open","ping_status":"closed","template":"","meta":[],"product_brand":[978],"product_cat":[613,239],"product_tag":[59,210],"class_list":{"0":"post-167254","1":"product","2":"type-product","3":"status-publish","4":"has-post-thumbnail","6":"product_brand-brandp_1267","7":"product_cat-bricolage-et-materiel","8":"product_cat-maison-jardin","9":"product_tag-tag_1304","10":"product_tag-tag_25","12":"first","13":"instock","14":"taxable","15":"shipping-taxable","16":"purchasable","17":"product-type-simple"},"_links":{"self":[{"href":"https:\/\/bigbuy.tupique.com\/es\/wp-json\/wp\/v2\/product\/167254","targetHints":{"allow":["GET"]}}],"collection":[{"href":"https:\/\/bigbuy.tupique.com\/es\/wp-json\/wp\/v2\/product"}],"about":[{"href":"https:\/\/bigbuy.tupique.com\/es\/wp-json\/wp\/v2\/types\/product"}],"replies":[{"embeddable":true,"href":"https:\/\/bigbuy.tupique.com\/es\/wp-json\/wp\/v2\/comments?post=167254"}],"wp:featuredmedia":[{"embeddable":true,"href":"https:\/\/bigbuy.tupique.com\/es\/wp-json\/wp\/v2\/media\/167253"}],"wp:attachment":[{"href":"https:\/\/bigbuy.tupique.com\/es\/wp-json\/wp\/v2\/media?parent=167254"}],"wp:term":[{"taxonomy":"product_brand","embeddable":true,"href":"https:\/\/bigbuy.tupique.com\/es\/wp-json\/wp\/v2\/product_brand?post=167254"},{"taxonomy":"product_cat","embeddable":true,"href":"https:\/\/bigbuy.tupique.com\/es\/wp-json\/wp\/v2\/product_cat?post=167254"},{"taxonomy":"product_tag","embeddable":true,"href":"https:\/\/bigbuy.tupique.com\/es\/wp-json\/wp\/v2\/product_tag?post=167254"}],"curies":[{"name":"wp","href":"https:\/\/api.w.org\/{rel}","templated":true}]}}