{"id":16714,"date":"2026-03-29T13:57:20","date_gmt":"2026-03-29T12:57:20","guid":{"rendered":"https:\/\/bigbuy.tupique.com\/produto\/uninterruptible-power-supply-system-interactive-ups-eaton-pro-850-din\/"},"modified":"2026-05-11T20:02:23","modified_gmt":"2026-05-11T18:02:23","slug":"uninterruptible-power-supply-system-interactive-ups-eaton-pro-850-din","status":"publish","type":"product","link":"https:\/\/bigbuy.tupique.com\/es\/produto\/uninterruptible-power-supply-system-interactive-ups-eaton-pro-850-din\/","title":{"rendered":"Syst\u00e8me d&#8217;Alimentation Sans Interruption Interactif Eaton PRO 850 DIN"},"content":{"rendered":"<p>Si vous \u00eates passionn\u00e9 d&#8217;<b>informatique et d&#8217;\u00e9lectronique<\/b>, si vous \u00eates \u00e0 la pointe de la technologie et qu&#8217;aucun d\u00e9tail ne vous \u00e9chappe, achetez <b>Syst\u00e8me d&#8217;Alimentation Sans Interruption Interactif Eaton PRO 850 DIN<\/b> au meilleur prix.<\/p>\n<p>Le <b>ELP850DIN<\/b> de <b>Eaton<\/b> est un <b>onduleur interactif<\/b> qui offre une excellente protection pour les \u00e9quipements \u00e9lectroniques contre les coupures de courant et les variations d\u2019alimentation \u00e9lectrique. Avec une <b>puissance de 510 W<\/b>, cet appareil garantit un fonctionnement stable et prolong\u00e9, id\u00e9al pour les environnements professionnels et particuliers o\u00f9 la continuit\u00e9 \u00e9nerg\u00e9tique est essentielle. Son design en couleur <b>noir<\/b> allie discr\u00e9tion et robustesse, tandis que l\u2019int\u00e9gration d\u2019un <b>\u00e9cran LCD<\/b> facilite la visualisation claire et directe de l\u2019\u00e9tat de l\u2019unit\u00e9 ainsi que le contr\u00f4le des param\u00e8tres essentiels en temps r\u00e9el. L\u2019ELP850DIN utilise la technologie <b>VRLA<\/b> avec des batteries plomb-acide scell\u00e9es, n\u00e9cessitant peu d\u2019entretien et offrant une bonne autonomie. Son mode interactif permet une r\u00e9ponse rapide aux fluctuations \u00e9lectriques, prot\u00e9geant aussi bien contre les surtensions que les baisses de tension. De plus, il dispose d\u2019un syst\u00e8me de <b>d\u00e9marrage \u00e0 froid<\/b>, permettant son activation m\u00eame en l\u2019absence d\u2019alimentation pr\u00e9alable, un atout cl\u00e9 en cas d\u2019urgence. L\u2019\u00e9quipement comprend \u00e9galement un <b>indicateur de surcharge<\/b>, qui avertit si la demande d\u00e9passe la capacit\u00e9 support\u00e9e, assurant que l\u2019utilisateur puisse agir rapidement pour \u00e9viter tout dommage. Son approche pratique et technique positionne l\u2019Elipse PRO 850 DIN comme une solution fiable pour pr\u00e9server l\u2019int\u00e9grit\u00e9 et la fonctionnalit\u00e9 des dispositifs informatiques, appareils \u00e9lectroniques et syst\u00e8mes de communication, minimisant les interruptions et les d\u00e9g\u00e2ts caus\u00e9s par les d\u00e9faillances \u00e9lectriques. Ce mod\u00e8le constitue une option solide dans la gamme moyenne des alimentations sans coupure, destin\u00e9e aux utilisateurs recherchant qualit\u00e9 et performance constante selon des standards professionnels.<\/p>\n<ul>\n<li>Type:\n<ul>\n<li>Bloc d\u2019Alimentation<\/li>\n<li>Syst\u00e8me d&#8217;Alimentation Sans Interruption Interactif<\/li>\n<\/ul>\n<\/li>\n<li>Produit \u00e0 brancher: Oui<\/li>\n<li>Type de prise:\n<ul>\n<li>Prise EU<\/li>\n<li>F<\/li>\n<\/ul>\n<\/li>\n<li>Technologie:\n<ul>\n<li>LCD<\/li>\n<li>VRLA<\/li>\n<\/ul>\n<\/li>\n<li>Bloc d\u2019Alimentation: r\u00e9seau \u00e9lectrique<\/li>\n<li>Couleur:\n<ul>\n<li>Noir<\/li>\n<li>noir<\/li>\n<\/ul>\n<\/li>\n<li>Caract\u00e9ristiques:\n<ul>\n<li>\u00c9cran LCD<\/li>\n<li>Interactif<\/li>\n<li>D\u00e9marrage \u00e0 froid<\/li>\n<li>Indicateur de surcharge<\/li>\n<li>T\u00e9moin de fonctionnement LED<\/li>\n<\/ul>\n<\/li>\n<li>Connexions:\n<ul>\n<li>USB<\/li>\n<li>USB 2.0<\/li>\n<li>RJ45<\/li>\n<li>AC x 4<\/li>\n<li>C14<\/li>\n<\/ul>\n<\/li>\n<li>Tension:\n<ul>\n<li>220 V<\/li>\n<li>230 V<\/li>\n<\/ul>\n<\/li>\n<li>Tension de sortie: 240 V<\/li>\n<li>Facteur de forme: Tower<\/li>\n<li>Fr\u00e9quence: 50\/60 Hz<\/li>\n<li>puissance: 510 W<\/li>\n<\/ul>","protected":false},"excerpt":{"rendered":"<p>Si vous \u00eates passionn\u00e9 d&#8217;informatique et d&#8217;\u00e9lectronique, si vous \u00eates \u00e0 la pointe de la technologie et qu&#8217;aucun d\u00e9tail ne vous \u00e9chappe, achetez Syst\u00e8me d&#8217;Alimentation Sans Interruption Interactif Eaton PRO 850 DIN au meilleur prix. Le ELP850DIN de Eaton est un onduleur interactif qui offre une excellente protection pour les \u00e9quipements \u00e9lectroniques contre les coupures [&hellip;]<\/p>\n","protected":false},"featured_media":16712,"comment_status":"open","ping_status":"closed","template":"","meta":[],"product_brand":[652],"product_cat":[65,581,603],"product_tag":[59,106],"class_list":{"0":"post-16714","1":"product","2":"type-product","3":"status-publish","4":"has-post-thumbnail","6":"product_brand-brandp_4815","7":"product_cat-informatique-electronique","8":"product_cat-informatique-peripheriques-et-consommables","9":"product_cat-ups","10":"product_tag-tag_1304","11":"product_tag-tag_1295","13":"first","14":"instock","15":"taxable","16":"shipping-taxable","17":"purchasable","18":"product-type-simple"},"_links":{"self":[{"href":"https:\/\/bigbuy.tupique.com\/es\/wp-json\/wp\/v2\/product\/16714","targetHints":{"allow":["GET"]}}],"collection":[{"href":"https:\/\/bigbuy.tupique.com\/es\/wp-json\/wp\/v2\/product"}],"about":[{"href":"https:\/\/bigbuy.tupique.com\/es\/wp-json\/wp\/v2\/types\/product"}],"replies":[{"embeddable":true,"href":"https:\/\/bigbuy.tupique.com\/es\/wp-json\/wp\/v2\/comments?post=16714"}],"wp:featuredmedia":[{"embeddable":true,"href":"https:\/\/bigbuy.tupique.com\/es\/wp-json\/wp\/v2\/media\/16712"}],"wp:attachment":[{"href":"https:\/\/bigbuy.tupique.com\/es\/wp-json\/wp\/v2\/media?parent=16714"}],"wp:term":[{"taxonomy":"product_brand","embeddable":true,"href":"https:\/\/bigbuy.tupique.com\/es\/wp-json\/wp\/v2\/product_brand?post=16714"},{"taxonomy":"product_cat","embeddable":true,"href":"https:\/\/bigbuy.tupique.com\/es\/wp-json\/wp\/v2\/product_cat?post=16714"},{"taxonomy":"product_tag","embeddable":true,"href":"https:\/\/bigbuy.tupique.com\/es\/wp-json\/wp\/v2\/product_tag?post=16714"}],"curies":[{"name":"wp","href":"https:\/\/api.w.org\/{rel}","templated":true}]}}