{"id":167034,"date":"2026-04-10T18:17:51","date_gmt":"2026-04-10T17:17:51","guid":{"rendered":"https:\/\/bigbuy.tupique.com\/produto\/freezer-tensai-tcheu430duovd\/"},"modified":"2026-04-16T14:32:59","modified_gmt":"2026-04-16T13:32:59","slug":"freezer-tensai-tcheu430duovd","status":"publish","type":"product","link":"https:\/\/bigbuy.tupique.com\/es\/produto\/freezer-tensai-tcheu430duovd\/","title":{"rendered":"Cong\u00e9lateur Tensai TCHEU430DUOVD"},"content":{"rendered":"<p>Si vous pensez r\u00e9nover votre cuisine, achetez <b>Cong\u00e9lateur Tensai TCHEU430DUOVD<\/b> et d\u00b4autres <b>produits Tensai<\/b> !<\/p>\n<p>Le <b>cong\u00e9lateur TCHEU430DUOVD<\/b> de la marque <b>Tensai<\/b> est un appareil con\u00e7u pour offrir des solutions pratiques de stockage frigorifique avec une grande capacit\u00e9, id\u00e9al pour un usage domestique ou de petits commerces. Il se pr\u00e9sente dans une finition \u00e9l\u00e9gante <b>blanche<\/b> qui facilite son int\u00e9gration dans tout espace, gr\u00e2ce \u00e0 son design <b>\u00e0 pose libre<\/b> permettant une installation sans contraintes structurelles. Ce mod\u00e8le poss\u00e8de des dimensions compactes mais volumineuses, avec une hauteur de <b>86 cm<\/b> et un volume utile d\u2019environ <b>433 litres<\/b>, offrant suffisamment d\u2019espace pour conserver de grandes quantit\u00e9s d\u2019aliments congel\u00e9s. Sa classe \u00e9nerg\u00e9tique est <b>F<\/b>, indiquant une consommation mod\u00e9r\u00e9e dans sa cat\u00e9gorie, et il pr\u00e9sente un <b>niveau sonore de 42 dB<\/b>, garantissant un fonctionnement silencieux, non g\u00eanant en milieu domestique. Il fonctionne en courant <b>50 Hz<\/b> et constitue une option pratique pour ceux qui recherchent un cong\u00e9lateur ind\u00e9pendant de taille moyenne ne n\u00e9cessitant pas d\u2019installation fixe. Sa structure est con\u00e7ue pour maintenir une temp\u00e9rature constante, pr\u00e9servant la fra\u00eecheur et l\u2019int\u00e9grit\u00e9 des produits sur de longues p\u00e9riodes. En r\u00e9sum\u00e9, le <b>cong\u00e9lateur TCHEU430DUOVD de Tensai<\/b> allie fonctionnalit\u00e9 et format maniable pour offrir un stockage efficace sans compromettre l\u2019espace ni le confort.<\/p>\n<ul>\n<li>Produit \u00e0 brancher: Oui<\/li>\n<li>Type de prise: Prise EU<\/li>\n<li>Type: Cong\u00e9lateur<\/li>\n<li>Bloc d\u2019Alimentation: r\u00e9seau \u00e9lectrique<\/li>\n<li>Couleur: Blanc<\/li>\n<li>Classification \u00e9nerg\u00e9tique: F<\/li>\n<li>Niveau sonore: 42 dB<\/li>\n<li>Capacit\u00e9: 433 l<\/li>\n<li>Dimensions approx.: 87 x 152 cm<\/li>\n<li>Type d&#8217;installation: Auto-assemblage<\/li>\n<li>\u00c9lev\u00e9: 86 cm<\/li>\n<li>Portes: 1 porte<\/li>\n<\/ul>","protected":false},"excerpt":{"rendered":"<p><span class=\"unit-info\">1.4203 &euro; \/ 1 l<\/span><\/p>","protected":false},"featured_media":167032,"comment_status":"open","ping_status":"closed","template":"","meta":[],"product_brand":[1546],"product_cat":[60,77,226],"product_tag":[],"class_list":{"0":"post-167034","1":"product","2":"type-product","3":"status-publish","4":"has-post-thumbnail","6":"product_brand-brandp_1202","7":"product_cat-cuisine-gourmet","8":"product_cat-petit-electromenager","9":"product_cat-refrigerateurs-et-congelateurs","11":"first","12":"instock","13":"taxable","14":"shipping-taxable","15":"purchasable","16":"product-type-simple"},"_links":{"self":[{"href":"https:\/\/bigbuy.tupique.com\/es\/wp-json\/wp\/v2\/product\/167034","targetHints":{"allow":["GET"]}}],"collection":[{"href":"https:\/\/bigbuy.tupique.com\/es\/wp-json\/wp\/v2\/product"}],"about":[{"href":"https:\/\/bigbuy.tupique.com\/es\/wp-json\/wp\/v2\/types\/product"}],"replies":[{"embeddable":true,"href":"https:\/\/bigbuy.tupique.com\/es\/wp-json\/wp\/v2\/comments?post=167034"}],"wp:featuredmedia":[{"embeddable":true,"href":"https:\/\/bigbuy.tupique.com\/es\/wp-json\/wp\/v2\/media\/167032"}],"wp:attachment":[{"href":"https:\/\/bigbuy.tupique.com\/es\/wp-json\/wp\/v2\/media?parent=167034"}],"wp:term":[{"taxonomy":"product_brand","embeddable":true,"href":"https:\/\/bigbuy.tupique.com\/es\/wp-json\/wp\/v2\/product_brand?post=167034"},{"taxonomy":"product_cat","embeddable":true,"href":"https:\/\/bigbuy.tupique.com\/es\/wp-json\/wp\/v2\/product_cat?post=167034"},{"taxonomy":"product_tag","embeddable":true,"href":"https:\/\/bigbuy.tupique.com\/es\/wp-json\/wp\/v2\/product_tag?post=167034"}],"curies":[{"name":"wp","href":"https:\/\/api.w.org\/{rel}","templated":true}]}}