{"id":16614,"date":"2026-03-29T13:55:00","date_gmt":"2026-03-29T12:55:00","guid":{"rendered":"https:\/\/bigbuy.tupique.com\/produto\/electric-toothbrush-oral-b\/"},"modified":"2026-04-16T20:13:18","modified_gmt":"2026-04-16T19:13:18","slug":"electric-toothbrush-oral-b","status":"publish","type":"product","link":"https:\/\/bigbuy.tupique.com\/es\/produto\/electric-toothbrush-oral-b\/","title":{"rendered":"Brosse \u00e0 dents \u00e9lectrique Oral-B"},"content":{"rendered":"<p>Am\u00e9liorez votre <b>hygi\u00e8ne buccale<\/b> avec des produits de qualit\u00e9 \u00e0 des prix abordables, tels que <b>Brosse \u00e0 dents \u00e9lectrique Oral-B<\/b> !<\/p>\n<p>La <b>brosse \u00e0 dents \u00e9lectrique Oral-B IO 9<\/b> en couleur <b>noir<\/b> est un appareil con\u00e7u pour offrir un nettoyage bucco-dentaire avanc\u00e9 gr\u00e2ce \u00e0 une technologie de pointe. \u00c9quip\u00e9e d\u2019une <b>batterie lithium-ion<\/b> rechargeable, elle garantit une longue autonomie pour une utilisation confortable et continue. Ce mod\u00e8le int\u00e8gre une connectivit\u00e9 <b>Bluetooth<\/b>, permettant de synchroniser la brosse avec une application mobile compatible qui aide \u00e0 personnaliser les routines de brossage et \u00e0 am\u00e9liorer la technique gr\u00e2ce \u00e0 des indications en temps r\u00e9el. Destin\u00e9e aux adultes, elle est fournie avec un chargeur pour <b>prise EU<\/b> et une pratique pochette magn\u00e9tique facilitant son rangement et transport. Le pack comprend une brosse, un chargeur et l\u2019\u00e9tui magn\u00e9tique, offrant tous les accessoires n\u00e9cessaires pour maintenir une hygi\u00e8ne dentaire optimale et professionnelle \u00e0 domicile. Sa couleur <b>noir<\/b> et ses finitions en <b>noir<\/b> lui conf\u00e8rent un aspect \u00e9l\u00e9gant et moderne, adapt\u00e9 \u00e0 tout environnement. L\u2019alliance de la technologie intelligente, de l\u2019autonomie efficace et du design ergonomique positionne cette brosse Oral-B comme une solution fiable pour ceux qui souhaitent maximiser l\u2019efficacit\u00e9 et le soin bucco-dentaire quotidien avec un produit de qualit\u00e9 reconnue.<\/p>\n<ul>\n<li>Produit \u00e0 brancher: Oui<\/li>\n<li>Type de prise: Prise EU<\/li>\n<li>Bloc d\u2019Alimentation:\n<ul>\n<li>r\u00e9seau \u00e9lectrique<\/li>\n<li>Batterie<\/li>\n<\/ul>\n<\/li>\n<li>Type: Brosse \u00e0 dents \u00e9lectrique<\/li>\n<li>Couleur:\n<ul>\n<li>Noir<\/li>\n<li>noir<\/li>\n<\/ul>\n<\/li>\n<li>Dimensions approx.: 18 x 10 x 26 cm<\/li>\n<li>\u00c2ge recommand\u00e9: Adultes<\/li>\n<li>Fonctionne \u00e0 piles: 1 Litio Ion, incluidas<\/li>\n<\/ul>","protected":false},"excerpt":{"rendered":"<p>Am\u00e9liorez votre hygi\u00e8ne buccale avec des produits de qualit\u00e9 \u00e0 des prix abordables, tels que Brosse \u00e0 dents \u00e9lectrique Oral-B ! La brosse \u00e0 dents \u00e9lectrique Oral-B IO 9 en couleur noir est un appareil con\u00e7u pour offrir un nettoyage bucco-dentaire avanc\u00e9 gr\u00e2ce \u00e0 une technologie de pointe. \u00c9quip\u00e9e d\u2019une batterie lithium-ion rechargeable, elle garantit [&hellip;]<\/p>\n","protected":false},"featured_media":16608,"comment_status":"open","ping_status":"closed","template":"","meta":[],"product_brand":[836],"product_cat":[771,769,770],"product_tag":[59,56],"class_list":{"0":"post-16614","1":"product","2":"type-product","3":"status-publish","4":"has-post-thumbnail","6":"product_brand-brandp_915","7":"product_cat-hygiene-buccale","8":"product_cat-parfum-cosmetique","9":"product_cat-soin-corporel","10":"product_tag-tag_1304","11":"product_tag-tag_930","13":"first","14":"instock","15":"taxable","16":"shipping-taxable","17":"purchasable","18":"product-type-simple"},"_links":{"self":[{"href":"https:\/\/bigbuy.tupique.com\/es\/wp-json\/wp\/v2\/product\/16614","targetHints":{"allow":["GET"]}}],"collection":[{"href":"https:\/\/bigbuy.tupique.com\/es\/wp-json\/wp\/v2\/product"}],"about":[{"href":"https:\/\/bigbuy.tupique.com\/es\/wp-json\/wp\/v2\/types\/product"}],"replies":[{"embeddable":true,"href":"https:\/\/bigbuy.tupique.com\/es\/wp-json\/wp\/v2\/comments?post=16614"}],"wp:featuredmedia":[{"embeddable":true,"href":"https:\/\/bigbuy.tupique.com\/es\/wp-json\/wp\/v2\/media\/16608"}],"wp:attachment":[{"href":"https:\/\/bigbuy.tupique.com\/es\/wp-json\/wp\/v2\/media?parent=16614"}],"wp:term":[{"taxonomy":"product_brand","embeddable":true,"href":"https:\/\/bigbuy.tupique.com\/es\/wp-json\/wp\/v2\/product_brand?post=16614"},{"taxonomy":"product_cat","embeddable":true,"href":"https:\/\/bigbuy.tupique.com\/es\/wp-json\/wp\/v2\/product_cat?post=16614"},{"taxonomy":"product_tag","embeddable":true,"href":"https:\/\/bigbuy.tupique.com\/es\/wp-json\/wp\/v2\/product_tag?post=16614"}],"curies":[{"name":"wp","href":"https:\/\/api.w.org\/{rel}","templated":true}]}}