{"id":165864,"date":"2026-04-10T14:36:31","date_gmt":"2026-04-10T13:36:31","guid":{"rendered":"https:\/\/bigbuy.tupique.com\/produto\/ram-memory-kingston-kf560c30bbe-16-16-gb-ddr5-sdram-ddr5-cl30-2\/"},"modified":"2026-04-16T10:00:36","modified_gmt":"2026-04-16T09:00:36","slug":"ram-memory-kingston-kf560c30bbe-16-16-gb-ddr5-sdram-ddr5-cl30-2","status":"publish","type":"product","link":"https:\/\/bigbuy.tupique.com\/es\/produto\/ram-memory-kingston-kf560c30bbe-16-16-gb-ddr5-sdram-ddr5-cl30-2\/","title":{"rendered":"M\u00e9moire RAM Kingston KF560C30BBE-16 16 GB DDR5 SDRAM DDR5 cl30"},"content":{"rendered":"<p>Si vous \u00eates passionn\u00e9 d&#8217;<b>informatique et d&#8217;\u00e9lectronique<\/b>, si vous \u00eates \u00e0 la pointe de la technologie et qu&#8217;aucun d\u00e9tail ne vous \u00e9chappe, achetez <b>M\u00e9moire RAM Kingston KF560C30BBE-16 16 GB DDR5 SDRAM DDR5 cl30<\/b> au meilleur prix.<\/p>\n<ul>\n<li>Type:\n<ul>\n<li>M\u00e9moire (RAM)<\/li>\n<li>DDR5<\/li>\n<\/ul>\n<\/li>\n<li>Illumination: No<\/li>\n<li>vitesse: 6000 MHz<\/li>\n<li>Tension:\n<ul>\n<li>1.4 V<\/li>\n<li>1,35 V<\/li>\n<\/ul>\n<\/li>\n<li>Couleur: Noir<\/li>\n<li>Format: 1 x 16 GB<\/li>\n<li>Capacit\u00e9: 16 GB<\/li>\n<li>Type de m\u00e9moire:\n<ul>\n<li>DDR5 SDRAM<\/li>\n<li>DDR5<\/li>\n<\/ul>\n<\/li>\n<li>M\u00e9moire RAM: 16 GB RAM<\/li>\n<li>R\u00e9tro-\u00e9clair\u00e9: Non<\/li>\n<li>Facteur de forme:\n<ul>\n<li>288-pin DIMM<\/li>\n<li>RDIMM<\/li>\n<\/ul>\n<\/li>\n<li>Compatible:\n<ul>\n<li>PC<\/li>\n<li>Ordinateurs<\/li>\n<li>PC\/Server<\/li>\n<\/ul>\n<\/li>\n<li>Connexions: DIMM<\/li>\n<li>Latence: cl30<\/li>\n<\/ul>","protected":false},"excerpt":{"rendered":"<p>Si vous \u00eates passionn\u00e9 d&#8217;informatique et d&#8217;\u00e9lectronique, si vous \u00eates \u00e0 la pointe de la technologie et qu&#8217;aucun d\u00e9tail ne vous \u00e9chappe, achetez M\u00e9moire RAM Kingston KF560C30BBE-16 16 GB DDR5 SDRAM DDR5 cl30 au meilleur prix. Type: M\u00e9moire (RAM) DDR5 Illumination: No vitesse: 6000 MHz Tension: 1.4 V 1,35 V Couleur: Noir Format: 1 x [&hellip;]<\/p>\n","protected":false},"featured_media":165839,"comment_status":"open","ping_status":"closed","template":"","meta":[],"product_brand":[638],"product_cat":[65,584,593],"product_tag":[106],"class_list":{"0":"post-165864","1":"product","2":"type-product","3":"status-publish","4":"has-post-thumbnail","6":"product_brand-brandp_557","7":"product_cat-informatique-electronique","8":"product_cat-informatique-reseaux-et-composants","9":"product_cat-memoires-ram","10":"product_tag-tag_1295","12":"first","13":"instock","14":"taxable","15":"shipping-taxable","16":"purchasable","17":"product-type-simple"},"_links":{"self":[{"href":"https:\/\/bigbuy.tupique.com\/es\/wp-json\/wp\/v2\/product\/165864","targetHints":{"allow":["GET"]}}],"collection":[{"href":"https:\/\/bigbuy.tupique.com\/es\/wp-json\/wp\/v2\/product"}],"about":[{"href":"https:\/\/bigbuy.tupique.com\/es\/wp-json\/wp\/v2\/types\/product"}],"replies":[{"embeddable":true,"href":"https:\/\/bigbuy.tupique.com\/es\/wp-json\/wp\/v2\/comments?post=165864"}],"wp:featuredmedia":[{"embeddable":true,"href":"https:\/\/bigbuy.tupique.com\/es\/wp-json\/wp\/v2\/media\/165839"}],"wp:attachment":[{"href":"https:\/\/bigbuy.tupique.com\/es\/wp-json\/wp\/v2\/media?parent=165864"}],"wp:term":[{"taxonomy":"product_brand","embeddable":true,"href":"https:\/\/bigbuy.tupique.com\/es\/wp-json\/wp\/v2\/product_brand?post=165864"},{"taxonomy":"product_cat","embeddable":true,"href":"https:\/\/bigbuy.tupique.com\/es\/wp-json\/wp\/v2\/product_cat?post=165864"},{"taxonomy":"product_tag","embeddable":true,"href":"https:\/\/bigbuy.tupique.com\/es\/wp-json\/wp\/v2\/product_tag?post=165864"}],"curies":[{"name":"wp","href":"https:\/\/api.w.org\/{rel}","templated":true}]}}