{"id":16523,"date":"2026-03-29T13:42:07","date_gmt":"2026-03-29T12:42:07","guid":{"rendered":"https:\/\/bigbuy.tupique.com\/produto\/superautomatic-coffee-maker-melitta-barista-smart-t-silver-1450-w-15-bar-18-l\/"},"modified":"2026-04-16T20:13:18","modified_gmt":"2026-04-16T19:13:18","slug":"superautomatic-coffee-maker-melitta-barista-smart-t-silver-1450-w-15-bar-18-l","status":"publish","type":"product","link":"https:\/\/bigbuy.tupique.com\/es\/produto\/superautomatic-coffee-maker-melitta-barista-smart-t-silver-1450-w-15-bar-18-l\/","title":{"rendered":"Cafeti\u00e8re superautomatique Melitta Barista Smart T Argent\u00e9 1450 W 15 bar 1,8 L"},"content":{"rendered":"<p>Si vous recherchez des \u00e9lectrom\u00e9nagers pour votre maison aux meilleurs prix, ne manquez pas <b>Cafeti\u00e8re superautomatique Melitta Barista Smart T Argent\u00e9 1450 W 15 bar 1,8 L<\/b> et une large s\u00e9lection de petits \u00e9lectrom\u00e9nagers de qualit\u00e9 !<\/p>\n<p>La <b>Barista Smart T<\/b> de <b>Melitta<\/b> est une <b>machine \u00e0 caf\u00e9 super-automatique<\/b> con\u00e7ue pour offrir une exp\u00e9rience barista \u00e0 domicile, avec un contr\u00f4le total et des r\u00e9sultats optimaux \u00e0 chaque tasse. Son syst\u00e8me \u00e0 <b>pompe de 15 bars<\/b> garantit une extraction parfaite de l\u2019espresso, pour un go\u00fbt intense et une cr\u00e8me onctueuse, digne des caf\u00e9s sp\u00e9cialis\u00e9s. Avec une <b>puissance de 1450 W<\/b>, elle atteint rapidement la temp\u00e9rature id\u00e9ale pour pr\u00e9parer espressos, cappuccinos et autres sp\u00e9cialit\u00e9s, tout en assurant une stabilit\u00e9 thermique. Elle dispose d\u2019un <b>r\u00e9servoir d\u2019eau amovible de 1,8 litre<\/b> permettant de pr\u00e9parer plusieurs boissons sans remplissage fr\u00e9quent, ainsi qu\u2019une <b>d\u00e9tection automatique du niveau d\u2019eau<\/b> pour plus de confort au quotidien. Le panneau de commande TFT facilite la programmation et la s\u00e9lection des recettes, tandis que son design <b>blanc et argent\u00e9<\/b> s\u2019int\u00e8gre \u00e9l\u00e9gamment dans toute cuisine moderne. La Barista Smart T permet d\u2019ajuster l\u2019intensit\u00e9 du caf\u00e9 et de personnaliser jusqu\u2019\u00e0 cinq r\u00e9glages programmables, s\u2019adaptant ainsi aux pr\u00e9f\u00e9rences de chaque utilisateur. Elle propose aussi des <b>programmes automatiques de nettoyage et de d\u00e9tartrage<\/b> pour un entretien optimis\u00e9 et une dur\u00e9e de vie prolong\u00e9e, avec un minimum d\u2019intervention manuelle. Cette version ne comprend pas de r\u00e9servoir \u00e0 lait, se concentrant sur la perfection de l\u2019espresso et la simplicit\u00e9 d\u2019utilisation via <b>alimentation secteur<\/b>. La Melitta Barista Smart T est ainsi une solution avanc\u00e9e et pratique pour les amateurs de caf\u00e9 exigeants recherchant qualit\u00e9 professionnelle et facilit\u00e9 d\u2019utilisation \u00e0 la maison.<\/p>\n<ul>\n<li>Couleur:\n<ul>\n<li>Argent\u00e9<\/li>\n<li>Blanc<\/li>\n<\/ul>\n<\/li>\n<li>Produit \u00e0 brancher: Oui<\/li>\n<li>Type de prise: Prise EU<\/li>\n<li>Type:\n<ul>\n<li>Cafeti\u00e8re superautomatique<\/li>\n<li>Machine \u00e0 espresso<\/li>\n<\/ul>\n<\/li>\n<li>Bloc d\u2019Alimentation: r\u00e9seau \u00e9lectrique<\/li>\n<li>puissance: 1450 W<\/li>\n<li>Pression: 15 bar<\/li>\n<li>Niveaux de temp\u00e9rature:\n<ul>\n<li>3<\/li>\n<li>5<\/li>\n<\/ul>\n<\/li>\n<li>Inclut: Ecran<\/li>\n<li>Type de commande: Tactile<\/li>\n<li>Capacit\u00e9: 1,8 L<\/li>\n<\/ul>","protected":false},"excerpt":{"rendered":"<p>Si vous recherchez des \u00e9lectrom\u00e9nagers pour votre maison aux meilleurs prix, ne manquez pas Cafeti\u00e8re superautomatique Melitta Barista Smart T Argent\u00e9 1450 W 15 bar 1,8 L et une large s\u00e9lection de petits \u00e9lectrom\u00e9nagers de qualit\u00e9 ! La Barista Smart T de Melitta est une machine \u00e0 caf\u00e9 super-automatique con\u00e7ue pour offrir une exp\u00e9rience barista [&hellip;]<\/p>\n","protected":false},"featured_media":16518,"comment_status":"open","ping_status":"closed","template":"","meta":[],"product_brand":[305],"product_cat":[725,60,77],"product_tag":[59,56],"class_list":{"0":"post-16523","1":"product","2":"type-product","3":"status-publish","4":"has-post-thumbnail","6":"product_brand-brandp_4976","7":"product_cat-cafetieres","8":"product_cat-cuisine-gourmet","9":"product_cat-petit-electromenager","10":"product_tag-tag_1304","11":"product_tag-tag_930","13":"first","14":"instock","15":"taxable","16":"shipping-taxable","17":"purchasable","18":"product-type-simple"},"_links":{"self":[{"href":"https:\/\/bigbuy.tupique.com\/es\/wp-json\/wp\/v2\/product\/16523","targetHints":{"allow":["GET"]}}],"collection":[{"href":"https:\/\/bigbuy.tupique.com\/es\/wp-json\/wp\/v2\/product"}],"about":[{"href":"https:\/\/bigbuy.tupique.com\/es\/wp-json\/wp\/v2\/types\/product"}],"replies":[{"embeddable":true,"href":"https:\/\/bigbuy.tupique.com\/es\/wp-json\/wp\/v2\/comments?post=16523"}],"wp:featuredmedia":[{"embeddable":true,"href":"https:\/\/bigbuy.tupique.com\/es\/wp-json\/wp\/v2\/media\/16518"}],"wp:attachment":[{"href":"https:\/\/bigbuy.tupique.com\/es\/wp-json\/wp\/v2\/media?parent=16523"}],"wp:term":[{"taxonomy":"product_brand","embeddable":true,"href":"https:\/\/bigbuy.tupique.com\/es\/wp-json\/wp\/v2\/product_brand?post=16523"},{"taxonomy":"product_cat","embeddable":true,"href":"https:\/\/bigbuy.tupique.com\/es\/wp-json\/wp\/v2\/product_cat?post=16523"},{"taxonomy":"product_tag","embeddable":true,"href":"https:\/\/bigbuy.tupique.com\/es\/wp-json\/wp\/v2\/product_tag?post=16523"}],"curies":[{"name":"wp","href":"https:\/\/api.w.org\/{rel}","templated":true}]}}