{"id":165140,"date":"2026-04-10T12:53:07","date_gmt":"2026-04-10T11:53:07","guid":{"rendered":"https:\/\/bigbuy.tupique.com\/produto\/gps-navigator-tomtom-hd-7\/"},"modified":"2026-04-16T21:43:36","modified_gmt":"2026-04-16T20:43:36","slug":"gps-navigator-tomtom-hd-7","status":"publish","type":"product","link":"https:\/\/bigbuy.tupique.com\/es\/produto\/gps-navigator-tomtom-hd-7\/","title":{"rendered":"Navigateur GPS TomTom HD 7&#8243;"},"content":{"rendered":"<p>\u00c9quipez votre v\u00e9hicule avec les derni\u00e8res nouveaut\u00e9s du secteur ! Achetez <b>Navigateur GPS TomTom HD 7&#8243;<\/b> et aucun d\u00e9tail ne vous \u00e9chappera!<\/p>\n<p>Le <b>TomTom PLUS<\/b> est un <b>GPS de navigation<\/b> avanc\u00e9 con\u00e7u pour offrir une navigation pr\u00e9cise et efficace, id\u00e9al aussi bien pour les conducteurs professionnels que pour les particuliers recherchant fiabilit\u00e9 et simplicit\u00e9 d\u2019utilisation. Ce mod\u00e8le dispose d\u2019un <b>\u00e9cran tactile de 7 pouces (17,8 cm)<\/b> \u00e0 haute r\u00e9solution (1280 x 800 pixels), garantissant une visualisation claire et confortable des cartes et itin\u00e9raires, m\u00eame sous diff\u00e9rentes conditions de luminosit\u00e9. Sa <b>m\u00e9moire interne de 32 Go<\/b> et ses <b>2 Go de RAM<\/b> assurent un fonctionnement fluide, permettant de stocker plusieurs cartes et points d\u2019int\u00e9r\u00eat sans compromettre les performances. Parmi ses options de connectivit\u00e9 figurent le <b>Bluetooth<\/b> et le <b>Wi-Fi<\/b>, facilitant les mises \u00e0 jour automatiques des cartes et la synchronisation avec d\u2019autres appareils sans c\u00e2bles. Le syst\u00e8me est compatible avec plusieurs langues, dont le fran\u00e7ais, ce qui \u00e9largit son utilit\u00e9 pour des utilisateurs de diverses origines. Il propose une large couverture cartographique, incluant des pays europ\u00e9ens et d\u2019autres r\u00e9gions internationales, et permet d\u2019afficher les cartes en <b>2D ou 3D<\/b> selon les pr\u00e9f\u00e9rences et besoins du conducteur. Son bo\u00eetier noir et son design fixe offrent robustesse et \u00e9l\u00e9gance, parfait pour s\u2019int\u00e9grer dans tout v\u00e9hicule. Dans l\u2019ensemble, le TomTom PLUS se positionne comme une solution compl\u00e8te et efficace pour ceux qui recherchent pr\u00e9cision, connectivit\u00e9 et confort lors de la navigation sur route.<\/p>\n<ul>\n<li>Ecran: 7&#8243;<\/li>\n<li>Couleur:\n<ul>\n<li>Noir<\/li>\n<li>noir<\/li>\n<\/ul>\n<\/li>\n<li>Produit \u00e0 brancher: Oui<\/li>\n<li>Type de prise: Prise EU<\/li>\n<li>Bloc d\u2019Alimentation: r\u00e9seau \u00e9lectrique<\/li>\n<li>Fonctionne \u00e0 piles: 1 Litio Ion, incluidas<\/li>\n<li>Diagonale de l&#8217;\u00e9cran (cm): 17,8 cm<\/li>\n<\/ul>","protected":false},"excerpt":{"rendered":"<p>\u00c9quipez votre v\u00e9hicule avec les derni\u00e8res nouveaut\u00e9s du secteur ! Achetez Navigateur GPS TomTom HD 7&#8243; et aucun d\u00e9tail ne vous \u00e9chappera! Le TomTom PLUS est un GPS de navigation avanc\u00e9 con\u00e7u pour offrir une navigation pr\u00e9cise et efficace, id\u00e9al aussi bien pour les conducteurs professionnels que pour les particuliers recherchant fiabilit\u00e9 et simplicit\u00e9 d\u2019utilisation. [&hellip;]<\/p>\n","protected":false},"featured_media":165134,"comment_status":"open","ping_status":"closed","template":"","meta":[],"product_brand":[671],"product_cat":[623,65,624],"product_tag":[59,164],"class_list":{"0":"post-165140","1":"product","2":"type-product","3":"status-publish","4":"has-post-thumbnail","6":"product_brand-brandp_582","7":"product_cat-electronique-gps-et-automobile","8":"product_cat-informatique-electronique","9":"product_cat-navigateurs-gps","10":"product_tag-tag_1304","11":"product_tag-tag_152","13":"first","14":"instock","15":"taxable","16":"shipping-taxable","17":"purchasable","18":"product-type-simple"},"_links":{"self":[{"href":"https:\/\/bigbuy.tupique.com\/es\/wp-json\/wp\/v2\/product\/165140","targetHints":{"allow":["GET"]}}],"collection":[{"href":"https:\/\/bigbuy.tupique.com\/es\/wp-json\/wp\/v2\/product"}],"about":[{"href":"https:\/\/bigbuy.tupique.com\/es\/wp-json\/wp\/v2\/types\/product"}],"replies":[{"embeddable":true,"href":"https:\/\/bigbuy.tupique.com\/es\/wp-json\/wp\/v2\/comments?post=165140"}],"wp:featuredmedia":[{"embeddable":true,"href":"https:\/\/bigbuy.tupique.com\/es\/wp-json\/wp\/v2\/media\/165134"}],"wp:attachment":[{"href":"https:\/\/bigbuy.tupique.com\/es\/wp-json\/wp\/v2\/media?parent=165140"}],"wp:term":[{"taxonomy":"product_brand","embeddable":true,"href":"https:\/\/bigbuy.tupique.com\/es\/wp-json\/wp\/v2\/product_brand?post=165140"},{"taxonomy":"product_cat","embeddable":true,"href":"https:\/\/bigbuy.tupique.com\/es\/wp-json\/wp\/v2\/product_cat?post=165140"},{"taxonomy":"product_tag","embeddable":true,"href":"https:\/\/bigbuy.tupique.com\/es\/wp-json\/wp\/v2\/product_tag?post=165140"}],"curies":[{"name":"wp","href":"https:\/\/api.w.org\/{rel}","templated":true}]}}