{"id":16447,"date":"2026-03-29T13:40:18","date_gmt":"2026-03-29T12:40:18","guid":{"rendered":"https:\/\/bigbuy.tupique.com\/produto\/monitor-hp-e27u-g5-27-75-hz-ips-lcd\/"},"modified":"2026-04-15T00:47:31","modified_gmt":"2026-04-14T23:47:31","slug":"monitor-hp-e27u-g5-27-75-hz-ips-lcd","status":"publish","type":"product","link":"https:\/\/bigbuy.tupique.com\/es\/produto\/monitor-hp-e27u-g5-27-75-hz-ips-lcd\/","title":{"rendered":"\u00c9cran HP E27U G5 27&#8243; 75 Hz IPS LCD"},"content":{"rendered":"<p>Si vous \u00eates passionn\u00e9 d&#8217;<b>informatique et d&#8217;\u00e9lectronique<\/b>, si vous \u00eates \u00e0 la pointe de la technologie et qu&#8217;aucun d\u00e9tail ne vous \u00e9chappe, achetez <b>\u00c9cran HP E27U G5 27&#8243; 75 Hz IPS LCD<\/b> au meilleur prix.<\/p>\n<ul>\n<li>Produit \u00e0 brancher: Oui<\/li>\n<li>Type de prise: Prise EU<\/li>\n<li>Type:\n<ul>\n<li>\u00c9cran<\/li>\n<li>Axe<\/li>\n<\/ul>\n<\/li>\n<li>Caract\u00e9ristiques:\n<ul>\n<li>Montage mural<\/li>\n<li>Plaque Tournante<\/li>\n<li>R\u00e9glable<\/li>\n<li>\u00c9cran plat<\/li>\n<\/ul>\n<\/li>\n<li>Connexions:\n<ul>\n<li>HDMI<\/li>\n<li>USB-C<\/li>\n<li>DisplayPort<\/li>\n<li>Ethernet LAN<\/li>\n<li>DisplayPort 1.2<\/li>\n<li>USB<\/li>\n<li>HDMI 1.4<\/li>\n<li>DisplayPort x 2<\/li>\n<li>USB A x 3<\/li>\n<\/ul>\n<\/li>\n<li>Classification \u00e9nerg\u00e9tique: F<\/li>\n<li>Couleur:\n<ul>\n<li>Argent\u00e9<\/li>\n<li>Noir<\/li>\n<li>sRGB<\/li>\n<\/ul>\n<\/li>\n<li>Ecran: 27&#8243;<\/li>\n<li>Fr\u00e9quence:\n<ul>\n<li>75 Hz<\/li>\n<li>50 &#8211; 60 Hz<\/li>\n<\/ul>\n<\/li>\n<li>Brille:\n<ul>\n<li>350 cd\/m\u00b2<\/li>\n<li>350 lm ANSI<\/li>\n<\/ul>\n<\/li>\n<li>Technologie:\n<ul>\n<li>IPS<\/li>\n<li>LED<\/li>\n<li>LCD<\/li>\n<\/ul>\n<\/li>\n<li>Compatible: VESA 100 x 100 mm<\/li>\n<li>R\u00e9solution (px): 2560 x 1440 px<\/li>\n<li>Diagonale de l&#8217;\u00e9cran (cm): 68,6 cm<\/li>\n<li>R\u00e9solution: Quad HD<\/li>\n<li>Temps de r\u00e9ponse: 5 ms<\/li>\n<li>Inclut: C\u00e2ble USB-C<\/li>\n<li>VESA: 10 x 10 cm<\/li>\n<li>Tension:\n<ul>\n<li>100-240 V<\/li>\n<li>100 &#8211; 240 V<\/li>\n<\/ul>\n<\/li>\n<li>Rapport d&#8217;aspect: 16:9<\/li>\n<li>Pays \/ r\u00e9gion de fabrication: Chine<\/li>\n<li>Rapport de contraste: 1000:1<\/li>\n<li>M\u00e9moire RAM: 8 GB RAM<\/li>\n<li>Inclinaison: -90 \/ 90\u00b0<\/li>\n<li>Fr\u00e9quence d&#8217;entr\u00e9e AC: 50-60 Hz<\/li>\n<li>consommation d&#8217;\u00e9nergie: 160 kWh<\/li>\n<li>Ecran tactile: Non<\/li>\n<li>Angle: 178\u00ba<\/li>\n<li>Pr\u00e9cision (humidit\u00e9 relative): 20 % &#8211; 80 %<\/li>\n<li>Non inclut: AMD FreeSync<\/li>\n<li>Montage: VESA<\/li>\n<li>Certificat: Certification ENERGY STAR<\/li>\n<li>Utilisation recommand\u00e9e:\n<ul>\n<li>Entreprise et commerce<\/li>\n<li>Professionnel<\/li>\n<\/ul>\n<\/li>\n<li>Rotation: -45\u00ba \/ 45\u00b0<\/li>\n<li>Densit\u00e9 des pixels (dpi): 109 dpi<\/li>\n<\/ul>","protected":false},"excerpt":{"rendered":"<p>Si vous \u00eates passionn\u00e9 d&#8217;informatique et d&#8217;\u00e9lectronique, si vous \u00eates \u00e0 la pointe de la technologie et qu&#8217;aucun d\u00e9tail ne vous \u00e9chappe, achetez \u00c9cran HP E27U G5 27&#8243; 75 Hz IPS LCD au meilleur prix. Produit \u00e0 brancher: Oui Type de prise: Prise EU Type: \u00c9cran Axe Caract\u00e9ristiques: Montage mural Plaque Tournante R\u00e9glable \u00c9cran plat [&hellip;]<\/p>\n","protected":false},"featured_media":16443,"comment_status":"open","ping_status":"closed","template":"","meta":[],"product_brand":[630],"product_cat":[65,581,616],"product_tag":[213,106],"class_list":{"0":"post-16447","1":"product","2":"type-product","3":"status-publish","4":"has-post-thumbnail","6":"product_brand-brandp_909","7":"product_cat-informatique-electronique","8":"product_cat-informatique-peripheriques-et-consommables","9":"product_cat-moniteurs","10":"product_tag-tag_933","11":"product_tag-tag_1295","13":"first","14":"instock","15":"taxable","16":"shipping-taxable","17":"purchasable","18":"product-type-simple"},"_links":{"self":[{"href":"https:\/\/bigbuy.tupique.com\/es\/wp-json\/wp\/v2\/product\/16447","targetHints":{"allow":["GET"]}}],"collection":[{"href":"https:\/\/bigbuy.tupique.com\/es\/wp-json\/wp\/v2\/product"}],"about":[{"href":"https:\/\/bigbuy.tupique.com\/es\/wp-json\/wp\/v2\/types\/product"}],"replies":[{"embeddable":true,"href":"https:\/\/bigbuy.tupique.com\/es\/wp-json\/wp\/v2\/comments?post=16447"}],"wp:featuredmedia":[{"embeddable":true,"href":"https:\/\/bigbuy.tupique.com\/es\/wp-json\/wp\/v2\/media\/16443"}],"wp:attachment":[{"href":"https:\/\/bigbuy.tupique.com\/es\/wp-json\/wp\/v2\/media?parent=16447"}],"wp:term":[{"taxonomy":"product_brand","embeddable":true,"href":"https:\/\/bigbuy.tupique.com\/es\/wp-json\/wp\/v2\/product_brand?post=16447"},{"taxonomy":"product_cat","embeddable":true,"href":"https:\/\/bigbuy.tupique.com\/es\/wp-json\/wp\/v2\/product_cat?post=16447"},{"taxonomy":"product_tag","embeddable":true,"href":"https:\/\/bigbuy.tupique.com\/es\/wp-json\/wp\/v2\/product_tag?post=16447"}],"curies":[{"name":"wp","href":"https:\/\/api.w.org\/{rel}","templated":true}]}}