{"id":16421,"date":"2026-03-29T13:39:42","date_gmt":"2026-03-29T12:39:42","guid":{"rendered":"https:\/\/bigbuy.tupique.com\/produto\/switch-trendnet-ti-bg104\/"},"modified":"2026-04-16T09:17:22","modified_gmt":"2026-04-16T08:17:22","slug":"switch-trendnet-ti-bg104","status":"publish","type":"product","link":"https:\/\/bigbuy.tupique.com\/es\/produto\/switch-trendnet-ti-bg104\/","title":{"rendered":"Switch Trendnet TI-BG104"},"content":{"rendered":"<p>Si vous \u00eates passionn\u00e9 d&#8217;<b>informatique et d&#8217;\u00e9lectronique<\/b>, si vous \u00eates \u00e0 la pointe de la technologie et qu&#8217;aucun d\u00e9tail ne vous \u00e9chappe, achetez <b>Switch Trendnet TI-BG104<\/b> au meilleur prix.<\/p>\n<p>Le <b>Trendnet TI-BG104<\/b> est un <b>switch<\/b> industriel non g\u00e9r\u00e9 con\u00e7u pour offrir une connectivit\u00e9 fiable et robuste dans des environnements exigeants. Il dispose d\u2019un bo\u00eetier m\u00e9tallique avec une classification <b>IP30<\/b> qui r\u00e9siste aux vibrations et aux chocs, permettant un fonctionnement stable dans une large plage de temp\u00e9ratures de <b>-40\u00b0 \u00e0 75 \u00b0C<\/b>, id\u00e9al pour les applications industrielles. Cet appareil int\u00e8gre <b>10 ports Gigabit Ethernet RJ45<\/b>, dont <b>quatre supportent le PoE++<\/b> et comprend un port suppl\u00e9mentaire avec capacit\u00e9 PoE, facilitant l\u2019alimentation et la connexion simultan\u00e9e d\u2019appareils comme des cam\u00e9ras IP ou points d\u2019acc\u00e8s sans c\u00e2bles \u00e9lectriques additionnels. Les ports Gigabit garantissent des vitesses de transfert jusqu\u2019\u00e0 <b>1000 Mbps<\/b> en mode duplex int\u00e9gral, tandis que son architecture avec une capacit\u00e9 de commutation de <b>20 Gbit\/s<\/b> assure un trafic efficace et fluide. Il dispose \u00e9galement de slots <b>SFP<\/b> pour modules fibre optique 1000Base-FX, augmentant la polyvalence pour des connexions longue distance ou r\u00e9seaux \u00e0 forte demande. Conforme aux normes IEEE 802.3 (Ethernet classique), 802.3af et 802.3at (PoE et PoE+), il offre une compatibilit\u00e9 \u00e9tendue avec de nombreux \u00e9quipements r\u00e9seau modernes. La table d\u2019adresses MAC supporte jusqu\u2019\u00e0 <b>11 000 entr\u00e9es<\/b>, facilitant la gestion des appareils connect\u00e9s sans perte de performance. Son design pour montage sur rail DIN en fait une solution pratique et ordonn\u00e9e pour les installations sur panneaux industriels. En r\u00e9sum\u00e9, le Trendnet TI-BG104 est une option solide pour ceux qui recherchent un switch industriel fiable combinant connectivit\u00e9 Gigabit, support avanc\u00e9 PoE++ et capacit\u00e9 fibre optique pour environnements industriels exigeants.<\/p>\n<ul>\n<li>Produit \u00e0 brancher: Oui<\/li>\n<li>Type de prise: Prise EU<\/li>\n<li>Type: Switch<\/li>\n<li>Bloc d\u2019Alimentation: r\u00e9seau \u00e9lectrique<\/li>\n<li>Couleur: Noir<\/li>\n<li>Connexions:\n<ul>\n<li>RJ45<\/li>\n<li>PoE x 4<\/li>\n<li>PoE x 1<\/li>\n<li>SFP<\/li>\n<\/ul>\n<\/li>\n<li>puissance: 360 W<\/li>\n<li>Tension:\n<ul>\n<li>100-240 V<\/li>\n<li>240 V<\/li>\n<\/ul>\n<\/li>\n<li>Amp\u00e9rage: 2 A<\/li>\n<li>Fr\u00e9quence: 50-60 Hz<\/li>\n<li>Mati\u00e8re: M\u00e9tal<\/li>\n<li>Ports: 10<\/li>\n<\/ul>","protected":false},"excerpt":{"rendered":"<p>Si vous \u00eates passionn\u00e9 d&#8217;informatique et d&#8217;\u00e9lectronique, si vous \u00eates \u00e0 la pointe de la technologie et qu&#8217;aucun d\u00e9tail ne vous \u00e9chappe, achetez Switch Trendnet TI-BG104 au meilleur prix. Le Trendnet TI-BG104 est un switch industriel non g\u00e9r\u00e9 con\u00e7u pour offrir une connectivit\u00e9 fiable et robuste dans des environnements exigeants. Il dispose d\u2019un bo\u00eetier m\u00e9tallique [&hellip;]<\/p>\n","protected":false},"featured_media":16419,"comment_status":"open","ping_status":"closed","template":"","meta":[],"product_brand":[635],"product_cat":[65,584,585],"product_tag":[106],"class_list":{"0":"post-16421","1":"product","2":"type-product","3":"status-publish","4":"has-post-thumbnail","6":"product_brand-brandp_4777","7":"product_cat-informatique-electronique","8":"product_cat-informatique-reseaux-et-composants","9":"product_cat-switch","10":"product_tag-tag_1295","12":"first","13":"instock","14":"taxable","15":"shipping-taxable","16":"purchasable","17":"product-type-simple"},"_links":{"self":[{"href":"https:\/\/bigbuy.tupique.com\/es\/wp-json\/wp\/v2\/product\/16421","targetHints":{"allow":["GET"]}}],"collection":[{"href":"https:\/\/bigbuy.tupique.com\/es\/wp-json\/wp\/v2\/product"}],"about":[{"href":"https:\/\/bigbuy.tupique.com\/es\/wp-json\/wp\/v2\/types\/product"}],"replies":[{"embeddable":true,"href":"https:\/\/bigbuy.tupique.com\/es\/wp-json\/wp\/v2\/comments?post=16421"}],"wp:featuredmedia":[{"embeddable":true,"href":"https:\/\/bigbuy.tupique.com\/es\/wp-json\/wp\/v2\/media\/16419"}],"wp:attachment":[{"href":"https:\/\/bigbuy.tupique.com\/es\/wp-json\/wp\/v2\/media?parent=16421"}],"wp:term":[{"taxonomy":"product_brand","embeddable":true,"href":"https:\/\/bigbuy.tupique.com\/es\/wp-json\/wp\/v2\/product_brand?post=16421"},{"taxonomy":"product_cat","embeddable":true,"href":"https:\/\/bigbuy.tupique.com\/es\/wp-json\/wp\/v2\/product_cat?post=16421"},{"taxonomy":"product_tag","embeddable":true,"href":"https:\/\/bigbuy.tupique.com\/es\/wp-json\/wp\/v2\/product_tag?post=16421"}],"curies":[{"name":"wp","href":"https:\/\/api.w.org\/{rel}","templated":true}]}}