{"id":16367,"date":"2026-03-29T13:38:35","date_gmt":"2026-03-29T12:38:35","guid":{"rendered":"https:\/\/bigbuy.tupique.com\/produto\/superautomatic-coffee-maker-delonghi-ecam-350-35-sb-silver\/"},"modified":"2026-04-16T17:21:22","modified_gmt":"2026-04-16T16:21:22","slug":"superautomatic-coffee-maker-delonghi-ecam-350-35-sb-silver","status":"publish","type":"product","link":"https:\/\/bigbuy.tupique.com\/es\/produto\/superautomatic-coffee-maker-delonghi-ecam-350-35-sb-silver\/","title":{"rendered":"Cafeti\u00e8re superautomatique DeLonghi ECAM 350.35.SB Argent\u00e9"},"content":{"rendered":"<p>Si vous recherchez des \u00e9lectrom\u00e9nagers pour votre maison aux meilleurs prix, ne manquez pas <b>Cafeti\u00e8re superautomatique DeLonghi ECAM 350.35.SB Argent\u00e9<\/b> et une large s\u00e9lection de petits \u00e9lectrom\u00e9nagers de qualit\u00e9 !<\/p>\n<p>La <b>cafeti\u00e8re super-automatique<\/b> <b>DeLonghi ECAM 350.35.SB<\/b> est une solution avanc\u00e9e pour les amateurs de caf\u00e9 recherchant confort et qualit\u00e9 barista \u00e0 domicile. Fabriqu\u00e9e en <b>acier inoxydable<\/b> avec des finitions noires et argent\u00e9es, elle offre une excellente durabilit\u00e9 et un design moderne qui s\u2019int\u00e8gre parfaitement dans toutes les cuisines. Elle int\u00e8gre un <b>\u00e9cran tactile<\/b> intuitif avec ic\u00f4nes r\u00e9tro\u00e9clair\u00e9es et affichage graphique, permettant un acc\u00e8s direct \u00e0 jusqu\u2019\u00e0 <b>quatre recettes de caf\u00e9 personnalisables<\/b>, pour que chaque utilisateur adapte l\u2019intensit\u00e9, la quantit\u00e9 et la temp\u00e9rature de sa boisson selon ses pr\u00e9f\u00e9rences. Son <b>moulin int\u00e9gr\u00e9<\/b> accepte les grains frais gr\u00e2ce \u00e0 un r\u00e9servoir de 300 grammes, garantissant que chaque tasse conserve un maximum d\u2019ar\u00f4me et de saveur d\u00e8s la premi\u00e8re utilisation. La <b>pression de 15 bars<\/b> assure une extraction optimale des nuances et textures pour des caf\u00e9s cr\u00e9meux et aromatiques, comparables \u00e0 ceux servis dans les caf\u00e9s professionnels. Pesant 9,5 kg et fonctionnant en 230 V, cette cafeti\u00e8re privil\u00e9gie la stabilit\u00e9 et l\u2019efficacit\u00e9 \u00e9lectrique pour un usage domestique. Le design et les caract\u00e9ristiques techniques font de la DeLonghi ECAM 350.35.SB une option compl\u00e8te et fiable pour ceux qui appr\u00e9cient un caf\u00e9 de qualit\u00e9 avec un minimum d\u2019effort et une personnalisation totale \u00e0 chaque pr\u00e9paration.<\/p>\n<ul>\n<li>Couleur:\n<ul>\n<li>Argent\u00e9<\/li>\n<li>Noir<\/li>\n<li>Silver<\/li>\n<\/ul>\n<\/li>\n<li>Type: Cafeti\u00e8re superautomatique<\/li>\n<li>Caract\u00e9ristiques:\n<ul>\n<li>Ecran tactile<\/li>\n<li>Broyeur int\u00e9gr\u00e9<\/li>\n<\/ul>\n<\/li>\n<li>Produit \u00e0 brancher: Oui<\/li>\n<li>Bloc d\u2019Alimentation: r\u00e9seau \u00e9lectrique<\/li>\n<li>puissance: 1450 W<\/li>\n<li>Pression: 15 bar<\/li>\n<li>Mati\u00e8re: Acier inoxydable<\/li>\n<li>Tension: 230 V<\/li>\n<\/ul>","protected":false},"excerpt":{"rendered":"<p>Si vous recherchez des \u00e9lectrom\u00e9nagers pour votre maison aux meilleurs prix, ne manquez pas Cafeti\u00e8re superautomatique DeLonghi ECAM 350.35.SB Argent\u00e9 et une large s\u00e9lection de petits \u00e9lectrom\u00e9nagers de qualit\u00e9 ! La cafeti\u00e8re super-automatique DeLonghi ECAM 350.35.SB est une solution avanc\u00e9e pour les amateurs de caf\u00e9 recherchant confort et qualit\u00e9 barista \u00e0 domicile. Fabriqu\u00e9e en acier [&hellip;]<\/p>\n","protected":false},"featured_media":16364,"comment_status":"open","ping_status":"closed","template":"","meta":[],"product_brand":[299],"product_cat":[725,60,77],"product_tag":[59,56],"class_list":{"0":"post-16367","1":"product","2":"type-product","3":"status-publish","4":"has-post-thumbnail","6":"product_brand-brandp_5487","7":"product_cat-cafetieres","8":"product_cat-cuisine-gourmet","9":"product_cat-petit-electromenager","10":"product_tag-tag_1304","11":"product_tag-tag_930","13":"first","14":"instock","15":"taxable","16":"shipping-taxable","17":"purchasable","18":"product-type-simple"},"_links":{"self":[{"href":"https:\/\/bigbuy.tupique.com\/es\/wp-json\/wp\/v2\/product\/16367","targetHints":{"allow":["GET"]}}],"collection":[{"href":"https:\/\/bigbuy.tupique.com\/es\/wp-json\/wp\/v2\/product"}],"about":[{"href":"https:\/\/bigbuy.tupique.com\/es\/wp-json\/wp\/v2\/types\/product"}],"replies":[{"embeddable":true,"href":"https:\/\/bigbuy.tupique.com\/es\/wp-json\/wp\/v2\/comments?post=16367"}],"wp:featuredmedia":[{"embeddable":true,"href":"https:\/\/bigbuy.tupique.com\/es\/wp-json\/wp\/v2\/media\/16364"}],"wp:attachment":[{"href":"https:\/\/bigbuy.tupique.com\/es\/wp-json\/wp\/v2\/media?parent=16367"}],"wp:term":[{"taxonomy":"product_brand","embeddable":true,"href":"https:\/\/bigbuy.tupique.com\/es\/wp-json\/wp\/v2\/product_brand?post=16367"},{"taxonomy":"product_cat","embeddable":true,"href":"https:\/\/bigbuy.tupique.com\/es\/wp-json\/wp\/v2\/product_cat?post=16367"},{"taxonomy":"product_tag","embeddable":true,"href":"https:\/\/bigbuy.tupique.com\/es\/wp-json\/wp\/v2\/product_tag?post=16367"}],"curies":[{"name":"wp","href":"https:\/\/api.w.org\/{rel}","templated":true}]}}