{"id":16336,"date":"2026-03-29T13:37:52","date_gmt":"2026-03-29T12:37:52","guid":{"rendered":"https:\/\/bigbuy.tupique.com\/produto\/switch-trendnet-ti-bg62i\/"},"modified":"2026-05-11T19:59:15","modified_gmt":"2026-05-11T17:59:15","slug":"switch-trendnet-ti-bg62i","status":"publish","type":"product","link":"https:\/\/bigbuy.tupique.com\/es\/produto\/switch-trendnet-ti-bg62i\/","title":{"rendered":"Switch Trendnet TI-BG62I"},"content":{"rendered":"<p>Si vous \u00eates passionn\u00e9 d&#8217;<b>informatique et d&#8217;\u00e9lectronique<\/b>, si vous \u00eates \u00e0 la pointe de la technologie et qu&#8217;aucun d\u00e9tail ne vous \u00e9chappe, achetez <b>Switch Trendnet TI-BG62I<\/b> au meilleur prix.<\/p>\n<p>Le <b>switch TI-BG62I<\/b> de <b>Trendnet<\/b> est un <b>switch manageable de couche 2+<\/b> con\u00e7u pour les environnements industriels exigeants, offrant des connexions fiables et performantes pour les r\u00e9seaux d\u2019entreprise et PME. Il dispose d\u2019un bo\u00eetier m\u00e9tallique robuste avec une classification <b>IP30<\/b>, garantissant r\u00e9sistance aux vibrations, chocs et fonctionnement dans une large plage de temp\u00e9ratures de <b>-40\u00b0 \u00e0 75\u00b0 C<\/b>, id\u00e9al pour les environnements difficiles. Ce switch comprend <b>6 ports<\/b> : <b>4 ports Gigabit Ethernet RJ-45<\/b> pour connecter des appareils jusqu\u2019\u00e0 1000 Mbps, un port <b>PoE (Power over Ethernet) de 360 W<\/b> pour alimenter des dispositifs compatibles via le c\u00e2ble r\u00e9seau, et <b>2 modules SFP<\/b> pour des liaisons fibre optique longue distance \u00e0 haute stabilit\u00e9 et vitesse, compatibles avec la norme 1000Base-FX. Sa capacit\u00e9 de commutation de <b>12 Gbit\/s<\/b> et sa table d\u2019adresses MAC de <b>16 000 entr\u00e9es<\/b> assurent une gestion efficace du trafic et des performances fiables pour les r\u00e9seaux multi-appareils. Il est compatible avec de nombreux standards r\u00e9seau, dont IEEE 802.1D, IEEE 802.1Q pour VLAN et QoS, IEEE 802.3ad pour l\u2019agr\u00e9gation de liens, et supporte le mode <b>full duplex<\/b> pour un flux bidirectionnel simultan\u00e9. Son design compact, d\u2019environ <b>50 mm<\/b> de large et de couleur <b>noir<\/b>, facilite son montage sur rail DIN, optimisant l\u2019espace dans les armoires industrielles. Le switch TI-BG62I offre un bon \u00e9quilibre entre robustesse industrielle, flexibilit\u00e9 de connectivit\u00e9 et fonctions avanc\u00e9es de gestion, fournissant une solution fiable et \u00e9volutive pour les infrastructures r\u00e9seau professionnelles exigeantes en disponibilit\u00e9 et performance.<\/p>\n<ul>\n<li>Produit \u00e0 brancher: Oui<\/li>\n<li>Type: Switch<\/li>\n<li>Type de prise: Prise EU<\/li>\n<li>Bloc d\u2019Alimentation: r\u00e9seau \u00e9lectrique<\/li>\n<li>Couleur: Noir<\/li>\n<li>Connexions:\n<ul>\n<li>RJ45<\/li>\n<li>PoE x 1<\/li>\n<li>SFP<\/li>\n<\/ul>\n<\/li>\n<li>puissance: 360 W<\/li>\n<li>Mati\u00e8re: M\u00e9tal<\/li>\n<li>Ports: 6<\/li>\n<\/ul>","protected":false},"excerpt":{"rendered":"<p>Si vous \u00eates passionn\u00e9 d&#8217;informatique et d&#8217;\u00e9lectronique, si vous \u00eates \u00e0 la pointe de la technologie et qu&#8217;aucun d\u00e9tail ne vous \u00e9chappe, achetez Switch Trendnet TI-BG62I au meilleur prix. Le switch TI-BG62I de Trendnet est un switch manageable de couche 2+ con\u00e7u pour les environnements industriels exigeants, offrant des connexions fiables et performantes pour les [&hellip;]<\/p>\n","protected":false},"featured_media":16334,"comment_status":"open","ping_status":"closed","template":"","meta":[],"product_brand":[635],"product_cat":[65,584,585],"product_tag":[106],"class_list":{"0":"post-16336","1":"product","2":"type-product","3":"status-publish","4":"has-post-thumbnail","6":"product_brand-brandp_4777","7":"product_cat-informatique-electronique","8":"product_cat-informatique-reseaux-et-composants","9":"product_cat-switch","10":"product_tag-tag_1295","12":"first","13":"instock","14":"taxable","15":"shipping-taxable","16":"purchasable","17":"product-type-simple"},"_links":{"self":[{"href":"https:\/\/bigbuy.tupique.com\/es\/wp-json\/wp\/v2\/product\/16336","targetHints":{"allow":["GET"]}}],"collection":[{"href":"https:\/\/bigbuy.tupique.com\/es\/wp-json\/wp\/v2\/product"}],"about":[{"href":"https:\/\/bigbuy.tupique.com\/es\/wp-json\/wp\/v2\/types\/product"}],"replies":[{"embeddable":true,"href":"https:\/\/bigbuy.tupique.com\/es\/wp-json\/wp\/v2\/comments?post=16336"}],"wp:featuredmedia":[{"embeddable":true,"href":"https:\/\/bigbuy.tupique.com\/es\/wp-json\/wp\/v2\/media\/16334"}],"wp:attachment":[{"href":"https:\/\/bigbuy.tupique.com\/es\/wp-json\/wp\/v2\/media?parent=16336"}],"wp:term":[{"taxonomy":"product_brand","embeddable":true,"href":"https:\/\/bigbuy.tupique.com\/es\/wp-json\/wp\/v2\/product_brand?post=16336"},{"taxonomy":"product_cat","embeddable":true,"href":"https:\/\/bigbuy.tupique.com\/es\/wp-json\/wp\/v2\/product_cat?post=16336"},{"taxonomy":"product_tag","embeddable":true,"href":"https:\/\/bigbuy.tupique.com\/es\/wp-json\/wp\/v2\/product_tag?post=16336"}],"curies":[{"name":"wp","href":"https:\/\/api.w.org\/{rel}","templated":true}]}}