{"id":16319,"date":"2026-03-29T13:37:33","date_gmt":"2026-03-29T12:37:33","guid":{"rendered":"https:\/\/bigbuy.tupique.com\/produto\/desk-urban-factory-eed25uf-white-stainless-steel-118-x-60-cm\/"},"modified":"2026-04-15T00:47:07","modified_gmt":"2026-04-14T23:47:07","slug":"desk-urban-factory-eed25uf-white-stainless-steel-118-x-60-cm","status":"publish","type":"product","link":"https:\/\/bigbuy.tupique.com\/es\/produto\/desk-urban-factory-eed25uf-white-stainless-steel-118-x-60-cm\/","title":{"rendered":"Bureau Urban Factory EED25UF Blanc Acier inoxydable 118 x 60 cm"},"content":{"rendered":"<p>Si vous \u00eates passionn\u00e9 d&#8217;<b>informatique et d&#8217;\u00e9lectronique<\/b>, si vous \u00eates \u00e0 la pointe de la technologie et qu&#8217;aucun d\u00e9tail ne vous \u00e9chappe, achetez <b>Bureau Urban Factory EED25UF Blanc Acier inoxydable 118 x 60 cm<\/b> au meilleur prix.<\/p>\n<ul>\n<li>Mati\u00e8re:\n<ul>\n<li>Bois MDF<\/li>\n<li>Acier inoxydable<\/li>\n<\/ul>\n<\/li>\n<li>Type: Droit<\/li>\n<li>Couleur: Blanc<\/li>\n<li>Caract\u00e9ristiques: Hauteur r\u00e9glable<\/li>\n<li>Dimensions approx.: 118 x 60 cm<\/li>\n<\/ul>","protected":false},"excerpt":{"rendered":"<p>Si vous \u00eates passionn\u00e9 d&#8217;informatique et d&#8217;\u00e9lectronique, si vous \u00eates \u00e0 la pointe de la technologie et qu&#8217;aucun d\u00e9tail ne vous \u00e9chappe, achetez Bureau Urban Factory EED25UF Blanc Acier inoxydable 118 x 60 cm au meilleur prix. Mati\u00e8re: Bois MDF Acier inoxydable Type: Droit Couleur: Blanc Caract\u00e9ristiques: Hauteur r\u00e9glable Dimensions approx.: 118 x 60 cm<\/p>","protected":false},"featured_media":16316,"comment_status":"open","ping_status":"closed","template":"","meta":[],"product_brand":[820],"product_cat":[739,65,737],"product_tag":[572],"class_list":{"0":"post-16319","1":"product","2":"type-product","3":"status-publish","4":"has-post-thumbnail","6":"product_brand-brandp_4766","7":"product_cat-accessoires-gaming","8":"product_cat-informatique-electronique","9":"product_cat-informatique-gaming","10":"product_tag-tag_29","12":"first","13":"instock","14":"taxable","15":"shipping-taxable","16":"purchasable","17":"product-type-simple"},"_links":{"self":[{"href":"https:\/\/bigbuy.tupique.com\/es\/wp-json\/wp\/v2\/product\/16319","targetHints":{"allow":["GET"]}}],"collection":[{"href":"https:\/\/bigbuy.tupique.com\/es\/wp-json\/wp\/v2\/product"}],"about":[{"href":"https:\/\/bigbuy.tupique.com\/es\/wp-json\/wp\/v2\/types\/product"}],"replies":[{"embeddable":true,"href":"https:\/\/bigbuy.tupique.com\/es\/wp-json\/wp\/v2\/comments?post=16319"}],"wp:featuredmedia":[{"embeddable":true,"href":"https:\/\/bigbuy.tupique.com\/es\/wp-json\/wp\/v2\/media\/16316"}],"wp:attachment":[{"href":"https:\/\/bigbuy.tupique.com\/es\/wp-json\/wp\/v2\/media?parent=16319"}],"wp:term":[{"taxonomy":"product_brand","embeddable":true,"href":"https:\/\/bigbuy.tupique.com\/es\/wp-json\/wp\/v2\/product_brand?post=16319"},{"taxonomy":"product_cat","embeddable":true,"href":"https:\/\/bigbuy.tupique.com\/es\/wp-json\/wp\/v2\/product_cat?post=16319"},{"taxonomy":"product_tag","embeddable":true,"href":"https:\/\/bigbuy.tupique.com\/es\/wp-json\/wp\/v2\/product_tag?post=16319"}],"curies":[{"name":"wp","href":"https:\/\/api.w.org\/{rel}","templated":true}]}}