{"id":16313,"date":"2026-03-29T13:37:26","date_gmt":"2026-03-29T12:37:26","guid":{"rendered":"https:\/\/bigbuy.tupique.com\/produto\/superautomatic-coffee-maker-delonghi-0132220020-1450-w-white-1450-w-15-bar\/"},"modified":"2026-04-16T17:21:23","modified_gmt":"2026-04-16T16:21:23","slug":"superautomatic-coffee-maker-delonghi-0132220020-1450-w-white-1450-w-15-bar","status":"publish","type":"product","link":"https:\/\/bigbuy.tupique.com\/es\/produto\/superautomatic-coffee-maker-delonghi-0132220020-1450-w-white-1450-w-15-bar\/","title":{"rendered":"Cafeti\u00e8re superautomatique DeLonghi 0132220020 1450 W Blanc 1450 W 15 bar"},"content":{"rendered":"<p>Si vous recherchez des \u00e9lectrom\u00e9nagers pour votre maison aux meilleurs prix, ne manquez pas <b>Cafeti\u00e8re superautomatique DeLonghi 0132220020 1450 W Blanc 1450 W 15 bar<\/b> et une large s\u00e9lection de petits \u00e9lectrom\u00e9nagers de qualit\u00e9 !<\/p>\n<p>La <b>Machine \u00e0 caf\u00e9 superautomatique DELONGHI ECAM 350.35.W<\/b> allie fonctionnalit\u00e9 avanc\u00e9e et design minimaliste dans une finition <b>blanche<\/b> \u00e9l\u00e9gante qui s\u2019int\u00e8gre facilement dans toute cuisine. Construite en <b>acier inoxydable<\/b>, cette machine garantit durabilit\u00e9 et robustesse, tandis que sa <b>pression de 15 bars<\/b> assure une extraction optimale pour un espresso cors\u00e9 et aromatique. \u00c9quip\u00e9e d\u2019un moteur puissant de <b>1450 W<\/b>, elle chauffe rapidement l\u2019eau et pr\u00e9pare le caf\u00e9 efficacement. Son \u00e9cran tactile avec ic\u00f4nes r\u00e9tro\u00e9clair\u00e9s et graphiques intuitifs facilite la s\u00e9lection et la personnalisation de jusqu\u2019\u00e0 <b>4 recettes de caf\u00e9<\/b> via un acc\u00e8s direct, s\u2019adaptant aux pr\u00e9f\u00e9rences de chaque utilisateur. De plus, elle dispose d\u2019un moulin int\u00e9gr\u00e9 qui broie les grains frais stock\u00e9s dans un r\u00e9servoir de <b>300 grammes<\/b>, garantissant une saveur fra\u00eeche et authentique \u00e0 chaque tasse. Son r\u00e9servoir d\u2019eau d\u2019une <b>capacit\u00e9 de 1,8 litre<\/b> permet de pr\u00e9parer plusieurs doses sans recharge fr\u00e9quente, et son poids de <b>9,5 kg<\/b> lui conf\u00e8re une bonne stabilit\u00e9 sur le plan de travail. Con\u00e7ue pour la praticit\u00e9, cette machine facilite le nettoyage et l\u2019entretien, et fonctionne avec une prise standard europ\u00e9enne. En r\u00e9sum\u00e9, la DELONGHI ECAM 350.35.W est une option \u00e9quilibr\u00e9e pour ceux qui recherchent une <b>machine \u00e0 caf\u00e9 superautomatique<\/b> alliant technologie, simplicit\u00e9 d\u2019usage et finition soign\u00e9e, id\u00e9ale pour pr\u00e9parer des caf\u00e9s de qualit\u00e9 professionnelle \u00e0 domicile ou au bureau.<\/p>\n<ul>\n<li>Produit \u00e0 brancher: Oui<\/li>\n<li>Type de prise: Prise EU<\/li>\n<li>Type: Cafeti\u00e8re superautomatique<\/li>\n<li>Bloc d\u2019Alimentation: r\u00e9seau \u00e9lectrique<\/li>\n<li>Couleur: Blanc<\/li>\n<li>puissance: 1450 W<\/li>\n<li>Pression: 15 bar<\/li>\n<li>Capacit\u00e9:\n<ul>\n<li>300 g<\/li>\n<li>1,8 L<\/li>\n<\/ul>\n<\/li>\n<li>Mati\u00e8re: Acier inoxydable<\/li>\n<\/ul>","protected":false},"excerpt":{"rendered":"<p>Si vous recherchez des \u00e9lectrom\u00e9nagers pour votre maison aux meilleurs prix, ne manquez pas Cafeti\u00e8re superautomatique DeLonghi 0132220020 1450 W Blanc 1450 W 15 bar et une large s\u00e9lection de petits \u00e9lectrom\u00e9nagers de qualit\u00e9 ! La Machine \u00e0 caf\u00e9 superautomatique DELONGHI ECAM 350.35.W allie fonctionnalit\u00e9 avanc\u00e9e et design minimaliste dans une finition blanche \u00e9l\u00e9gante qui [&hellip;]<\/p>\n","protected":false},"featured_media":16310,"comment_status":"open","ping_status":"closed","template":"","meta":[],"product_brand":[299],"product_cat":[725,60,77],"product_tag":[59,56],"class_list":{"0":"post-16313","1":"product","2":"type-product","3":"status-publish","4":"has-post-thumbnail","6":"product_brand-brandp_5487","7":"product_cat-cafetieres","8":"product_cat-cuisine-gourmet","9":"product_cat-petit-electromenager","10":"product_tag-tag_1304","11":"product_tag-tag_930","13":"first","14":"instock","15":"taxable","16":"shipping-taxable","17":"purchasable","18":"product-type-simple"},"_links":{"self":[{"href":"https:\/\/bigbuy.tupique.com\/es\/wp-json\/wp\/v2\/product\/16313","targetHints":{"allow":["GET"]}}],"collection":[{"href":"https:\/\/bigbuy.tupique.com\/es\/wp-json\/wp\/v2\/product"}],"about":[{"href":"https:\/\/bigbuy.tupique.com\/es\/wp-json\/wp\/v2\/types\/product"}],"replies":[{"embeddable":true,"href":"https:\/\/bigbuy.tupique.com\/es\/wp-json\/wp\/v2\/comments?post=16313"}],"wp:featuredmedia":[{"embeddable":true,"href":"https:\/\/bigbuy.tupique.com\/es\/wp-json\/wp\/v2\/media\/16310"}],"wp:attachment":[{"href":"https:\/\/bigbuy.tupique.com\/es\/wp-json\/wp\/v2\/media?parent=16313"}],"wp:term":[{"taxonomy":"product_brand","embeddable":true,"href":"https:\/\/bigbuy.tupique.com\/es\/wp-json\/wp\/v2\/product_brand?post=16313"},{"taxonomy":"product_cat","embeddable":true,"href":"https:\/\/bigbuy.tupique.com\/es\/wp-json\/wp\/v2\/product_cat?post=16313"},{"taxonomy":"product_tag","embeddable":true,"href":"https:\/\/bigbuy.tupique.com\/es\/wp-json\/wp\/v2\/product_tag?post=16313"}],"curies":[{"name":"wp","href":"https:\/\/api.w.org\/{rel}","templated":true}]}}