{"id":16295,"date":"2026-03-29T13:37:04","date_gmt":"2026-03-29T12:37:04","guid":{"rendered":"https:\/\/bigbuy.tupique.com\/produto\/kvm-switch-startech-sv231dpuca\/"},"modified":"2026-04-15T00:47:02","modified_gmt":"2026-04-14T23:47:02","slug":"kvm-switch-startech-sv231dpuca","status":"publish","type":"product","link":"https:\/\/bigbuy.tupique.com\/es\/produto\/kvm-switch-startech-sv231dpuca\/","title":{"rendered":"Switch KVM Startech SV231DPUCA"},"content":{"rendered":"<p>Si vous \u00eates passionn\u00e9 d&#8217;<b>informatique et d&#8217;\u00e9lectronique<\/b>, si vous \u00eates \u00e0 la pointe de la technologie et qu&#8217;aucun d\u00e9tail ne vous \u00e9chappe, achetez <b>Switch KVM Startech SV231DPUCA<\/b> au meilleur prix.<\/p>\n<ul>\n<li>Type de prise: Prise EU<\/li>\n<li>R\u00e9solution: 4K Ultra HD<\/li>\n<li>Connexions:\n<ul>\n<li>USB-C<\/li>\n<li>DisplayPort<\/li>\n<li>DisplayPort 1.2<\/li>\n<li>USB<\/li>\n<li>6<\/li>\n<li>2<\/li>\n<li>HDCP<\/li>\n<\/ul>\n<\/li>\n<li>Couleur: Noir<\/li>\n<li>Mati\u00e8re: M\u00e9tal<\/li>\n<li>Caract\u00e9ristiques:\n<ul>\n<li>Guide d&#8217;installation inclus<\/li>\n<li>T\u00e9moin de fonctionnement LED<\/li>\n<li>Bouton<\/li>\n<\/ul>\n<\/li>\n<li>Tension:\n<ul>\n<li>12 V<\/li>\n<li>100 &#8211; 240 V<\/li>\n<\/ul>\n<\/li>\n<li>Non inclut: Adaptateur AC<\/li>\n<li>Amp\u00e9rage: 1,2 A<\/li>\n<li>Largeur: 14 cm<\/li>\n<li>\u00c9cran integr\u00e9: Non<\/li>\n<\/ul>","protected":false},"excerpt":{"rendered":"<p>Si vous \u00eates passionn\u00e9 d&#8217;informatique et d&#8217;\u00e9lectronique, si vous \u00eates \u00e0 la pointe de la technologie et qu&#8217;aucun d\u00e9tail ne vous \u00e9chappe, achetez Switch KVM Startech SV231DPUCA au meilleur prix. Type de prise: Prise EU R\u00e9solution: 4K Ultra HD Connexions: USB-C DisplayPort DisplayPort 1.2 USB 6 2 HDCP Couleur: Noir Mati\u00e8re: M\u00e9tal Caract\u00e9ristiques: Guide d&#8217;installation [&hellip;]<\/p>\n","protected":false},"featured_media":16293,"comment_status":"open","ping_status":"closed","template":"","meta":[],"product_brand":[634],"product_cat":[598,65,608],"product_tag":[106],"class_list":{"0":"post-16295","1":"product","2":"type-product","3":"status-publish","4":"has-post-thumbnail","6":"product_brand-brandp_4771","7":"product_cat-informatique-cables-et-adaptateurs","8":"product_cat-informatique-electronique","9":"product_cat-switch-kvm","10":"product_tag-tag_1295","12":"first","13":"instock","14":"taxable","15":"shipping-taxable","16":"purchasable","17":"product-type-simple"},"_links":{"self":[{"href":"https:\/\/bigbuy.tupique.com\/es\/wp-json\/wp\/v2\/product\/16295","targetHints":{"allow":["GET"]}}],"collection":[{"href":"https:\/\/bigbuy.tupique.com\/es\/wp-json\/wp\/v2\/product"}],"about":[{"href":"https:\/\/bigbuy.tupique.com\/es\/wp-json\/wp\/v2\/types\/product"}],"replies":[{"embeddable":true,"href":"https:\/\/bigbuy.tupique.com\/es\/wp-json\/wp\/v2\/comments?post=16295"}],"wp:featuredmedia":[{"embeddable":true,"href":"https:\/\/bigbuy.tupique.com\/es\/wp-json\/wp\/v2\/media\/16293"}],"wp:attachment":[{"href":"https:\/\/bigbuy.tupique.com\/es\/wp-json\/wp\/v2\/media?parent=16295"}],"wp:term":[{"taxonomy":"product_brand","embeddable":true,"href":"https:\/\/bigbuy.tupique.com\/es\/wp-json\/wp\/v2\/product_brand?post=16295"},{"taxonomy":"product_cat","embeddable":true,"href":"https:\/\/bigbuy.tupique.com\/es\/wp-json\/wp\/v2\/product_cat?post=16295"},{"taxonomy":"product_tag","embeddable":true,"href":"https:\/\/bigbuy.tupique.com\/es\/wp-json\/wp\/v2\/product_tag?post=16295"}],"curies":[{"name":"wp","href":"https:\/\/api.w.org\/{rel}","templated":true}]}}