{"id":162939,"date":"2026-04-10T05:55:18","date_gmt":"2026-04-10T04:55:18","guid":{"rendered":"https:\/\/bigbuy.tupique.com\/produto\/gas-hob-teka-gzc-64320-xb-60-cm\/"},"modified":"2026-05-11T19:56:24","modified_gmt":"2026-05-11T17:56:24","slug":"gas-hob-teka-gzc-64320-xb-60-cm","status":"publish","type":"product","link":"https:\/\/bigbuy.tupique.com\/es\/produto\/gas-hob-teka-gzc-64320-xb-60-cm\/","title":{"rendered":"Plaque au gaz Teka GZC 64320 XB 60 cm"},"content":{"rendered":"<p>Si vous pensez r\u00e9nover votre cuisine, achetez <b>Plaque au gaz Teka GZC 64320 XB 60 cm<\/b> et d\u00b4autres <b>produits Teka<\/b> !<\/p>\n<ul>\n<li>Largeur: 60 cm<\/li>\n<li>puissance:\n<ul>\n<li>1000 W<\/li>\n<li>4000 W<\/li>\n<li>1750 W<\/li>\n<li>2800 W<\/li>\n<\/ul>\n<\/li>\n<li>Zones de cuisson: 4<\/li>\n<li>Mati\u00e8re: Vitroc\u00e9ramique<\/li>\n<li>Type:\n<ul>\n<li>Plaque au gaz<\/li>\n<li>Int\u00e9gr\u00e9<\/li>\n<\/ul>\n<\/li>\n<li>Couleur: Noir<\/li>\n<li>Caract\u00e9ristiques: 9 niveaux<\/li>\n<li>Tension: 220-240 V<\/li>\n<li>Bloc d\u2019Alimentation:\n<ul>\n<li>Butane<\/li>\n<li>Gaz<\/li>\n<\/ul>\n<\/li>\n<li>Profondeur de compartiment d&#8217;installation: 48 cm<\/li>\n<li>\u00c9cran integr\u00e9: Non<\/li>\n<li>Forme: Rond<\/li>\n<li>Longueur du c\u00e2ble: 1 m<\/li>\n<li>Type de carburant: Gaz<\/li>\n<li>Fr\u00e9quence d&#8217;entr\u00e9e AC: 50-60 Hz<\/li>\n<\/ul>\n<p>Informations importantes: En ce qui concerne le raccordement au gaz, il convient de respecter les r\u00e9glementations nationales en vigueur..<\/p>","protected":false},"excerpt":{"rendered":"<p>Si vous pensez r\u00e9nover votre cuisine, achetez Plaque au gaz Teka GZC 64320 XB 60 cm et d\u00b4autres produits Teka ! Largeur: 60 cm puissance: 1000 W 4000 W 1750 W 2800 W Zones de cuisson: 4 Mati\u00e8re: Vitroc\u00e9ramique Type: Plaque au gaz Int\u00e9gr\u00e9 Couleur: Noir Caract\u00e9ristiques: 9 niveaux Tension: 220-240 V Bloc d\u2019Alimentation: Butane [&hellip;]<\/p>\n","protected":false},"featured_media":162937,"comment_status":"open","ping_status":"closed","template":"","meta":[],"product_brand":[667],"product_cat":[60,77,78],"product_tag":[55,56],"class_list":{"0":"post-162939","1":"product","2":"type-product","3":"status-publish","4":"has-post-thumbnail","6":"product_brand-brandp_1172","7":"product_cat-cuisine-gourmet","8":"product_cat-petit-electromenager","9":"product_cat-plaques-de-cuisson","10":"product_tag-tag_926","11":"product_tag-tag_930","13":"first","14":"instock","15":"taxable","16":"shipping-taxable","17":"purchasable","18":"product-type-simple"},"_links":{"self":[{"href":"https:\/\/bigbuy.tupique.com\/es\/wp-json\/wp\/v2\/product\/162939","targetHints":{"allow":["GET"]}}],"collection":[{"href":"https:\/\/bigbuy.tupique.com\/es\/wp-json\/wp\/v2\/product"}],"about":[{"href":"https:\/\/bigbuy.tupique.com\/es\/wp-json\/wp\/v2\/types\/product"}],"replies":[{"embeddable":true,"href":"https:\/\/bigbuy.tupique.com\/es\/wp-json\/wp\/v2\/comments?post=162939"}],"wp:featuredmedia":[{"embeddable":true,"href":"https:\/\/bigbuy.tupique.com\/es\/wp-json\/wp\/v2\/media\/162937"}],"wp:attachment":[{"href":"https:\/\/bigbuy.tupique.com\/es\/wp-json\/wp\/v2\/media?parent=162939"}],"wp:term":[{"taxonomy":"product_brand","embeddable":true,"href":"https:\/\/bigbuy.tupique.com\/es\/wp-json\/wp\/v2\/product_brand?post=162939"},{"taxonomy":"product_cat","embeddable":true,"href":"https:\/\/bigbuy.tupique.com\/es\/wp-json\/wp\/v2\/product_cat?post=162939"},{"taxonomy":"product_tag","embeddable":true,"href":"https:\/\/bigbuy.tupique.com\/es\/wp-json\/wp\/v2\/product_tag?post=162939"}],"curies":[{"name":"wp","href":"https:\/\/api.w.org\/{rel}","templated":true}]}}