{"id":16285,"date":"2026-03-29T13:36:52","date_gmt":"2026-03-29T12:36:52","guid":{"rendered":"https:\/\/bigbuy.tupique.com\/produto\/monitor-logitech-tap-ip-101-full-hd\/"},"modified":"2026-04-15T00:47:02","modified_gmt":"2026-04-14T23:47:02","slug":"monitor-logitech-tap-ip-101-full-hd","status":"publish","type":"product","link":"https:\/\/bigbuy.tupique.com\/es\/produto\/monitor-logitech-tap-ip-101-full-hd\/","title":{"rendered":"\u00c9cran Logitech Tap IP 10,1&#8243; Full HD"},"content":{"rendered":"<p>Si vous \u00eates passionn\u00e9 d&#8217;<b>informatique et d&#8217;\u00e9lectronique<\/b>, si vous \u00eates \u00e0 la pointe de la technologie et qu&#8217;aucun d\u00e9tail ne vous \u00e9chappe, achetez <b>\u00c9cran Logitech Tap IP 10,1&#8243; Full HD<\/b> au meilleur prix.<\/p>\n<p>Le <b>Logitech Tap IP<\/b> est un <b>moniteur<\/b> de derni\u00e8re g\u00e9n\u00e9ration sp\u00e9cialement con\u00e7u pour les environnements collaboratifs et les salles de r\u00e9union modernes, alliant efficacit\u00e9 et fonctionnalit\u00e9 dans un format compact et \u00e9l\u00e9gant de couleur blanche. Dot\u00e9 d\u2019un <b>\u00e9cran tactile intuitif de 10,1 pouces<\/b> (25,6 cm) avec une <b>r\u00e9solution de 1280 x 800 pixels<\/b>, cet appareil facilite la gestion interactive des visioconf\u00e9rences et autres t\u00e2ches collaboratives gr\u00e2ce \u00e0 une interface claire et r\u00e9active. Parmi ses principaux atouts techniques figure sa <b>connectivit\u00e9 avanc\u00e9e<\/b>, int\u00e9grant <b>Ethernet LAN<\/b> pour des connexions r\u00e9seau stables, ainsi que <b>Bluetooth<\/b> et <b>Wi-Fi<\/b>, offrant une grande polyvalence pour l\u2019installation et la connexion \u00e0 d\u2019autres appareils ou syst\u00e8mes de communication. Son design comprend des <b>haut-parleurs int\u00e9gr\u00e9s<\/b>, permettant une diffusion audio directe et claire dans tous les contextes d\u2019utilisation. Optimis\u00e9 pour la gestion des services de visioconf\u00e9rence, le Logitech Tap IP assure une compatibilit\u00e9 avec les solutions professionnelles et les \u00e9quipements du secteur, facilitant des r\u00e9unions virtuelles efficaces et des configurations avec moins de c\u00e2bles et une plus grande libert\u00e9 d\u2019agencement dans la salle. Cette solution se pr\u00e9sente comme un choix fiable, moderne et hautement compatible pour les environnements professionnels exigeant une technologie de r\u00e9union intuitive et robuste.<\/p>\n<ul>\n<li>Connectivit\u00e9:\n<ul>\n<li>Wi-Fi<\/li>\n<li>Bluetooth<\/li>\n<li>Bluetooth 5.0<\/li>\n<li>Ethernet LAN<\/li>\n<\/ul>\n<\/li>\n<li>Produit \u00e0 brancher: Oui<\/li>\n<li>Type de prise: Prise EU<\/li>\n<li>Type: \u00c9cran<\/li>\n<li>Diagonale de l&#8217;\u00e9cran (cm): 25,7 cm<\/li>\n<li>Bloc d\u2019Alimentation: r\u00e9seau \u00e9lectrique<\/li>\n<li>Couleur: Blanc<\/li>\n<li>Caract\u00e9ristiques:\n<ul>\n<li>Haut-parleurs int\u00e9gr\u00e9s<\/li>\n<li>Ecran tactile<\/li>\n<\/ul>\n<\/li>\n<li>Connexions: Ethernet LAN<\/li>\n<li>Ecran: 10,1&#8243;<\/li>\n<li>Brille: 400 cd\/m\u00b2<\/li>\n<li>R\u00e9solution (px): 1280 x 800 px<\/li>\n<li>vitesse:\n<ul>\n<li>10 Gbit\/s<\/li>\n<li>10\/100 Mbps<\/li>\n<\/ul>\n<\/li>\n<li>R\u00e9solution: Full HD<\/li>\n<li>Syst\u00e8me d&#8217;exploitation: Android<\/li>\n<li>Inclut: Vis<\/li>\n<li>Technologie:\n<ul>\n<li>IPS<\/li>\n<li>LCD<\/li>\n<\/ul>\n<\/li>\n<li>Type d&#8217;installation: Montage mural<\/li>\n<li>Fr\u00e9quence: 60 Hz<\/li>\n<li>Flux lumineux: 400 lm<\/li>\n<li>Connecteurs: Kensington<\/li>\n<li>Montage: VESA<\/li>\n<li>Temp\u00e9rature approximative: -40\u00ba \/ 70\u00ba<\/li>\n<li>Pr\u00e9cision (humidit\u00e9 relative): 10 % &#8211; 95 %<\/li>\n<\/ul>","protected":false},"excerpt":{"rendered":"<p>Si vous \u00eates passionn\u00e9 d&#8217;informatique et d&#8217;\u00e9lectronique, si vous \u00eates \u00e0 la pointe de la technologie et qu&#8217;aucun d\u00e9tail ne vous \u00e9chappe, achetez \u00c9cran Logitech Tap IP 10,1&#8243; Full HD au meilleur prix. Le Logitech Tap IP est un moniteur de derni\u00e8re g\u00e9n\u00e9ration sp\u00e9cialement con\u00e7u pour les environnements collaboratifs et les salles de r\u00e9union modernes, [&hellip;]<\/p>\n","protected":false},"featured_media":16284,"comment_status":"open","ping_status":"closed","template":"","meta":[],"product_brand":[647],"product_cat":[65,581,616],"product_tag":[213,106],"class_list":{"0":"post-16285","1":"product","2":"type-product","3":"status-publish","4":"has-post-thumbnail","6":"product_brand-brandp_561","7":"product_cat-informatique-electronique","8":"product_cat-informatique-peripheriques-et-consommables","9":"product_cat-moniteurs","10":"product_tag-tag_933","11":"product_tag-tag_1295","13":"first","14":"instock","15":"taxable","16":"shipping-taxable","17":"purchasable","18":"product-type-simple"},"_links":{"self":[{"href":"https:\/\/bigbuy.tupique.com\/es\/wp-json\/wp\/v2\/product\/16285","targetHints":{"allow":["GET"]}}],"collection":[{"href":"https:\/\/bigbuy.tupique.com\/es\/wp-json\/wp\/v2\/product"}],"about":[{"href":"https:\/\/bigbuy.tupique.com\/es\/wp-json\/wp\/v2\/types\/product"}],"replies":[{"embeddable":true,"href":"https:\/\/bigbuy.tupique.com\/es\/wp-json\/wp\/v2\/comments?post=16285"}],"wp:featuredmedia":[{"embeddable":true,"href":"https:\/\/bigbuy.tupique.com\/es\/wp-json\/wp\/v2\/media\/16284"}],"wp:attachment":[{"href":"https:\/\/bigbuy.tupique.com\/es\/wp-json\/wp\/v2\/media?parent=16285"}],"wp:term":[{"taxonomy":"product_brand","embeddable":true,"href":"https:\/\/bigbuy.tupique.com\/es\/wp-json\/wp\/v2\/product_brand?post=16285"},{"taxonomy":"product_cat","embeddable":true,"href":"https:\/\/bigbuy.tupique.com\/es\/wp-json\/wp\/v2\/product_cat?post=16285"},{"taxonomy":"product_tag","embeddable":true,"href":"https:\/\/bigbuy.tupique.com\/es\/wp-json\/wp\/v2\/product_tag?post=16285"}],"curies":[{"name":"wp","href":"https:\/\/api.w.org\/{rel}","templated":true}]}}