{"id":162712,"date":"2026-04-10T05:26:31","date_gmt":"2026-04-10T04:26:31","guid":{"rendered":"https:\/\/bigbuy.tupique.com\/produto\/conventional-hood-teka-40487181-70-cm-700-m3-h-72-db-270w-steel\/"},"modified":"2026-04-14T23:38:08","modified_gmt":"2026-04-14T22:38:08","slug":"conventional-hood-teka-40487181-70-cm-700-m3-h-72-db-270w-steel","status":"publish","type":"product","link":"https:\/\/bigbuy.tupique.com\/es\/produto\/conventional-hood-teka-40487181-70-cm-700-m3-h-72-db-270w-steel\/","title":{"rendered":"Hotte standard Teka 40487181 70 cm 700 m3\/h 72 dB 270W Acier"},"content":{"rendered":"<p>Si vous pensez r\u00e9nover votre cuisine, achetez <b>Hotte standard Teka 40487181 70 cm 700 m3\/h 72 dB 270W Acier<\/b> et d\u00b4autres <b>produits Teka<\/b> !<\/p>\n<ul>\n<li>Lumi\u00e8re:\n<ul>\n<li>Oui<\/li>\n<li>LED<\/li>\n<\/ul>\n<\/li>\n<li>puissance:\n<ul>\n<li>270 W<\/li>\n<li>265 W<\/li>\n<\/ul>\n<\/li>\n<li>Volume sonore: 72 dB<\/li>\n<li>Tube d&#8217;Evacuation: \u00d8 15 cm<\/li>\n<li>Dimensions approx.: 70 x 48,5 x 62,5 cm<\/li>\n<li>Type d&#8217;installation:\n<ul>\n<li>Paroi<\/li>\n<li>Montage mural<\/li>\n<\/ul>\n<\/li>\n<li>Largeur: 70 cm<\/li>\n<li>Couleur: Acier<\/li>\n<li>Classification \u00e9nerg\u00e9tique:\n<ul>\n<li>A+<\/li>\n<li>A<\/li>\n<li>A+++<\/li>\n<\/ul>\n<\/li>\n<li>Produit \u00e0 brancher: Oui<\/li>\n<li>Type de prise: Prise EU<\/li>\n<li>Capacit\u00e9 d\u2019extraction:\n<ul>\n<li>700 m3\/h<\/li>\n<li>701 m3\/h<\/li>\n<\/ul>\n<\/li>\n<li>Mati\u00e8re:\n<ul>\n<li>Acier inoxydable<\/li>\n<li>Acier<\/li>\n<\/ul>\n<\/li>\n<li>Type:\n<ul>\n<li>Hotte standard<\/li>\n<li>Mural<\/li>\n<\/ul>\n<\/li>\n<li>Bloc d\u2019Alimentation: r\u00e9seau \u00e9lectrique<\/li>\n<li>Filtres: 3<\/li>\n<li>Filtre: Acier inoxydable<\/li>\n<li>Niveau sonore:\n<ul>\n<li>53 dB<\/li>\n<li>69 dB<\/li>\n<li>65 dB<\/li>\n<\/ul>\n<\/li>\n<li>Moteur: 1<\/li>\n<li>Type d&#8217;ampoule: LED<\/li>\n<li>Profondeur: 485 mm<\/li>\n<li>Caract\u00e9ristiques:\n<ul>\n<li>\u00c9cran integr\u00e9<\/li>\n<li>Commande tactile<\/li>\n<\/ul>\n<\/li>\n<li>Fr\u00e9quence: 50 &#8211; 60 Hz<\/li>\n<li>Tension: 220-240 V<\/li>\n<li>Poids: 15 kg<\/li>\n<\/ul>\n<p><\/p>\n<p>Teka DLH 786 T. Puissance d&#8217;extraction maximum: 701 m\u00b3\/h, Type d&#8217;extraction: Conduit \/ Recirculation, Classe d&#8217;efficacit\u00e9 dynamique du fluide: A. Type: Mont\u00e9 au mur, Couleur du produit: Noir, Acier inoxydable, Puissance de l&#8217;ampoule: 6 W. Type de filtre \u00e0 graisse: Acier inoxydable, Nombre de filtres: 3 pi\u00e8ce(s). Classe d&#8217;efficacit\u00e9 \u00e9nerg\u00e9tique: A+, Puissance du moteur: 265 W, Consommation annuelle d&#8217;\u00e9nergie: 40,7 kWh. Largeur: 700 mm, Profondeur: 485 mm, Hauteur (min): 62,5 cm<\/p>\n<p><\/p>\n<ul>\n<li>Puissance d&#8217;extraction maximum: 701 m\u00b3\/h<\/li>\n<li>Type d&#8217;extraction: Conduit \/ Recirculation<\/li>\n<li>Classe d&#8217;efficacit\u00e9 dynamique du fluide: A<\/li>\n<li>Classe d&#8217;efficacit\u00e9 de l&#8217;\u00e9clairage: A<\/li>\n<li>Classe d&#8217;efficacit\u00e9 du filtrage de la graisse: C<\/li>\n<li>Niveau sonore: 69 dB<\/li>\n<li>Vitesse intensive: Non<\/li>\n<li>Fonction Boost: Oui<\/li>\n<li>Niveau de son (vitesse lente): 53 dB<\/li>\n<li>Niveau de son (vitesse rapide): 69 dB<\/li>\n<li>Niveau de bruit (mode boost): 72 dB<\/li>\n<li>Pression (Pa): 469<\/li>\n<li>Type: Mont\u00e9 au mur<\/li>\n<li>Couleur du produit: Noir, Acier inoxydable<\/li>\n<li>\u00c9cran integr\u00e9: Oui<\/li>\n<li>Puissance de l&#8217;ampoule: 6 W<\/li>\n<li>Type d&#8217;ampoule: LED<\/li>\n<li>\u00c9clairement: 331 lux<\/li>\n<li>Type de commande: Tactile<\/li>\n<li>lieu d&#8217;\u00e9chappement: Haut<\/li>\n<li>Diam\u00e8tre du conduit d&#8217;\u00e9vacuation: 15 cm<\/li>\n<li>Clapet de retour: Oui<\/li>\n<li>Nombre de moteurs: 1<\/li>\n<li>Moteur inclus: Oui<\/li>\n<li>Type de filtre \u00e0 graisse: Acier inoxydable<\/li>\n<li>Nombre de filtres: 3 pi\u00e8ce(s)<\/li>\n<li>Classe d&#8217;efficacit\u00e9 \u00e9nerg\u00e9tique: A+<\/li>\n<li>Puissance du moteur: 265 W<\/li>\n<li>Consommation annuelle d&#8217;\u00e9nergie: 40,7 kWh<\/li>\n<li>Tension d&#8217;entr\u00e9e AC: 220 &#8211; 240 V<\/li>\n<li>Fr\u00e9quence d&#8217;entr\u00e9e AC: 50 &#8211; 60 Hz<\/li>\n<li>Largeur: 700 mm<\/li>\n<li>Profondeur: 485 mm<\/li>\n<li>Hauteur (min): 62,5 cm<\/li>\n<li>Hauteur (max): 95,5 cm<\/li>\n<\/ul>","protected":false},"excerpt":{"rendered":"<p>Si vous pensez r\u00e9nover votre cuisine, achetez Hotte standard Teka 40487181 70 cm 700 m3\/h 72 dB 270W Acier et d\u00b4autres produits Teka ! Lumi\u00e8re: Oui LED puissance: 270 W 265 W Volume sonore: 72 dB Tube d&#8217;Evacuation: \u00d8 15 cm Dimensions approx.: 70 x 48,5 x 62,5 cm Type d&#8217;installation: Paroi Montage mural Largeur: [&hellip;]<\/p>\n","protected":false},"featured_media":162710,"comment_status":"open","ping_status":"closed","template":"","meta":[],"product_brand":[667],"product_cat":[60,61,62],"product_tag":[56],"class_list":{"0":"post-162712","1":"product","2":"type-product","3":"status-publish","4":"has-post-thumbnail","6":"product_brand-brandp_1172","7":"product_cat-cuisine-gourmet","8":"product_cat-equipement-de-cuisine","9":"product_cat-hottes-de-cuisine","10":"product_tag-tag_930","12":"first","13":"instock","14":"taxable","15":"shipping-taxable","16":"purchasable","17":"product-type-simple"},"_links":{"self":[{"href":"https:\/\/bigbuy.tupique.com\/es\/wp-json\/wp\/v2\/product\/162712","targetHints":{"allow":["GET"]}}],"collection":[{"href":"https:\/\/bigbuy.tupique.com\/es\/wp-json\/wp\/v2\/product"}],"about":[{"href":"https:\/\/bigbuy.tupique.com\/es\/wp-json\/wp\/v2\/types\/product"}],"replies":[{"embeddable":true,"href":"https:\/\/bigbuy.tupique.com\/es\/wp-json\/wp\/v2\/comments?post=162712"}],"wp:featuredmedia":[{"embeddable":true,"href":"https:\/\/bigbuy.tupique.com\/es\/wp-json\/wp\/v2\/media\/162710"}],"wp:attachment":[{"href":"https:\/\/bigbuy.tupique.com\/es\/wp-json\/wp\/v2\/media?parent=162712"}],"wp:term":[{"taxonomy":"product_brand","embeddable":true,"href":"https:\/\/bigbuy.tupique.com\/es\/wp-json\/wp\/v2\/product_brand?post=162712"},{"taxonomy":"product_cat","embeddable":true,"href":"https:\/\/bigbuy.tupique.com\/es\/wp-json\/wp\/v2\/product_cat?post=162712"},{"taxonomy":"product_tag","embeddable":true,"href":"https:\/\/bigbuy.tupique.com\/es\/wp-json\/wp\/v2\/product_tag?post=162712"}],"curies":[{"name":"wp","href":"https:\/\/api.w.org\/{rel}","templated":true}]}}