{"id":16269,"date":"2026-03-29T13:36:31","date_gmt":"2026-03-29T12:36:31","guid":{"rendered":"https:\/\/bigbuy.tupique.com\/produto\/switch-d-link-dgs-1100-24pv2-e\/"},"modified":"2026-04-15T00:46:48","modified_gmt":"2026-04-14T23:46:48","slug":"switch-d-link-dgs-1100-24pv2-e","status":"publish","type":"product","link":"https:\/\/bigbuy.tupique.com\/es\/produto\/switch-d-link-dgs-1100-24pv2-e\/","title":{"rendered":"Switch D-Link DGS-1100-24PV2\/E"},"content":{"rendered":"<p>Si vous \u00eates passionn\u00e9 d&#8217;<b>informatique et d&#8217;\u00e9lectronique<\/b>, si vous \u00eates \u00e0 la pointe de la technologie et qu&#8217;aucun d\u00e9tail ne vous \u00e9chappe, achetez <b>Switch D-Link DGS-1100-24PV2\/E<\/b> au meilleur prix.<\/p>\n<p>Le <b>DGS-1100-24PV2\/E<\/b> de <b>D-Link<\/b> est un <b>switch<\/b> manageable de niveau 2 con\u00e7u pour offrir une solution fiable et efficace dans les r\u00e9seaux d\u2019entreprise n\u00e9cessitant une grande connectivit\u00e9 et un contr\u00f4le pr\u00e9cis. Il dispose de <b>24 ports RJ-45 Gigabit Ethernet (10\/100\/1000 Mbps)<\/b> assurant des connexions rapides et stables pour les \u00e9quipements r\u00e9seau, avec prise en charge de la communication en <b>full duplex<\/b>, maximisant la bande passante gr\u00e2ce \u00e0 la transmission et r\u00e9ception simultan\u00e9es. Cet appareil int\u00e8gre \u00e9galement une <b>capacit\u00e9 PoE<\/b> (Power over Ethernet) sur l\u2019un de ses ports, permettant d\u2019alimenter des dispositifs compatibles comme des cam\u00e9ras IP ou t\u00e9l\u00e9phones VoIP sans c\u00e2bles suppl\u00e9mentaires. Avec une <b>capacit\u00e9 de commutation de 48 Gbit\/s<\/b> et une table d\u2019adresses MAC supportant jusqu\u2019\u00e0 <b>8 000 entr\u00e9es<\/b>, il assure une gestion efficace du trafic et de hautes performances m\u00eame dans des environnements \u00e0 fort volume de donn\u00e9es. Compatible avec les normes r\u00e9seau essentielles telles que <b>IEEE 802.1AX, 802.1D, 802.1Q, 802.1p, 802.1w<\/b> et diverses variantes IEEE 802.3, ce mod\u00e8le garantit interop\u00e9rabilit\u00e9 et fonctionnalit\u00e9s avanc\u00e9es comme l\u2019agr\u00e9gation de liens, VLAN, QoS et protocoles de redondance, optimisant ainsi la s\u00e9curit\u00e9 et la qualit\u00e9 de service du r\u00e9seau. Son design en couleur <b>noir<\/b> et la possibilit\u00e9 de <b>montage en rack<\/b> en font un choix id\u00e9al pour une int\u00e9gration ordonn\u00e9e dans les centres de donn\u00e9es ou salles serveurs. En r\u00e9sum\u00e9, le DGS-1100-24PV2\/E est un switch fiable et \u00e9volutif combinant des fonctions de gestion essentielles avec le support PoE, adapt\u00e9 aux infrastructures n\u00e9cessitant une connectivit\u00e9 \u00e9lev\u00e9e et un contr\u00f4le technique au niveau 2 du r\u00e9seau.<\/p>\n<ul>\n<li>Type:\n<ul>\n<li>Filet de s\u00e9curit\u00e9<\/li>\n<li>Switch<\/li>\n<\/ul>\n<\/li>\n<li>Couleur: Noir<\/li>\n<li>Ports: 24<\/li>\n<li>Inclut: C\u00e2ble d\u2019Alimentation<\/li>\n<li>Connectivit\u00e9: PoE<\/li>\n<li>Produit \u00e0 brancher: Oui<\/li>\n<li>Type de prise: Prise EU<\/li>\n<li>Bloc d\u2019Alimentation: r\u00e9seau \u00e9lectrique<\/li>\n<li>Connexions:\n<ul>\n<li>RJ45 x 24<\/li>\n<li>PoE x 1<\/li>\n<li>Ethernet LAN<\/li>\n<\/ul>\n<\/li>\n<li>Tension:\n<ul>\n<li>100-240 V<\/li>\n<li>100 &#8211; 240 V<\/li>\n<\/ul>\n<\/li>\n<li>M\u00e9moire Flash: 16 MB<\/li>\n<li>Support: Multisupport<\/li>\n<li>puissance: 30 W<\/li>\n<li>Caract\u00e9ristiques: T\u00e9moin de fonctionnement LED<\/li>\n<li>Temp\u00e9rature approximative: -40\u00ba \/ 70\u00ba<\/li>\n<li>S\u00e9curit\u00e9: IGMP<\/li>\n<\/ul>","protected":false},"excerpt":{"rendered":"<p>Si vous \u00eates passionn\u00e9 d&#8217;informatique et d&#8217;\u00e9lectronique, si vous \u00eates \u00e0 la pointe de la technologie et qu&#8217;aucun d\u00e9tail ne vous \u00e9chappe, achetez Switch D-Link DGS-1100-24PV2\/E au meilleur prix. Le DGS-1100-24PV2\/E de D-Link est un switch manageable de niveau 2 con\u00e7u pour offrir une solution fiable et efficace dans les r\u00e9seaux d\u2019entreprise n\u00e9cessitant une grande [&hellip;]<\/p>\n","protected":false},"featured_media":16266,"comment_status":"open","ping_status":"closed","template":"","meta":[],"product_brand":[640],"product_cat":[65,584,585],"product_tag":[106],"class_list":{"0":"post-16269","1":"product","2":"type-product","3":"status-publish","4":"has-post-thumbnail","6":"product_brand-brandp_543","7":"product_cat-informatique-electronique","8":"product_cat-informatique-reseaux-et-composants","9":"product_cat-switch","10":"product_tag-tag_1295","12":"first","13":"instock","14":"taxable","15":"shipping-taxable","16":"purchasable","17":"product-type-simple"},"_links":{"self":[{"href":"https:\/\/bigbuy.tupique.com\/es\/wp-json\/wp\/v2\/product\/16269","targetHints":{"allow":["GET"]}}],"collection":[{"href":"https:\/\/bigbuy.tupique.com\/es\/wp-json\/wp\/v2\/product"}],"about":[{"href":"https:\/\/bigbuy.tupique.com\/es\/wp-json\/wp\/v2\/types\/product"}],"replies":[{"embeddable":true,"href":"https:\/\/bigbuy.tupique.com\/es\/wp-json\/wp\/v2\/comments?post=16269"}],"wp:featuredmedia":[{"embeddable":true,"href":"https:\/\/bigbuy.tupique.com\/es\/wp-json\/wp\/v2\/media\/16266"}],"wp:attachment":[{"href":"https:\/\/bigbuy.tupique.com\/es\/wp-json\/wp\/v2\/media?parent=16269"}],"wp:term":[{"taxonomy":"product_brand","embeddable":true,"href":"https:\/\/bigbuy.tupique.com\/es\/wp-json\/wp\/v2\/product_brand?post=16269"},{"taxonomy":"product_cat","embeddable":true,"href":"https:\/\/bigbuy.tupique.com\/es\/wp-json\/wp\/v2\/product_cat?post=16269"},{"taxonomy":"product_tag","embeddable":true,"href":"https:\/\/bigbuy.tupique.com\/es\/wp-json\/wp\/v2\/product_tag?post=16269"}],"curies":[{"name":"wp","href":"https:\/\/api.w.org\/{rel}","templated":true}]}}