{"id":16259,"date":"2026-03-29T13:36:19","date_gmt":"2026-03-29T12:36:19","guid":{"rendered":"https:\/\/bigbuy.tupique.com\/produto\/superautomatic-coffee-maker-delonghi-ecam22-140-b-1450-w-black-1450-w\/"},"modified":"2026-04-16T17:25:11","modified_gmt":"2026-04-16T16:25:11","slug":"superautomatic-coffee-maker-delonghi-ecam22-140-b-1450-w-black-1450-w","status":"publish","type":"product","link":"https:\/\/bigbuy.tupique.com\/es\/produto\/superautomatic-coffee-maker-delonghi-ecam22-140-b-1450-w-black-1450-w\/","title":{"rendered":"Cafeti\u00e8re superautomatique DeLonghi ECAM22.140.B 1450 W Noir 1450 W"},"content":{"rendered":"<p>Si vous recherchez des \u00e9lectrom\u00e9nagers pour votre maison aux meilleurs prix, ne manquez pas <b>Cafeti\u00e8re superautomatique DeLonghi ECAM22.140.B 1450 W Noir 1450 W<\/b> et une large s\u00e9lection de petits \u00e9lectrom\u00e9nagers de qualit\u00e9 !<\/p>\n<p>La <b>cafeti\u00e8re super-automatique DeLonghi ECAM22.140.B<\/b> allie design et fonctionnalit\u00e9 pour offrir une exp\u00e9rience compl\u00e8te de pr\u00e9paration de caf\u00e9 \u00e0 domicile ou en petits bureaux. Cette machine est fabriqu\u00e9e avec des mat\u00e9riaux en <b>acier inoxydable et plastique<\/b> qui assurent durabilit\u00e9 et r\u00e9sistance, le tout dans une finition \u00e9l\u00e9gante de <b>couleur noire<\/b> s\u2019int\u00e9grant facilement \u00e0 toute d\u00e9coration. Son moteur de <b>1450 W<\/b> et sa pompe \u00e0 pression de <b>15 bars<\/b> garantissent une extraction optimale du caf\u00e9, pr\u00e9servant l\u2019ar\u00f4me et la saveur caract\u00e9ristiques de chaque grain. Elle dispose d\u2019un moulin int\u00e9gr\u00e9 qui moud le caf\u00e9 \u00e0 la demande pour conserver toute sa fra\u00eecheur, et permet l\u2019utilisation de caf\u00e9 en grains ou moulu, offrant ainsi une grande polyvalence selon les pr\u00e9f\u00e9rences. Son syst\u00e8me de pr\u00e9paration permet de choisir diff\u00e9rentes intensit\u00e9s, de tr\u00e8s l\u00e9ger \u00e0 tr\u00e8s fort, ainsi que d\u2019ajuster la temp\u00e9rature entre basse, moyenne et haute, s\u2019adaptant \u00e0 chaque type de boisson et go\u00fbt personnel. La cafeti\u00e8re se distingue par sa fonction cappuccino qui m\u00e9lange automatiquement vapeur, air et lait pour obtenir des mousses denses et cr\u00e9meuses, id\u00e9ales pour cappuccinos et lattes. De plus, elle peut pr\u00e9parer simultan\u00e9ment deux caf\u00e9s, optimisant temps et praticit\u00e9 lors des pics de demande. Avec des dimensions d\u2019environ <b>43 cm<\/b>, la ECAM22.140.B offre une taille compacte sans sacrifier ni fonctionnalit\u00e9 ni puissance. En r\u00e9sum\u00e9, cette cafeti\u00e8re super-automatique repr\u00e9sente une solution technique et polyvalente pour ceux qui recherchent une pr\u00e9paration professionnelle et personnalis\u00e9e du caf\u00e9 dans le confort de leur domicile ou espace de travail.<\/p>\n<ul>\n<li>Tasses: 2 Tasses<\/li>\n<li>Produit \u00e0 brancher: Oui<\/li>\n<li>Type de prise: Prise EU<\/li>\n<li>Type: Cafeti\u00e8re superautomatique<\/li>\n<li>Bloc d\u2019Alimentation: r\u00e9seau \u00e9lectrique<\/li>\n<li>Couleur: Noir<\/li>\n<li>puissance: 1450 W<\/li>\n<li>\u00c9lev\u00e9: 43 cm<\/li>\n<li>Pression: 15 bar<\/li>\n<li>Capacit\u00e9: 250 g<\/li>\n<li>Mati\u00e8re:\n<ul>\n<li>Acier inoxydable<\/li>\n<li>Plastique<\/li>\n<\/ul>\n<\/li>\n<\/ul>","protected":false},"excerpt":{"rendered":"<p><span class=\"unit-info\">163.9960 &euro; \/ 100 gr<\/span><\/p>","protected":false},"featured_media":16256,"comment_status":"open","ping_status":"closed","template":"","meta":[],"product_brand":[299],"product_cat":[725,60,77],"product_tag":[59,56],"class_list":{"0":"post-16259","1":"product","2":"type-product","3":"status-publish","4":"has-post-thumbnail","6":"product_brand-brandp_5487","7":"product_cat-cafetieres","8":"product_cat-cuisine-gourmet","9":"product_cat-petit-electromenager","10":"product_tag-tag_1304","11":"product_tag-tag_930","13":"first","14":"instock","15":"taxable","16":"shipping-taxable","17":"purchasable","18":"product-type-simple"},"_links":{"self":[{"href":"https:\/\/bigbuy.tupique.com\/es\/wp-json\/wp\/v2\/product\/16259","targetHints":{"allow":["GET"]}}],"collection":[{"href":"https:\/\/bigbuy.tupique.com\/es\/wp-json\/wp\/v2\/product"}],"about":[{"href":"https:\/\/bigbuy.tupique.com\/es\/wp-json\/wp\/v2\/types\/product"}],"replies":[{"embeddable":true,"href":"https:\/\/bigbuy.tupique.com\/es\/wp-json\/wp\/v2\/comments?post=16259"}],"wp:featuredmedia":[{"embeddable":true,"href":"https:\/\/bigbuy.tupique.com\/es\/wp-json\/wp\/v2\/media\/16256"}],"wp:attachment":[{"href":"https:\/\/bigbuy.tupique.com\/es\/wp-json\/wp\/v2\/media?parent=16259"}],"wp:term":[{"taxonomy":"product_brand","embeddable":true,"href":"https:\/\/bigbuy.tupique.com\/es\/wp-json\/wp\/v2\/product_brand?post=16259"},{"taxonomy":"product_cat","embeddable":true,"href":"https:\/\/bigbuy.tupique.com\/es\/wp-json\/wp\/v2\/product_cat?post=16259"},{"taxonomy":"product_tag","embeddable":true,"href":"https:\/\/bigbuy.tupique.com\/es\/wp-json\/wp\/v2\/product_tag?post=16259"}],"curies":[{"name":"wp","href":"https:\/\/api.w.org\/{rel}","templated":true}]}}