{"id":16251,"date":"2026-03-29T13:24:58","date_gmt":"2026-03-29T12:24:58","guid":{"rendered":"https:\/\/bigbuy.tupique.com\/produto\/electric-coffee-maker-delonghi-ecam-350-15-b-1450-w\/"},"modified":"2026-04-16T17:25:11","modified_gmt":"2026-04-16T16:25:11","slug":"electric-coffee-maker-delonghi-ecam-350-15-b-1450-w","status":"publish","type":"product","link":"https:\/\/bigbuy.tupique.com\/es\/produto\/electric-coffee-maker-delonghi-ecam-350-15-b-1450-w\/","title":{"rendered":"Caf\u00e9ti\u00e8re \u00e9lectrique DeLonghi ECAM 350.15.B 1450 W"},"content":{"rendered":"<p>Si vous recherchez des \u00e9lectrom\u00e9nagers pour votre maison aux meilleurs prix, ne manquez pas <b>Caf\u00e9ti\u00e8re \u00e9lectrique DeLonghi ECAM 350.15.B 1450 W<\/b> et une large s\u00e9lection de petits \u00e9lectrom\u00e9nagers de qualit\u00e9 !<\/p>\n<p>La <b>machine \u00e0 caf\u00e9 super-automatique<\/b> <b>DeLonghi ECAM 350.15 B<\/b> en <b>noir \u00e9l\u00e9gant<\/b> avec des finitions en <b>acier inoxydable<\/b> est id\u00e9ale pour les amateurs de caf\u00e9 recherchant confort, qualit\u00e9 et personnalisation \u00e0 chaque tasse. Dot\u00e9e d\u2019un <b>moulin int\u00e9gr\u00e9<\/b>, elle permet d\u2019utiliser du caf\u00e9 en grains pour une fra\u00eecheur et un ar\u00f4me optimaux, mais accepte aussi le <b>caf\u00e9 moulu<\/b> pour s\u2019adapter aux habitudes classiques. Son <b>r\u00e9servoir \u00e0 caf\u00e9 de 300 grammes<\/b> offre la possibilit\u00e9 de pr\u00e9parer jusqu\u2019\u00e0 <b>14 tasses<\/b> cons\u00e9cutives, ce qui en fait une solution polyvalente pour la maison ou les petits bureaux. La fonction <b>arr\u00eat automatique<\/b> et le <b>nettoyage automatique<\/b> simplifient l\u2019entretien quotidien, garantissant efficacit\u00e9 et s\u00e9curit\u00e9 avec un minimum d\u2019effort. Elle dispose d\u2019un <b>bac d\u2019\u00e9gouttage amovible<\/b> pour un nettoyage facile et \u00e9viter les \u00e9claboussures, tandis que la solidit\u00e9 de ses mat\u00e9riaux assure durabilit\u00e9 et \u00e9l\u00e9gance dans toute cuisine. Sa technologie avanc\u00e9e garantit des espressos et autres sp\u00e9cialit\u00e9s avec une cr\u00e8me dense et une temp\u00e9rature id\u00e9ale, reproduisant l\u2019exp\u00e9rience d\u2019un caf\u00e9 professionnel \u00e0 domicile. Ainsi, la DeLonghi ECAM 350.15 B s\u2019impose comme une machine \u00e0 caf\u00e9 super-automatique pens\u00e9e pour ceux qui appr\u00e9cient la technologie, la praticit\u00e9 et une exp\u00e9rience caf\u00e9 personnalisable au quotidien.<\/p>\n<ul>\n<li>Produit \u00e0 brancher: Oui<\/li>\n<li>Type de prise: Prise EU<\/li>\n<li>Bloc d\u2019Alimentation: r\u00e9seau \u00e9lectrique<\/li>\n<li>Couleur: Noir<\/li>\n<li>Largeur: 38 cm<\/li>\n<li>puissance: 1450 W<\/li>\n<li>\u00c9lev\u00e9: 18 cm<\/li>\n<li>Long: 32 cm<\/li>\n<li>Pression: 15 bar<\/li>\n<li>Capacit\u00e9:\n<ul>\n<li>230 g<\/li>\n<li>1,8 L<\/li>\n<\/ul>\n<\/li>\n<li>Mati\u00e8re: Acier inoxydable<\/li>\n<li>Classification \u00e9nerg\u00e9tique: A<\/li>\n<li>Tension: 230 V<\/li>\n<li>Inclut: Vaporisateur<\/li>\n<\/ul>","protected":false},"excerpt":{"rendered":"<p><span class=\"unit-info\">223.4739 &euro; \/ 100 gr<\/span><\/p>","protected":false},"featured_media":16250,"comment_status":"open","ping_status":"closed","template":"","meta":[],"product_brand":[299],"product_cat":[725,60,77],"product_tag":[59,56],"class_list":{"0":"post-16251","1":"product","2":"type-product","3":"status-publish","4":"has-post-thumbnail","6":"product_brand-brandp_5487","7":"product_cat-cafetieres","8":"product_cat-cuisine-gourmet","9":"product_cat-petit-electromenager","10":"product_tag-tag_1304","11":"product_tag-tag_930","13":"first","14":"instock","15":"taxable","16":"shipping-taxable","17":"purchasable","18":"product-type-simple"},"_links":{"self":[{"href":"https:\/\/bigbuy.tupique.com\/es\/wp-json\/wp\/v2\/product\/16251","targetHints":{"allow":["GET"]}}],"collection":[{"href":"https:\/\/bigbuy.tupique.com\/es\/wp-json\/wp\/v2\/product"}],"about":[{"href":"https:\/\/bigbuy.tupique.com\/es\/wp-json\/wp\/v2\/types\/product"}],"replies":[{"embeddable":true,"href":"https:\/\/bigbuy.tupique.com\/es\/wp-json\/wp\/v2\/comments?post=16251"}],"wp:featuredmedia":[{"embeddable":true,"href":"https:\/\/bigbuy.tupique.com\/es\/wp-json\/wp\/v2\/media\/16250"}],"wp:attachment":[{"href":"https:\/\/bigbuy.tupique.com\/es\/wp-json\/wp\/v2\/media?parent=16251"}],"wp:term":[{"taxonomy":"product_brand","embeddable":true,"href":"https:\/\/bigbuy.tupique.com\/es\/wp-json\/wp\/v2\/product_brand?post=16251"},{"taxonomy":"product_cat","embeddable":true,"href":"https:\/\/bigbuy.tupique.com\/es\/wp-json\/wp\/v2\/product_cat?post=16251"},{"taxonomy":"product_tag","embeddable":true,"href":"https:\/\/bigbuy.tupique.com\/es\/wp-json\/wp\/v2\/product_tag?post=16251"}],"curies":[{"name":"wp","href":"https:\/\/api.w.org\/{rel}","templated":true}]}}