{"id":16223,"date":"2026-03-29T13:24:29","date_gmt":"2026-03-29T12:24:29","guid":{"rendered":"https:\/\/bigbuy.tupique.com\/produto\/speakers-logitech-g560-black-240-w\/"},"modified":"2026-04-16T19:35:36","modified_gmt":"2026-04-16T18:35:36","slug":"speakers-logitech-g560-black-240-w","status":"publish","type":"product","link":"https:\/\/bigbuy.tupique.com\/es\/produto\/speakers-logitech-g560-black-240-w\/","title":{"rendered":"Haut-parleurs Logitech G560 Noir 240 W"},"content":{"rendered":"<p>Si vous \u00eates passionn\u00e9 d&#8217;<b>informatique et d&#8217;\u00e9lectronique<\/b>, si vous \u00eates \u00e0 la pointe de la technologie et qu&#8217;aucun d\u00e9tail ne vous \u00e9chappe, achetez <b>Haut-parleurs Logitech G560 Noir 240 W<\/b> au meilleur prix.<\/p>\n<p>Le <b>Logitech G560<\/b> est un ensemble de <b>enceintes<\/b> sp\u00e9cialement con\u00e7u pour le gaming et l\u2019usage multim\u00e9dia, reconnu pour sa puissance et sa qualit\u00e9 sonore, offrant une exp\u00e9rience immersive. Ce syst\u00e8me dispose d\u2019une <b>puissance maximale de 240 watts<\/b>, r\u00e9partie entre un caisson de basses orient\u00e9 vers le sol et deux enceintes satellites qui d\u00e9livrent un son clair, riche et \u00e9quilibr\u00e9 en configuration <b>2.1<\/b>. Il int\u00e8gre la technologie avanc\u00e9e <b>DTS:X Ultra<\/b>, qui recr\u00e9e un son surround tridimensionnel, id\u00e9al pour les jeux, films et musiques o\u00f9 la spatialisation sonore est essentielle. La connectivit\u00e9 est polyvalente, permettant une connexion directe via <b>USB 2.0<\/b>, une entr\u00e9e <b>jack 3,5 mm<\/b> ainsi que par <b>Bluetooth 4.1<\/b>, facilitant le passage simple entre appareils gr\u00e2ce \u00e0 la fonction <b>Logitech Easy-Switch\u2122<\/b>. Son design en <b>noir<\/b> s\u2019adapte parfaitement aux espaces gaming ou informatiques, alliant esth\u00e9tique et fonctionnalit\u00e9. De plus, il est compatible avec des syst\u00e8mes d\u2019exploitation comme <b>Windows 10<\/b>, assurant une int\u00e9gration rapide et sans souci. La technologie sans fil Bluetooth permet \u00e9galement une utilisation avec des appareils mobiles, offrant mobilit\u00e9 et flexibilit\u00e9 sans perte de qualit\u00e9 audio. La structure compacte qui regroupe les deux enceintes satellites et le caisson de basses performant, combin\u00e9e \u00e0 la connectivit\u00e9 multiple et \u00e0 la technologie sonore avanc\u00e9e, fait du Logitech G560 une option solide pour les utilisateurs recherchant des enceintes puissantes et polyvalentes capables de fournir un son surround d\u00e9taill\u00e9 dans divers contextes d\u2019utilisation. Cet ensemble est con\u00e7u pour ceux qui appr\u00e9cient la qualit\u00e9 sonore et la facilit\u00e9 de connexion dans un produit fiable et professionnel.<\/p>\n<ul>\n<li>Type de prise: Prise EU<\/li>\n<li>Couleur: Noir<\/li>\n<li>Connexions:\n<ul>\n<li>USB<\/li>\n<li>USB 2.0<\/li>\n<li>Jack 3.5 mm<\/li>\n<\/ul>\n<\/li>\n<li>Connectivit\u00e9:\n<ul>\n<li>Bluetooth<\/li>\n<li>Bluetooth 4.1<\/li>\n<\/ul>\n<\/li>\n<li>Syst\u00e8me d&#8217;exploitation: Windows 10<\/li>\n<li>Bloc d\u2019Alimentation:\n<ul>\n<li>Batterie<\/li>\n<li>C\u00e2ble \u00e9lectrique<\/li>\n<\/ul>\n<\/li>\n<li>Puissance RMS: 120 W<\/li>\n<li>Cha\u00eenes: 2.1<\/li>\n<li>puissance: 240 W<\/li>\n<li>Utilisation recommand\u00e9e: Ordinateur Portable<\/li>\n<li>Port\u00e9e: 25 m<\/li>\n<li>Caract\u00e9ristiques: 2 Haut-parleurs<\/li>\n<li>Subwoofer:\n<ul>\n<li>25,5 x 20,7 x 40,4 cm<\/li>\n<li>16,6 x 11,8 x 14,8 cm<\/li>\n<\/ul>\n<\/li>\n<\/ul>","protected":false},"excerpt":{"rendered":"<p>Si vous \u00eates passionn\u00e9 d&#8217;informatique et d&#8217;\u00e9lectronique, si vous \u00eates \u00e0 la pointe de la technologie et qu&#8217;aucun d\u00e9tail ne vous \u00e9chappe, achetez Haut-parleurs Logitech G560 Noir 240 W au meilleur prix. Le Logitech G560 est un ensemble de enceintes sp\u00e9cialement con\u00e7u pour le gaming et l\u2019usage multim\u00e9dia, reconnu pour sa puissance et sa qualit\u00e9 [&hellip;]<\/p>\n","protected":false},"featured_media":16222,"comment_status":"open","ping_status":"closed","template":"","meta":[],"product_brand":[647],"product_cat":[755,763,65],"product_tag":[59,106],"class_list":{"0":"post-16223","1":"product","2":"type-product","3":"status-publish","4":"has-post-thumbnail","6":"product_brand-brandp_561","7":"product_cat-electronique-son","8":"product_cat-haut-parleurs","9":"product_cat-informatique-electronique","10":"product_tag-tag_1304","11":"product_tag-tag_1295","13":"first","14":"instock","15":"taxable","16":"shipping-taxable","17":"purchasable","18":"product-type-simple"},"_links":{"self":[{"href":"https:\/\/bigbuy.tupique.com\/es\/wp-json\/wp\/v2\/product\/16223","targetHints":{"allow":["GET"]}}],"collection":[{"href":"https:\/\/bigbuy.tupique.com\/es\/wp-json\/wp\/v2\/product"}],"about":[{"href":"https:\/\/bigbuy.tupique.com\/es\/wp-json\/wp\/v2\/types\/product"}],"replies":[{"embeddable":true,"href":"https:\/\/bigbuy.tupique.com\/es\/wp-json\/wp\/v2\/comments?post=16223"}],"wp:featuredmedia":[{"embeddable":true,"href":"https:\/\/bigbuy.tupique.com\/es\/wp-json\/wp\/v2\/media\/16222"}],"wp:attachment":[{"href":"https:\/\/bigbuy.tupique.com\/es\/wp-json\/wp\/v2\/media?parent=16223"}],"wp:term":[{"taxonomy":"product_brand","embeddable":true,"href":"https:\/\/bigbuy.tupique.com\/es\/wp-json\/wp\/v2\/product_brand?post=16223"},{"taxonomy":"product_cat","embeddable":true,"href":"https:\/\/bigbuy.tupique.com\/es\/wp-json\/wp\/v2\/product_cat?post=16223"},{"taxonomy":"product_tag","embeddable":true,"href":"https:\/\/bigbuy.tupique.com\/es\/wp-json\/wp\/v2\/product_tag?post=16223"}],"curies":[{"name":"wp","href":"https:\/\/api.w.org\/{rel}","templated":true}]}}