{"id":16221,"date":"2026-03-29T13:24:27","date_gmt":"2026-03-29T12:24:27","guid":{"rendered":"https:\/\/bigbuy.tupique.com\/produto\/steam-generating-iron-philips-gc9650-80-2400-w-2400-w\/"},"modified":"2026-05-11T20:02:35","modified_gmt":"2026-05-11T18:02:35","slug":"steam-generating-iron-philips-gc9650-80-2400-w-2400-w","status":"publish","type":"product","link":"https:\/\/bigbuy.tupique.com\/es\/produto\/steam-generating-iron-philips-gc9650-80-2400-w-2400-w\/","title":{"rendered":"Fer \u00e0 repasser g\u00e9n\u00e9rateur de vapeur Philips GC9650\/80 2400 W 2400 W"},"content":{"rendered":"<p>Si vous recherchez des \u00e9lectrom\u00e9nagers pour votre maison aux meilleurs prix, ne manquez pas <b>Fer \u00e0 repasser g\u00e9n\u00e9rateur de vapeur Philips GC9650\/80 2400 W 2400 W<\/b> et une large s\u00e9lection de petits \u00e9lectrom\u00e9nagers de qualit\u00e9 !<\/p>\n<p>Le <b>PerfectCare Elite GC9650\/80<\/b> de Philips est un <b>centre de repassage<\/b> avanc\u00e9, sp\u00e9cialement con\u00e7u pour r\u00e9pondre aux besoins des utilisateurs domestiques exigeants ainsi que de ceux recherchant des r\u00e9sultats professionnels pour l\u2019entretien du linge. \u00c9quip\u00e9 d\u2019une <b>puissance de 2400 W<\/b>, cet appareil g\u00e9n\u00e8re une vapeur puissante et constante qui facilite le lissage des tissus \u00e9pais et \u00e9limine les plis profonds en moins de temps, optimisant le repassage des v\u00eatements volumineux ou d\u00e9licats. Son <b>r\u00e9servoir d\u2019eau amovible de 1,8 litre<\/b> permet des sessions prolong\u00e9es sans interruptions fr\u00e9quentes pour le remplissage, offrant confort et efficacit\u00e9 lors de t\u00e2ches intensives. Gr\u00e2ce \u00e0 la <b>fonction vapeur verticale<\/b>, il est \u00e9galement pratique pour repasser rideaux, costumes ou v\u00eatements suspendus directement sur cintres, \u00e9largissant sa polyvalence au-del\u00e0 de la table traditionnelle. Il inclut des modes tels que <b>ECO<\/b> pour r\u00e9duire la consommation d\u2019\u00e9nergie, aidant \u00e0 minimiser l\u2019impact environnemental sans sacrifier la performance, ainsi que la fonction <b>d\u2019arr\u00eat automatique<\/b> pour renforcer la s\u00e9curit\u00e9, \u00e9teignant intelligemment l\u2019appareil en cas d\u2019inactivit\u00e9. Sur le plan esth\u00e9tique, il se distingue par ses finitions en <b>noir<\/b>, <b>violet<\/b> et <b>pourpre<\/b>, lui conf\u00e9rant un aspect moderne et \u00e9l\u00e9gant qui s\u2019int\u00e8gre facilement dans tout espace domestique. Le r\u00e9servoir amovible facilite le remplissage et l\u2019entretien quotidien, et Philips applique la qualit\u00e9 de ses technologies de repassage pour garantir des r\u00e9sultats uniformes sans risque de br\u00fbler les v\u00eatements, gr\u00e2ce au contr\u00f4le intelligent de la temp\u00e9rature adapt\u00e9 aux diff\u00e9rents types de tissus. Ce centre de repassage se positionne comme une solution efficace et compl\u00e8te pour ceux qui recherchent rapidit\u00e9, s\u00e9curit\u00e9 et excellent fini dans l\u2019entretien textile quotidien.<\/p>\n<ul>\n<li>Longueur du c\u00e2ble:\n<ul>\n<li>2 m<\/li>\n<li>1,8 m<\/li>\n<\/ul>\n<\/li>\n<li>Type: Fer \u00e0 repasser g\u00e9n\u00e9rateur de vapeur<\/li>\n<li>Produit \u00e0 brancher: Oui<\/li>\n<li>Bloc d\u2019Alimentation: r\u00e9seau \u00e9lectrique<\/li>\n<li>Couleur:\n<ul>\n<li>Noir<\/li>\n<li>Violet<\/li>\n<li>noir<\/li>\n<\/ul>\n<\/li>\n<li>Largeur:\n<ul>\n<li>35 cm<\/li>\n<li>28,5 cm<\/li>\n<\/ul>\n<\/li>\n<li>puissance: 2400 W<\/li>\n<li>Hauteur: 51 cm<\/li>\n<li>Tension:\n<ul>\n<li>220 \u2013 240 V<\/li>\n<li>240 V<\/li>\n<li>220-240 V<\/li>\n<\/ul>\n<\/li>\n<li>Pression:\n<ul>\n<li>7.5 bar<\/li>\n<li>7,5 bar<\/li>\n<\/ul>\n<\/li>\n<li>Vapeur continue: 140 g\/min<\/li>\n<li>Coup de vapeur: 450 g\/min<\/li>\n<li>Caract\u00e9ristiques:\n<ul>\n<li>ECO<\/li>\n<li>Arr\u00eat Automatique<\/li>\n<li>R\u00e9servoir d&#8217;eau amovible<\/li>\n<li>Fonction de vapeur verticale<\/li>\n<li>R\u00e9gulateur de vapeur<\/li>\n<li>C\u00e2ble rotatif 360\u00ba<\/li>\n<li>Rangement du c\u00e2ble<\/li>\n<li>Adapt\u00e9e \u00e0 l&#8217;eau du robinet<\/li>\n<li>Syst\u00e8me anti-calcaire automatique<\/li>\n<\/ul>\n<\/li>\n<li>Voyant lumineux: R\u00e9servoir d&#8217;eau<\/li>\n<\/ul>","protected":false},"excerpt":{"rendered":"<p>Si vous recherchez des \u00e9lectrom\u00e9nagers pour votre maison aux meilleurs prix, ne manquez pas Fer \u00e0 repasser g\u00e9n\u00e9rateur de vapeur Philips GC9650\/80 2400 W 2400 W et une large s\u00e9lection de petits \u00e9lectrom\u00e9nagers de qualit\u00e9 ! Le PerfectCare Elite GC9650\/80 de Philips est un centre de repassage avanc\u00e9, sp\u00e9cialement con\u00e7u pour r\u00e9pondre aux besoins des [&hellip;]<\/p>\n","protected":false},"featured_media":16218,"comment_status":"open","ping_status":"closed","template":"","meta":[],"product_brand":[315],"product_cat":[239,240,751],"product_tag":[59],"class_list":{"0":"post-16221","1":"product","2":"type-product","3":"status-publish","4":"has-post-thumbnail","6":"product_brand-brandp_571","7":"product_cat-maison-jardin","8":"product_cat-nettoyage-aspirateur-et-repassage","9":"product_cat-seche-linge-fers-a-repasser-sechoirs","10":"product_tag-tag_1304","12":"first","13":"instock","14":"taxable","15":"shipping-taxable","16":"purchasable","17":"product-type-simple"},"_links":{"self":[{"href":"https:\/\/bigbuy.tupique.com\/es\/wp-json\/wp\/v2\/product\/16221","targetHints":{"allow":["GET"]}}],"collection":[{"href":"https:\/\/bigbuy.tupique.com\/es\/wp-json\/wp\/v2\/product"}],"about":[{"href":"https:\/\/bigbuy.tupique.com\/es\/wp-json\/wp\/v2\/types\/product"}],"replies":[{"embeddable":true,"href":"https:\/\/bigbuy.tupique.com\/es\/wp-json\/wp\/v2\/comments?post=16221"}],"wp:featuredmedia":[{"embeddable":true,"href":"https:\/\/bigbuy.tupique.com\/es\/wp-json\/wp\/v2\/media\/16218"}],"wp:attachment":[{"href":"https:\/\/bigbuy.tupique.com\/es\/wp-json\/wp\/v2\/media?parent=16221"}],"wp:term":[{"taxonomy":"product_brand","embeddable":true,"href":"https:\/\/bigbuy.tupique.com\/es\/wp-json\/wp\/v2\/product_brand?post=16221"},{"taxonomy":"product_cat","embeddable":true,"href":"https:\/\/bigbuy.tupique.com\/es\/wp-json\/wp\/v2\/product_cat?post=16221"},{"taxonomy":"product_tag","embeddable":true,"href":"https:\/\/bigbuy.tupique.com\/es\/wp-json\/wp\/v2\/product_tag?post=16221"}],"curies":[{"name":"wp","href":"https:\/\/api.w.org\/{rel}","templated":true}]}}