{"id":16201,"date":"2026-03-29T13:24:04","date_gmt":"2026-03-29T12:24:04","guid":{"rendered":"https:\/\/bigbuy.tupique.com\/produto\/induction-hot-plate-samsung-nz64m3nm1bb-60-cm-7200-w\/"},"modified":"2026-04-16T21:15:31","modified_gmt":"2026-04-16T20:15:31","slug":"induction-hot-plate-samsung-nz64m3nm1bb-60-cm-7200-w","status":"publish","type":"product","link":"https:\/\/bigbuy.tupique.com\/es\/produto\/induction-hot-plate-samsung-nz64m3nm1bb-60-cm-7200-w\/","title":{"rendered":"Plaque \u00e0 Induction Samsung NZ64M3NM1BB 60 cm 7200 W"},"content":{"rendered":"<p>Si vous pensez r\u00e9nover votre cuisine, achetez <b>Plaque \u00e0 Induction Samsung NZ64M3NM1BB 60 cm 7200 W<\/b> et d\u00b4autres <b>produits Samsung<\/b> !<\/p>\n<p>La <b>plaque \u00e0 induction Samsung NZ64M3NM1BB<\/b> est un appareil moderne con\u00e7u pour offrir une cuisson efficace et s\u00fbre, id\u00e9al pour les cuisines contemporaines. Elle dispose de <b>4 zones de cuisson<\/b> avec une puissance totale de <b>7200 W<\/b>, permettant de pr\u00e9parer plusieurs plats simultan\u00e9ment avec rapidit\u00e9 et un contr\u00f4le pr\u00e9cis de la temp\u00e9rature gr\u00e2ce \u00e0 ses <b>9 niveaux de puissance<\/b>. Sa taille compacte, avec une <b>largeur de 59 cm<\/b> et une profondeur d\u2019environ 57 cm, facilite son int\u00e9gration dans des espaces standards, alliant fonctionnalit\u00e9 et esth\u00e9tique avec une finition \u00e9l\u00e9gante en <b>noir<\/b> dot\u00e9e d\u2019un rev\u00eatement en verre r\u00e9sistant et facile \u00e0 nettoyer. Cette plaque se distingue par ses <b>commandes tactiles sensibles<\/b>, offrant une interaction simple et intuitive, ainsi qu\u2019un <b>minuteur individuel pour chaque zone de cuisson<\/b>, permettant de planifier pr\u00e9cis\u00e9ment le temps de cuisson. Elle int\u00e8gre \u00e9galement un <b>syst\u00e8me de d\u00e9tection des casseroles et petits ustensiles<\/b>, optimisant la consommation d\u2019\u00e9nergie et garantissant la s\u00e9curit\u00e9 en activant uniquement la zone o\u00f9 le r\u00e9cipient appropri\u00e9 est plac\u00e9. Les fonctions int\u00e9gr\u00e9es d\u2019<b>arr\u00eat automatique<\/b>, de <b>verrouillage enfant<\/b> et de protection contre la surchauffe et le d\u00e9bordement apportent un niveau suppl\u00e9mentaire de s\u00e9curit\u00e9 pour l\u2019utilisateur. L\u2019indicateur de <b>chaleur r\u00e9siduelle<\/b> aide \u00e0 \u00e9viter les accidents apr\u00e8s utilisation en signalant les zones encore chaudes. Cette plaque \u00e0 induction combine des performances techniques avanc\u00e9es avec un design fonctionnel, pens\u00e9e pour ceux qui recherchent une cuisine pratique, s\u00fbre et efficace. Son alliance de puissance, s\u00e9curit\u00e9 et commandes pr\u00e9cises en fait une option fiable pour un usage quotidien \u00e0 domicile.<\/p>\n<ul>\n<li>Type de prise: Prise EU<\/li>\n<li>Produit \u00e0 brancher: Oui<\/li>\n<li>Fonctions: Minuterie<\/li>\n<li>Bloc d\u2019Alimentation:\n<ul>\n<li>r\u00e9seau \u00e9lectrique<\/li>\n<li>C\u00e2ble \u00e9lectrique<\/li>\n<\/ul>\n<\/li>\n<li>Couleur:\n<ul>\n<li>Noir<\/li>\n<li>noir<\/li>\n<\/ul>\n<\/li>\n<li>Largeur:\n<ul>\n<li>59 cm<\/li>\n<li>56 cm<\/li>\n<li>69 cm<\/li>\n<\/ul>\n<\/li>\n<li>puissance: 7200 W<\/li>\n<li>Profondeur: 52 cm<\/li>\n<li>Zones de cuisson: 4<\/li>\n<li>Poids approx.:\n<ul>\n<li>12 kg<\/li>\n<li>10,2 KG<\/li>\n<\/ul>\n<\/li>\n<li>Profondeur de compartiment d&#8217;installation: 49 cm<\/li>\n<li>Type:\n<ul>\n<li>Plaque \u00e0 Induction<\/li>\n<li>Int\u00e9gr\u00e9<\/li>\n<\/ul>\n<\/li>\n<li>Caract\u00e9ristiques:\n<ul>\n<li>Arr\u00eat Automatique<\/li>\n<li>Verrouillage pour enfants<\/li>\n<li>Interrupteur marche\/arr\u00eat<\/li>\n<\/ul>\n<\/li>\n<li>Ann\u00e9e: 2017<\/li>\n<li>Forme: Rond<\/li>\n<li>Mati\u00e8re: Vitroc\u00e9ramique<\/li>\n<li>Inclut: Ecran<\/li>\n<li>Type de commande: Tactile<\/li>\n<li>Long: 52 cm<\/li>\n<li>Design: Sans cadre<\/li>\n<\/ul>","protected":false},"excerpt":{"rendered":"<p>Si vous pensez r\u00e9nover votre cuisine, achetez Plaque \u00e0 Induction Samsung NZ64M3NM1BB 60 cm 7200 W et d\u00b4autres produits Samsung ! La plaque \u00e0 induction Samsung NZ64M3NM1BB est un appareil moderne con\u00e7u pour offrir une cuisson efficace et s\u00fbre, id\u00e9al pour les cuisines contemporaines. Elle dispose de 4 zones de cuisson avec une puissance totale [&hellip;]<\/p>\n","protected":false},"featured_media":16195,"comment_status":"open","ping_status":"closed","template":"","meta":[],"product_brand":[183],"product_cat":[60,77,78],"product_tag":[55,59,56],"class_list":{"0":"post-16201","1":"product","2":"type-product","3":"status-publish","4":"has-post-thumbnail","6":"product_brand-brandp_576","7":"product_cat-cuisine-gourmet","8":"product_cat-petit-electromenager","9":"product_cat-plaques-de-cuisson","10":"product_tag-tag_926","11":"product_tag-tag_1304","12":"product_tag-tag_930","14":"first","15":"instock","16":"taxable","17":"shipping-taxable","18":"purchasable","19":"product-type-simple"},"_links":{"self":[{"href":"https:\/\/bigbuy.tupique.com\/es\/wp-json\/wp\/v2\/product\/16201","targetHints":{"allow":["GET"]}}],"collection":[{"href":"https:\/\/bigbuy.tupique.com\/es\/wp-json\/wp\/v2\/product"}],"about":[{"href":"https:\/\/bigbuy.tupique.com\/es\/wp-json\/wp\/v2\/types\/product"}],"replies":[{"embeddable":true,"href":"https:\/\/bigbuy.tupique.com\/es\/wp-json\/wp\/v2\/comments?post=16201"}],"wp:featuredmedia":[{"embeddable":true,"href":"https:\/\/bigbuy.tupique.com\/es\/wp-json\/wp\/v2\/media\/16195"}],"wp:attachment":[{"href":"https:\/\/bigbuy.tupique.com\/es\/wp-json\/wp\/v2\/media?parent=16201"}],"wp:term":[{"taxonomy":"product_brand","embeddable":true,"href":"https:\/\/bigbuy.tupique.com\/es\/wp-json\/wp\/v2\/product_brand?post=16201"},{"taxonomy":"product_cat","embeddable":true,"href":"https:\/\/bigbuy.tupique.com\/es\/wp-json\/wp\/v2\/product_cat?post=16201"},{"taxonomy":"product_tag","embeddable":true,"href":"https:\/\/bigbuy.tupique.com\/es\/wp-json\/wp\/v2\/product_tag?post=16201"}],"curies":[{"name":"wp","href":"https:\/\/api.w.org\/{rel}","templated":true}]}}