{"id":161722,"date":"2026-04-10T03:23:45","date_gmt":"2026-04-10T02:23:45","guid":{"rendered":"https:\/\/bigbuy.tupique.com\/produto\/oven-teka-neohsb6468ss\/"},"modified":"2026-04-15T09:10:04","modified_gmt":"2026-04-15T08:10:04","slug":"oven-teka-neohsb6468ss","status":"publish","type":"product","link":"https:\/\/bigbuy.tupique.com\/es\/produto\/oven-teka-neohsb6468ss\/","title":{"rendered":"Four Teka NEOHSB6468SS"},"content":{"rendered":"<p>Si vous \u00eates \u00e0 la recherche de nouvelles tendances sur le march\u00e9, nous vous pr\u00e9sentons <b>Four Teka NEOHSB6468SS<\/b> !<\/p>\n<ul>\n<li>Type de four: Four<\/li>\n<li>Produit \u00e0 brancher: Oui<\/li>\n<li>Caract\u00e9ristiques: Lumi\u00e8re int\u00e9rieure<\/li>\n<li>Classification \u00e9nerg\u00e9tique: A+<\/li>\n<li>Type de commande: Plaque Tournante<\/li>\n<\/ul>","protected":false},"excerpt":{"rendered":"<p>Si vous \u00eates \u00e0 la recherche de nouvelles tendances sur le march\u00e9, nous vous pr\u00e9sentons Four Teka NEOHSB6468SS ! Type de four: Four Produit \u00e0 brancher: Oui Caract\u00e9ristiques: Lumi\u00e8re int\u00e9rieure Classification \u00e9nerg\u00e9tique: A+ Type de commande: Plaque Tournante<\/p>","protected":false},"featured_media":170257,"comment_status":"open","ping_status":"closed","template":"","meta":[],"product_brand":[667],"product_cat":[60,747,77],"product_tag":[55],"class_list":{"0":"post-161722","1":"product","2":"type-product","3":"status-publish","4":"has-post-thumbnail","6":"product_brand-brandp_1172","7":"product_cat-cuisine-gourmet","8":"product_cat-fours","9":"product_cat-petit-electromenager","10":"product_tag-tag_926","12":"first","13":"instock","14":"taxable","15":"shipping-taxable","16":"purchasable","17":"product-type-simple"},"_links":{"self":[{"href":"https:\/\/bigbuy.tupique.com\/es\/wp-json\/wp\/v2\/product\/161722","targetHints":{"allow":["GET"]}}],"collection":[{"href":"https:\/\/bigbuy.tupique.com\/es\/wp-json\/wp\/v2\/product"}],"about":[{"href":"https:\/\/bigbuy.tupique.com\/es\/wp-json\/wp\/v2\/types\/product"}],"replies":[{"embeddable":true,"href":"https:\/\/bigbuy.tupique.com\/es\/wp-json\/wp\/v2\/comments?post=161722"}],"wp:featuredmedia":[{"embeddable":true,"href":"https:\/\/bigbuy.tupique.com\/es\/wp-json\/wp\/v2\/media\/170257"}],"wp:attachment":[{"href":"https:\/\/bigbuy.tupique.com\/es\/wp-json\/wp\/v2\/media?parent=161722"}],"wp:term":[{"taxonomy":"product_brand","embeddable":true,"href":"https:\/\/bigbuy.tupique.com\/es\/wp-json\/wp\/v2\/product_brand?post=161722"},{"taxonomy":"product_cat","embeddable":true,"href":"https:\/\/bigbuy.tupique.com\/es\/wp-json\/wp\/v2\/product_cat?post=161722"},{"taxonomy":"product_tag","embeddable":true,"href":"https:\/\/bigbuy.tupique.com\/es\/wp-json\/wp\/v2\/product_tag?post=161722"}],"curies":[{"name":"wp","href":"https:\/\/api.w.org\/{rel}","templated":true}]}}