{"id":161609,"date":"2026-04-10T03:19:29","date_gmt":"2026-04-10T02:19:29","guid":{"rendered":"https:\/\/bigbuy.tupique.com\/produto\/smartphone-apple-iphone-12-61-red-64-gb\/"},"modified":"2026-04-16T23:17:59","modified_gmt":"2026-04-16T22:17:59","slug":"smartphone-apple-iphone-12-61-red-64-gb","status":"publish","type":"product","link":"https:\/\/bigbuy.tupique.com\/es\/produto\/smartphone-apple-iphone-12-61-red-64-gb\/","title":{"rendered":"Smartphone Apple iPhone 12 6,1&#8243; Rouge 64 GB"},"content":{"rendered":"<p>Si vous \u00eates passionn\u00e9 d&#8217;<b>informatique et d&#8217;\u00e9lectronique<\/b>, si vous \u00eates \u00e0 la pointe de la technologie et qu&#8217;aucun d\u00e9tail ne vous \u00e9chappe, achetez <b>Smartphone Apple iPhone 12 6,1&#8243; Rouge 64 GB<\/b> au meilleur prix.<\/p>\n<ul>\n<li>R\u00e9solution (px):\n<ul>\n<li>3840 x 2160 px<\/li>\n<li>2160 px<\/li>\n<\/ul>\n<\/li>\n<li>Gyroscope: Oui<\/li>\n<li>Haut-parleur: Oui<\/li>\n<li>Type:\n<ul>\n<li>Dual SIM<\/li>\n<li>Smartphone<\/li>\n<\/ul>\n<\/li>\n<li>Glonass: Oui<\/li>\n<li>Stabilisateur d&#8217;image: Oui<\/li>\n<li>Acc\u00e9l\u00e9rom\u00e8tre: Oui<\/li>\n<li>Type de flash: LED<\/li>\n<li>Plate-forme: iOS<\/li>\n<li>Mat\u00e9riel:\n<ul>\n<li>verre<\/li>\n<li>Aluminium<\/li>\n<\/ul>\n<\/li>\n<li>R\u00e9solution: 2532 x 1170 px<\/li>\n<li>Syst\u00e8me d&#8217;exploitation: iOS 14<\/li>\n<li>Noyaux: 6 Noyaux<\/li>\n<li>Cam\u00e9ra\/Appareil Photo: 12 MP<\/li>\n<li>Connectivit\u00e9:\n<ul>\n<li>Bluetooth 5.0<\/li>\n<li>Bluetooth<\/li>\n<li>Wi-Fi<\/li>\n<li>NFC<\/li>\n<\/ul>\n<\/li>\n<li>Caract\u00e9ristiques:\n<ul>\n<li>R\u00e9sistant \u00e0 l&#8217;eau<\/li>\n<li>Ecran tactile<\/li>\n<li>Reconnaissance faciale<\/li>\n<li>\u00c9cran plat<\/li>\n<\/ul>\n<\/li>\n<li>Zoom Num\u00e9rique: 5x<\/li>\n<li>Zoom Optique: 2x<\/li>\n<li>Facteur de forme: Bar<\/li>\n<li>Couleur: Rouge<\/li>\n<li>Ecran: 6,1&#8243;<\/li>\n<li>Produit \u00e0 brancher: Oui<\/li>\n<li>Type de prise: Prise EU<\/li>\n<li>Diagonale de l&#8217;\u00e9cran (cm): 15,5 cm<\/li>\n<li>Connexions: Lightning<\/li>\n<li>Fonctions: Vibration<\/li>\n<li>M\u00e9moire interne: 64 GB<\/li>\n<\/ul>","protected":false},"excerpt":{"rendered":"<p>Si vous \u00eates passionn\u00e9 d&#8217;informatique et d&#8217;\u00e9lectronique, si vous \u00eates \u00e0 la pointe de la technologie et qu&#8217;aucun d\u00e9tail ne vous \u00e9chappe, achetez Smartphone Apple iPhone 12 6,1&#8243; Rouge 64 GB au meilleur prix. R\u00e9solution (px): 3840 x 2160 px 2160 px Gyroscope: Oui Haut-parleur: Oui Type: Dual SIM Smartphone Glonass: Oui Stabilisateur d&#8217;image: Oui [&hellip;]<\/p>\n","protected":false},"featured_media":161607,"comment_status":"open","ping_status":"closed","template":"","meta":[],"product_brand":[979],"product_cat":[575,65,960],"product_tag":[213,566,106],"class_list":{"0":"post-161609","1":"product","2":"type-product","3":"status-publish","4":"has-post-thumbnail","6":"product_brand-brandp_533","7":"product_cat-electronique-telephonie-et-tablettes","8":"product_cat-informatique-electronique","9":"product_cat-telephones-portables","10":"product_tag-tag_933","11":"product_tag-tag_547","12":"product_tag-tag_1295","14":"first","15":"instock","16":"taxable","17":"shipping-taxable","18":"purchasable","19":"product-type-simple"},"_links":{"self":[{"href":"https:\/\/bigbuy.tupique.com\/es\/wp-json\/wp\/v2\/product\/161609","targetHints":{"allow":["GET"]}}],"collection":[{"href":"https:\/\/bigbuy.tupique.com\/es\/wp-json\/wp\/v2\/product"}],"about":[{"href":"https:\/\/bigbuy.tupique.com\/es\/wp-json\/wp\/v2\/types\/product"}],"replies":[{"embeddable":true,"href":"https:\/\/bigbuy.tupique.com\/es\/wp-json\/wp\/v2\/comments?post=161609"}],"wp:featuredmedia":[{"embeddable":true,"href":"https:\/\/bigbuy.tupique.com\/es\/wp-json\/wp\/v2\/media\/161607"}],"wp:attachment":[{"href":"https:\/\/bigbuy.tupique.com\/es\/wp-json\/wp\/v2\/media?parent=161609"}],"wp:term":[{"taxonomy":"product_brand","embeddable":true,"href":"https:\/\/bigbuy.tupique.com\/es\/wp-json\/wp\/v2\/product_brand?post=161609"},{"taxonomy":"product_cat","embeddable":true,"href":"https:\/\/bigbuy.tupique.com\/es\/wp-json\/wp\/v2\/product_cat?post=161609"},{"taxonomy":"product_tag","embeddable":true,"href":"https:\/\/bigbuy.tupique.com\/es\/wp-json\/wp\/v2\/product_tag?post=161609"}],"curies":[{"name":"wp","href":"https:\/\/api.w.org\/{rel}","templated":true}]}}