{"id":161504,"date":"2026-04-10T03:08:56","date_gmt":"2026-04-10T02:08:56","guid":{"rendered":"https:\/\/bigbuy.tupique.com\/produto\/smart-tv-lg-43qned82a6b-aeu-43-4k-ultra-hd-led-hdr-edge-led-lcd-qned\/"},"modified":"2026-04-15T09:09:57","modified_gmt":"2026-04-15T08:09:57","slug":"smart-tv-lg-43qned82a6b-aeu-43-4k-ultra-hd-led-hdr-edge-led-lcd-qned","status":"publish","type":"product","link":"https:\/\/bigbuy.tupique.com\/es\/produto\/smart-tv-lg-43qned82a6b-aeu-43-4k-ultra-hd-led-hdr-edge-led-lcd-qned\/","title":{"rendered":"TV intelligente LG 43QNED82A6B.AEU 43&#8243; 4K Ultra HD LED HDR Edge-LED LCD QNED"},"content":{"rendered":"<p>Si vous \u00eates passionn\u00e9 d&#8217;<b>informatique et d&#8217;\u00e9lectronique<\/b>, si vous \u00eates \u00e0 la pointe de la technologie et qu&#8217;aucun d\u00e9tail ne vous \u00e9chappe, achetez <b>TV intelligente LG 43QNED82A6B.AEU 43&#8243; 4K Ultra HD LED HDR Edge-LED LCD QNED<\/b> au meilleur prix.<\/p>\n<p>Le <b>LG 43QNED82A6B<\/b> est un <b>Smart TV de 43 pouces<\/b> qui allie technologie avanc\u00e9e et fonctionnalit\u00e9 pour offrir une exp\u00e9rience audiovisuelle de haute qualit\u00e9 dans un format compact. Son <b>\u00e9cran QNED<\/b> avec une r\u00e9solution <b>4K Ultra HD (3840 x 2160 pixels)<\/b> garantit des images nettes et d\u00e9taill\u00e9es avec des couleurs vives et des tons profonds, id\u00e9al pour profiter de contenus en haute d\u00e9finition comme des \u00e9missions num\u00e9riques. Ce mod\u00e8le se distingue par son int\u00e9gration du syst\u00e8me d\u2019exploitation <b>webOS version 25<\/b>, qui facilite une navigation intuitive et rapide \u00e0 travers les applications et services en ligne, permettant de tirer pleinement parti des capacit\u00e9s d\u2019un <b>Smart TV<\/b>. Il int\u00e8gre une connectivit\u00e9 <b>Wi-Fi<\/b>, permettant la connexion sans fil aux r\u00e9seaux pour acc\u00e9der \u00e0 des contenus en streaming et \u00e0 la navigation web. De plus, son espace sonore est soutenu par une puissance estim\u00e9e de <b>20 W RMS<\/b>, offrant un son clair et \u00e9quilibr\u00e9 pour accompagner l\u2019image. Le t\u00e9l\u00e9viseur est \u00e9quip\u00e9 d\u2019un <b>tuner analogique et num\u00e9rique compatible avec les formats DVB-S2, DVB-T et DVB-T2<\/b>, garantissant la compatibilit\u00e9 avec divers signaux t\u00e9l\u00e9vis\u00e9s. Son design en couleur <b>noir<\/b> et son \u00e9cran plat s\u2019adaptent facilement \u00e0 diff\u00e9rents environnements domestiques, apportant une touche moderne sans sacrifier la praticit\u00e9. Parmi ses fonctionnalit\u00e9s suppl\u00e9mentaires figurent des <b>\u00e9cofonctions<\/b> orient\u00e9es vers les \u00e9conomies d\u2019\u00e9nergie, le t\u00e9l\u00e9texte et le guide \u00e9lectronique des programmes (EPG), des caract\u00e9ristiques qui ajoutent de la valeur pour l\u2019utilisateur dans la gestion et la personnalisation de l\u2019exp\u00e9rience t\u00e9l\u00e9visuelle. Ce mod\u00e8le LG repr\u00e9sente une solution \u00e9quilibr\u00e9e pour ceux qui recherchent un t\u00e9l\u00e9viseur intelligent avec une qualit\u00e9 d\u2019image sup\u00e9rieure, une performance fiable et un syst\u00e8me d\u2019exploitation stable qui \u00e9largit les possibilit\u00e9s de divertissement num\u00e9rique.<\/p>\n<ul>\n<li>Ecran: 43&#8243;<\/li>\n<li>Couleur: Noir<\/li>\n<li>Caract\u00e9ristiques:\n<ul>\n<li>Navigation web<\/li>\n<li>ECO<\/li>\n<li>TV intelligente<\/li>\n<li>T\u00e9l\u00e9texte<\/li>\n<li>Guide \u00e9lectronique des programmes (EPG)<\/li>\n<li>Apple AirPlay 2<\/li>\n<li>2 Haut-parleurs<\/li>\n<li>Fonction sous-titre<\/li>\n<li>Canal de retour audio (ARC)<\/li>\n<li>Guide vocal<\/li>\n<li>\u00c9cran plat<\/li>\n<\/ul>\n<\/li>\n<li>Connexions:\n<ul>\n<li>USB 2.0<\/li>\n<li>RJ45<\/li>\n<li>RF x 2<\/li>\n<li>CI+<\/li>\n<li>CI+ 1.4 x 1<\/li>\n<li>HDMI 2.1 x 1<\/li>\n<li>HDMI 1.4<\/li>\n<\/ul>\n<\/li>\n<li>Rapport d&#8217;aspect: 16:9<\/li>\n<li>Connectivit\u00e9:\n<ul>\n<li>Bluetooth<\/li>\n<li>Wi-Fi<\/li>\n<li>Interface commune<\/li>\n<li>Ethernet LAN<\/li>\n<li>Bluetooth 5.0<\/li>\n<li>eARC<\/li>\n<\/ul>\n<\/li>\n<li>Classification \u00e9nerg\u00e9tique: G<\/li>\n<li>puissance: 20 W<\/li>\n<li>Syst\u00e8me d&#8217;exploitation: webOS<\/li>\n<li>Compatibilit\u00e9: Google Assistant<\/li>\n<li>Bloc d\u2019Alimentation: Cordon d&#8217;alimentation CA<\/li>\n<li>Technologie:\n<ul>\n<li>LED<\/li>\n<li>HDR<\/li>\n<li>Edge-LED<\/li>\n<li>LCD<\/li>\n<li>QNED<\/li>\n<\/ul>\n<\/li>\n<li>Fr\u00e9quence:\n<ul>\n<li>50 Hz<\/li>\n<li>60 Hz<\/li>\n<\/ul>\n<\/li>\n<li>TV intelligente: Oui<\/li>\n<li>Inclut: T\u00e9l\u00e9commande<\/li>\n<li>Processeur: Quad Core<\/li>\n<li>VESA: 20 x 20 cm<\/li>\n<li>R\u00e9solution: 4K Ultra HD<\/li>\n<li>Formats: Dolby Audio<\/li>\n<li>Fr\u00e9quence d&#8217;entr\u00e9e AC: 50-60 Hz<\/li>\n<li>Cha\u00eenes: 2.0<\/li>\n<li>Type d&#8217;installation: Montage mural<\/li>\n<li>Tension d&#8217;entr\u00e9e AC: 100 &#8211; 240 V<\/li>\n<li>R\u00e9cepteur: Analogique et num\u00e9rique<\/li>\n<li>Montage: VESA<\/li>\n<li>R\u00e9solution (px): 3840 x 2160 px<\/li>\n<li>Diagonale de l&#8217;\u00e9cran (cm): 109,2 cm<\/li>\n<\/ul>","protected":false},"excerpt":{"rendered":"<p>Si vous \u00eates passionn\u00e9 d&#8217;informatique et d&#8217;\u00e9lectronique, si vous \u00eates \u00e0 la pointe de la technologie et qu&#8217;aucun d\u00e9tail ne vous \u00e9chappe, achetez TV intelligente LG 43QNED82A6B.AEU 43&#8243; 4K Ultra HD LED HDR Edge-LED LCD QNED au meilleur prix. Le LG 43QNED82A6B est un Smart TV de 43 pouces qui allie technologie avanc\u00e9e et fonctionnalit\u00e9 [&hellip;]<\/p>\n","protected":false},"featured_media":180549,"comment_status":"open","ping_status":"closed","template":"","meta":[],"product_brand":[662],"product_cat":[589,65,957],"product_tag":[],"class_list":{"0":"post-161504","1":"product","2":"type-product","3":"status-publish","4":"has-post-thumbnail","6":"product_brand-brandp_559","7":"product_cat-electronique-television","8":"product_cat-informatique-electronique","9":"product_cat-televisions-et-smart-tv","11":"first","12":"instock","13":"taxable","14":"shipping-taxable","15":"purchasable","16":"product-type-simple"},"_links":{"self":[{"href":"https:\/\/bigbuy.tupique.com\/es\/wp-json\/wp\/v2\/product\/161504","targetHints":{"allow":["GET"]}}],"collection":[{"href":"https:\/\/bigbuy.tupique.com\/es\/wp-json\/wp\/v2\/product"}],"about":[{"href":"https:\/\/bigbuy.tupique.com\/es\/wp-json\/wp\/v2\/types\/product"}],"replies":[{"embeddable":true,"href":"https:\/\/bigbuy.tupique.com\/es\/wp-json\/wp\/v2\/comments?post=161504"}],"wp:featuredmedia":[{"embeddable":true,"href":"https:\/\/bigbuy.tupique.com\/es\/wp-json\/wp\/v2\/media\/180549"}],"wp:attachment":[{"href":"https:\/\/bigbuy.tupique.com\/es\/wp-json\/wp\/v2\/media?parent=161504"}],"wp:term":[{"taxonomy":"product_brand","embeddable":true,"href":"https:\/\/bigbuy.tupique.com\/es\/wp-json\/wp\/v2\/product_brand?post=161504"},{"taxonomy":"product_cat","embeddable":true,"href":"https:\/\/bigbuy.tupique.com\/es\/wp-json\/wp\/v2\/product_cat?post=161504"},{"taxonomy":"product_tag","embeddable":true,"href":"https:\/\/bigbuy.tupique.com\/es\/wp-json\/wp\/v2\/product_tag?post=161504"}],"curies":[{"name":"wp","href":"https:\/\/api.w.org\/{rel}","templated":true}]}}