{"id":161298,"date":"2026-04-10T02:29:50","date_gmt":"2026-04-10T01:29:50","guid":{"rendered":"https:\/\/bigbuy.tupique.com\/produto\/touchpad-custom-935ky470100l33\/"},"modified":"2026-04-15T03:34:25","modified_gmt":"2026-04-15T02:34:25","slug":"touchpad-custom-935ky470100l33","status":"publish","type":"product","link":"https:\/\/bigbuy.tupique.com\/es\/produto\/touchpad-custom-935ky470100l33\/","title":{"rendered":"Touchpad Custom 935KY470100L33"},"content":{"rendered":"<p>Si vous \u00eates passionn\u00e9 d&#8217;<b>informatique et d&#8217;\u00e9lectronique<\/b>, si vous \u00eates \u00e0 la pointe de la technologie et qu&#8217;aucun d\u00e9tail ne vous \u00e9chappe, achetez <b>Touchpad Custom 935KY470100L33<\/b> au meilleur prix.<\/p>\n<ul>\n<li>Type:\n<ul>\n<li>Touchpad<\/li>\n<li>SSD<\/li>\n<\/ul>\n<\/li>\n<li>Ports: 3<\/li>\n<li>Couleur: Noir<\/li>\n<li>Caract\u00e9ristiques: Ecran tactile<\/li>\n<li>Technologie: LCD<\/li>\n<\/ul>","protected":false},"excerpt":{"rendered":"<p>Si vous \u00eates passionn\u00e9 d&#8217;informatique et d&#8217;\u00e9lectronique, si vous \u00eates \u00e0 la pointe de la technologie et qu&#8217;aucun d\u00e9tail ne vous \u00e9chappe, achetez Touchpad Custom 935KY470100L33 au meilleur prix. Type: Touchpad SSD Ports: 3 Couleur: Noir Caract\u00e9ristiques: Ecran tactile Technologie: LCD<\/p>","protected":false},"featured_media":161288,"comment_status":"open","ping_status":"closed","template":"","meta":[],"product_brand":[1173],"product_cat":[729,65,581],"product_tag":[106],"class_list":{"0":"post-161298","1":"product","2":"type-product","3":"status-publish","4":"has-post-thumbnail","6":"product_brand-brandp_9511","7":"product_cat-claviers","8":"product_cat-informatique-electronique","9":"product_cat-informatique-peripheriques-et-consommables","10":"product_tag-tag_1295","12":"first","13":"instock","14":"taxable","15":"shipping-taxable","16":"purchasable","17":"product-type-simple"},"_links":{"self":[{"href":"https:\/\/bigbuy.tupique.com\/es\/wp-json\/wp\/v2\/product\/161298","targetHints":{"allow":["GET"]}}],"collection":[{"href":"https:\/\/bigbuy.tupique.com\/es\/wp-json\/wp\/v2\/product"}],"about":[{"href":"https:\/\/bigbuy.tupique.com\/es\/wp-json\/wp\/v2\/types\/product"}],"replies":[{"embeddable":true,"href":"https:\/\/bigbuy.tupique.com\/es\/wp-json\/wp\/v2\/comments?post=161298"}],"wp:featuredmedia":[{"embeddable":true,"href":"https:\/\/bigbuy.tupique.com\/es\/wp-json\/wp\/v2\/media\/161288"}],"wp:attachment":[{"href":"https:\/\/bigbuy.tupique.com\/es\/wp-json\/wp\/v2\/media?parent=161298"}],"wp:term":[{"taxonomy":"product_brand","embeddable":true,"href":"https:\/\/bigbuy.tupique.com\/es\/wp-json\/wp\/v2\/product_brand?post=161298"},{"taxonomy":"product_cat","embeddable":true,"href":"https:\/\/bigbuy.tupique.com\/es\/wp-json\/wp\/v2\/product_cat?post=161298"},{"taxonomy":"product_tag","embeddable":true,"href":"https:\/\/bigbuy.tupique.com\/es\/wp-json\/wp\/v2\/product_tag?post=161298"}],"curies":[{"name":"wp","href":"https:\/\/api.w.org\/{rel}","templated":true}]}}