{"id":16114,"date":"2026-03-29T13:22:15","date_gmt":"2026-03-29T12:22:15","guid":{"rendered":"https:\/\/bigbuy.tupique.com\/produto\/switch-d-link-dgs-1250-28xmp-e\/"},"modified":"2026-04-15T00:14:38","modified_gmt":"2026-04-14T23:14:38","slug":"switch-d-link-dgs-1250-28xmp-e","status":"publish","type":"product","link":"https:\/\/bigbuy.tupique.com\/es\/produto\/switch-d-link-dgs-1250-28xmp-e\/","title":{"rendered":"Switch D-Link DGS-1250-28XMP\/E"},"content":{"rendered":"<p>Si vous \u00eates passionn\u00e9 d&#8217;<b>informatique et d&#8217;\u00e9lectronique<\/b>, si vous \u00eates \u00e0 la pointe de la technologie et qu&#8217;aucun d\u00e9tail ne vous \u00e9chappe, achetez <b>Switch D-Link DGS-1250-28XMP\/E<\/b> au meilleur prix.<\/p>\n<p>Le <b>DGS-1250-28XMP\/E<\/b> de <b>D-Link<\/b> est un <b>switch manageable<\/b> de couche 3 con\u00e7u pour les environnements professionnels et les r\u00e9seaux d\u2019entreprise n\u00e9cessitant haute performance et gestion avanc\u00e9e. Il dispose de <b>28 ports<\/b>, dont <b>24 ports RJ45 Gigabit Ethernet (10\/100\/1000 Mbps)<\/b> et est \u00e9quip\u00e9 d\u2019un <b>port PoE<\/b> compatible avec les normes <b>IEEE 802.3af et 802.3at<\/b>, permettant l\u2019alimentation directe des appareils compatibles comme les cam\u00e9ras ou t\u00e9l\u00e9phones IP via le m\u00eame c\u00e2ble r\u00e9seau, simplifiant ainsi l\u2019infrastructure. Cet appareil offre une <b>capacit\u00e9 de commutation de 128 Gbit\/s<\/b> et une large <b>table d\u2019adresses MAC de 16000 entr\u00e9es<\/b>, garantissant une gestion efficace du trafic et un support pour les r\u00e9seaux exigeants avec de multiples connexions simultan\u00e9es. Il est \u00e9quip\u00e9 de <b>2 Go de m\u00e9moire DDR3 SDRAM<\/b> pour un traitement rapide et stable, id\u00e9al pour assurer une faible latence et une haute fiabilit\u00e9 dans la transmission des donn\u00e9es. L\u2019alimentation accepte une large plage de tension, de <b>100 \u00e0 240 V<\/b>, facilitant son int\u00e9gration dans diff\u00e9rents environnements \u00e9lectriques. L\u2019appareil dispose d\u2019un port console RJ-45 pour une configuration avanc\u00e9e et supporte les communications bidirectionnelles en mode <b>full duplex<\/b>, optimisant le flux de donn\u00e9es. Son design robuste de couleur <b>noir<\/b> et son montage en rack permettent une installation facile dans les centres de donn\u00e9es ou salles de communication. En r\u00e9sum\u00e9, le <b>DGS-1250-28XMP\/E<\/b> est une solution r\u00e9seau fiable et flexible, adapt\u00e9e \u00e0 la gestion d\u2019infrastructures complexes n\u00e9cessitant efficacit\u00e9, support PoE et haute capacit\u00e9 de commutation.<\/p>\n<ul>\n<li>Produit \u00e0 brancher: Oui<\/li>\n<li>Type: Switch<\/li>\n<li>Type de prise: Prise EU<\/li>\n<li>Bloc d\u2019Alimentation: r\u00e9seau \u00e9lectrique<\/li>\n<li>Couleur: Noir<\/li>\n<li>Connexions:\n<ul>\n<li>RJ45<\/li>\n<li>RJ45 x 24<\/li>\n<li>PoE x 1<\/li>\n<\/ul>\n<\/li>\n<li>Tension: 100-240 V<\/li>\n<li>M\u00e9moire Flash: 64 MB<\/li>\n<li>Ports: 28<\/li>\n<li>Poids approx.: 1,6 kg<\/li>\n<\/ul>","protected":false},"excerpt":{"rendered":"<p>Si vous \u00eates passionn\u00e9 d&#8217;informatique et d&#8217;\u00e9lectronique, si vous \u00eates \u00e0 la pointe de la technologie et qu&#8217;aucun d\u00e9tail ne vous \u00e9chappe, achetez Switch D-Link DGS-1250-28XMP\/E au meilleur prix. Le DGS-1250-28XMP\/E de D-Link est un switch manageable de couche 3 con\u00e7u pour les environnements professionnels et les r\u00e9seaux d\u2019entreprise n\u00e9cessitant haute performance et gestion avanc\u00e9e. [&hellip;]<\/p>\n","protected":false},"featured_media":16112,"comment_status":"open","ping_status":"closed","template":"","meta":[],"product_brand":[640],"product_cat":[65,584,585],"product_tag":[106],"class_list":{"0":"post-16114","1":"product","2":"type-product","3":"status-publish","4":"has-post-thumbnail","6":"product_brand-brandp_543","7":"product_cat-informatique-electronique","8":"product_cat-informatique-reseaux-et-composants","9":"product_cat-switch","10":"product_tag-tag_1295","12":"first","13":"instock","14":"taxable","15":"shipping-taxable","16":"purchasable","17":"product-type-simple"},"_links":{"self":[{"href":"https:\/\/bigbuy.tupique.com\/es\/wp-json\/wp\/v2\/product\/16114","targetHints":{"allow":["GET"]}}],"collection":[{"href":"https:\/\/bigbuy.tupique.com\/es\/wp-json\/wp\/v2\/product"}],"about":[{"href":"https:\/\/bigbuy.tupique.com\/es\/wp-json\/wp\/v2\/types\/product"}],"replies":[{"embeddable":true,"href":"https:\/\/bigbuy.tupique.com\/es\/wp-json\/wp\/v2\/comments?post=16114"}],"wp:featuredmedia":[{"embeddable":true,"href":"https:\/\/bigbuy.tupique.com\/es\/wp-json\/wp\/v2\/media\/16112"}],"wp:attachment":[{"href":"https:\/\/bigbuy.tupique.com\/es\/wp-json\/wp\/v2\/media?parent=16114"}],"wp:term":[{"taxonomy":"product_brand","embeddable":true,"href":"https:\/\/bigbuy.tupique.com\/es\/wp-json\/wp\/v2\/product_brand?post=16114"},{"taxonomy":"product_cat","embeddable":true,"href":"https:\/\/bigbuy.tupique.com\/es\/wp-json\/wp\/v2\/product_cat?post=16114"},{"taxonomy":"product_tag","embeddable":true,"href":"https:\/\/bigbuy.tupique.com\/es\/wp-json\/wp\/v2\/product_tag?post=16114"}],"curies":[{"name":"wp","href":"https:\/\/api.w.org\/{rel}","templated":true}]}}